{"id":12278,"date":"2024-09-29T12:04:24","date_gmt":"2024-09-29T09:04:24","guid":{"rendered":"http:\/\/dostlukfilmfestivali.com\/?page_id=12278"},"modified":"2024-09-29T12:07:50","modified_gmt":"2024-09-29T09:07:50","slug":"screening-schedule-2024","status":"publish","type":"page","link":"http:\/\/dostlukfilmfestivali.com\/en\/screening-schedule-2024\/","title":{"rendered":"Screening Schedule 2024"},"content":{"rendered":"<p>[vc_row disable_element=&#8221;yes&#8221; el_id=&#8221;yillar-menu-row&#8221;][vc_column][vc_btn title=&#8221;2022&#8243; color=&#8221;juicy-pink&#8221; size=&#8221;lg&#8221; el_class=&#8221;yillar-menu secili&#8221; link=&#8221;url:%2Fen%2Fscreening-schedule-2022|title:Screening%20Schedule%202021||&#8221;][vc_btn title=&#8221;2021&#8243; color=&#8221;juicy-pink&#8221; size=&#8221;lg&#8221; el_class=&#8221;yillar-menu secili&#8221; link=&#8221;url:%2Fen%2Fscreening-schedule-2021%2F|title:Screening%20Schedule%202021||&#8221;][vc_btn title=&#8221;2020&#8243; color=&#8221;juicy-pink&#8221; size=&#8221;lg&#8221; el_class=&#8221;yillar-menu&#8221; link=&#8221;url:%2Fen%2Fscreening-schedule-2020%2F|title:Screening%20Schedule%202020||&#8221;][vc_btn title=&#8221;2019&#8243; color=&#8221;juicy-pink&#8221; size=&#8221;lg&#8221; el_class=&#8221;yillar-menu secili&#8221; link=&#8221;url:%2Fen%2Fscreening-schedule-2019%2F|title:Screening%20Schedule%202019||&#8221;][vc_btn title=&#8221;2018&#8243; color=&#8221;juicy-pink&#8221; size=&#8221;lg&#8221; el_class=&#8221;yillar-menu&#8221; link=&#8221;url:%2Fen%2Fscreening-schedule-2018%2F|title:Screening%20Schedule%202018||&#8221;][vc_text_separator title=&#8221;5. International K\u0131z\u0131lay Amity Short Film Festival&#8221; i_icon_fontawesome=&#8221;fa fa-podcast&#8221; i_color=&#8221;grey&#8221; i_size=&#8221;sm&#8221; add_icon=&#8221;true&#8221; el_class=&#8221;seperator-baslik-pembe&#8221;][\/vc_column][\/vc_row][vc_row el_id=&#8221;progtab-2021&#8243;][vc_column el_id=&#8221;progtab-2021&#8243;][vc_tta_tabs style=&#8221;modern&#8221; shape=&#8221;square&#8221; color=&#8221;black&#8221; active_section=&#8221;1&#8243; no_fill_content_area=&#8221;true&#8221; el_id=&#8221;progtab-2021&#8243;][vc_tta_section title=&#8221;PROGRAM BRO\u015e\u00dcR\u00dc&#8221; tab_id=&#8221;1544442241764-e9001ad9-bbc4&#8243;][vc_row_inner gap=&#8221;10&#8243;][vc_column_inner width=&#8221;1\/2&#8243; css=&#8221;.vc_custom_1638305690769{background-color: #a2efed !important;}&#8221;][vc_single_image image=&#8221;12252&#8243; img_size=&#8221;full&#8221;][\/vc_column_inner][vc_column_inner width=&#8221;1\/2&#8243; css=&#8221;.vc_custom_1638305809639{background-color: #a2efed !important;}&#8221;][vc_btn title=&#8221;Program bro\u015f\u00fcr\u00fcn\u00fc indir&#8221; color=&#8221;juicy-pink&#8221; size=&#8221;lg&#8221; i_icon_fontawesome=&#8221;fa fa-file-pdf-o&#8221; add_icon=&#8221;true&#8221; link=&#8221;url:http%3A%2F%2Fdostlukfilmfestivali.com%2Fwp-content%2Fuploads%2F2024%2F09%2FBROSUR.pdf||target:%20_blank|&#8221; el_class=&#8221;button-broshure&#8221;][\/vc_column_inner][\/vc_row_inner][\/vc_tta_section][vc_tta_section title=&#8221;3 OCTOBER 2024&#8243; tab_id=&#8221;1727600254379-cb1fc9d5-53a3&#8243;][vc_row_inner gap=&#8221;10&#8243;][vc_column_inner][vc_column_text]<img loading=\"lazy\" decoding=\"async\" class=\"alignnone wp-image-12254 size-full\" src=\"http:\/\/dostlukfilmfestivali.com\/wp-content\/uploads\/2024\/09\/3-EKIM.jpg\" alt=\"\" width=\"2250\" height=\"2250\" srcset=\"http:\/\/dostlukfilmfestivali.com\/wp-content\/uploads\/2024\/09\/3-EKIM.jpg 2250w, http:\/\/dostlukfilmfestivali.com\/wp-content\/uploads\/2024\/09\/3-EKIM-300x300.jpg 300w, http:\/\/dostlukfilmfestivali.com\/wp-content\/uploads\/2024\/09\/3-EKIM-1024x1024.jpg 1024w, http:\/\/dostlukfilmfestivali.com\/wp-content\/uploads\/2024\/09\/3-EKIM-150x150.jpg 150w, http:\/\/dostlukfilmfestivali.com\/wp-content\/uploads\/2024\/09\/3-EKIM-768x768.jpg 768w, http:\/\/dostlukfilmfestivali.com\/wp-content\/uploads\/2024\/09\/3-EKIM-1536x1536.jpg 1536w, http:\/\/dostlukfilmfestivali.com\/wp-content\/uploads\/2024\/09\/3-EKIM-2048x2048.jpg 2048w, http:\/\/dostlukfilmfestivali.com\/wp-content\/uploads\/2024\/09\/3-EKIM-500x500.jpg 500w, http:\/\/dostlukfilmfestivali.com\/wp-content\/uploads\/2024\/09\/3-EKIM-800x800.jpg 800w, http:\/\/dostlukfilmfestivali.com\/wp-content\/uploads\/2024\/09\/3-EKIM-1280x1280.jpg 1280w, http:\/\/dostlukfilmfestivali.com\/wp-content\/uploads\/2024\/09\/3-EKIM-1920x1920.jpg 1920w, http:\/\/dostlukfilmfestivali.com\/wp-content\/uploads\/2024\/09\/3-EKIM-320x320.jpg 320w, http:\/\/dostlukfilmfestivali.com\/wp-content\/uploads\/2024\/09\/3-EKIM-480x480.jpg 480w\" sizes=\"(max-width: 2250px) 100vw, 2250px\" \/>[\/vc_column_text][\/vc_column_inner][\/vc_row_inner][vc_row_inner][vc_column_inner][\/vc_column_inner][\/vc_row_inner][\/vc_tta_section][vc_tta_section title=&#8221;4 OCTOBER 2024&#8243; tab_id=&#8221;1671531419100-75ba5754-2ad7&#8243;][vc_row_inner gap=&#8221;10&#8243;][vc_column_inner][vc_column_text]<img loading=\"lazy\" decoding=\"async\" class=\"aligncenter wp-image-12256 size-large\" src=\"http:\/\/dostlukfilmfestivali.com\/wp-content\/uploads\/2024\/09\/4-EKIM-1024x1024.jpg\" alt=\"\" width=\"1024\" height=\"1024\" srcset=\"http:\/\/dostlukfilmfestivali.com\/wp-content\/uploads\/2024\/09\/4-EKIM-1024x1024.jpg 1024w, http:\/\/dostlukfilmfestivali.com\/wp-content\/uploads\/2024\/09\/4-EKIM-300x300.jpg 300w, http:\/\/dostlukfilmfestivali.com\/wp-content\/uploads\/2024\/09\/4-EKIM-150x150.jpg 150w, http:\/\/dostlukfilmfestivali.com\/wp-content\/uploads\/2024\/09\/4-EKIM-768x768.jpg 768w, http:\/\/dostlukfilmfestivali.com\/wp-content\/uploads\/2024\/09\/4-EKIM-1536x1536.jpg 1536w, http:\/\/dostlukfilmfestivali.com\/wp-content\/uploads\/2024\/09\/4-EKIM-2048x2048.jpg 2048w, http:\/\/dostlukfilmfestivali.com\/wp-content\/uploads\/2024\/09\/4-EKIM-500x500.jpg 500w, http:\/\/dostlukfilmfestivali.com\/wp-content\/uploads\/2024\/09\/4-EKIM-800x800.jpg 800w, http:\/\/dostlukfilmfestivali.com\/wp-content\/uploads\/2024\/09\/4-EKIM-1280x1280.jpg 1280w, http:\/\/dostlukfilmfestivali.com\/wp-content\/uploads\/2024\/09\/4-EKIM-1920x1920.jpg 1920w, http:\/\/dostlukfilmfestivali.com\/wp-content\/uploads\/2024\/09\/4-EKIM-320x320.jpg 320w, http:\/\/dostlukfilmfestivali.com\/wp-content\/uploads\/2024\/09\/4-EKIM-480x480.jpg 480w\" sizes=\"(max-width: 1024px) 100vw, 1024px\" \/>[\/vc_column_text][\/vc_column_inner][\/vc_row_inner][vc_row_inner][vc_column_inner][\/vc_column_inner][\/vc_row_inner][\/vc_tta_section][vc_tta_section title=&#8221;5 OCTOBER 2024&#8243; tab_id=&#8221;1727600362882-1b876e17-a199&#8243;][vc_row_inner gap=&#8221;10&#8243;][vc_column_inner][vc_column_text]<img loading=\"lazy\" decoding=\"async\" class=\"aligncenter wp-image-12258 size-large\" src=\"http:\/\/dostlukfilmfestivali.com\/wp-content\/uploads\/2024\/09\/5-EKIM-1024x1024.jpg\" alt=\"\" width=\"1024\" height=\"1024\" srcset=\"http:\/\/dostlukfilmfestivali.com\/wp-content\/uploads\/2024\/09\/5-EKIM-1024x1024.jpg 1024w, http:\/\/dostlukfilmfestivali.com\/wp-content\/uploads\/2024\/09\/5-EKIM-300x300.jpg 300w, http:\/\/dostlukfilmfestivali.com\/wp-content\/uploads\/2024\/09\/5-EKIM-150x150.jpg 150w, http:\/\/dostlukfilmfestivali.com\/wp-content\/uploads\/2024\/09\/5-EKIM-768x768.jpg 768w, http:\/\/dostlukfilmfestivali.com\/wp-content\/uploads\/2024\/09\/5-EKIM-1536x1536.jpg 1536w, http:\/\/dostlukfilmfestivali.com\/wp-content\/uploads\/2024\/09\/5-EKIM-2048x2048.jpg 2048w, http:\/\/dostlukfilmfestivali.com\/wp-content\/uploads\/2024\/09\/5-EKIM-500x500.jpg 500w, http:\/\/dostlukfilmfestivali.com\/wp-content\/uploads\/2024\/09\/5-EKIM-800x800.jpg 800w, http:\/\/dostlukfilmfestivali.com\/wp-content\/uploads\/2024\/09\/5-EKIM-1280x1280.jpg 1280w, http:\/\/dostlukfilmfestivali.com\/wp-content\/uploads\/2024\/09\/5-EKIM-1920x1920.jpg 1920w, http:\/\/dostlukfilmfestivali.com\/wp-content\/uploads\/2024\/09\/5-EKIM-320x320.jpg 320w, http:\/\/dostlukfilmfestivali.com\/wp-content\/uploads\/2024\/09\/5-EKIM-480x480.jpg 480w\" sizes=\"(max-width: 1024px) 100vw, 1024px\" \/>[\/vc_column_text][\/vc_column_inner][\/vc_row_inner][vc_row_inner][vc_column_inner][\/vc_column_inner][\/vc_row_inner][\/vc_tta_section][vc_tta_section title=&#8221;6 OCTOBER 2024&#8243; tab_id=&#8221;1727600405262-f6f861c6-d2c3&#8243;][vc_row_inner gap=&#8221;10&#8243;][vc_column_inner][vc_column_text]<img loading=\"lazy\" decoding=\"async\" class=\"aligncenter wp-image-12263 size-large\" src=\"http:\/\/dostlukfilmfestivali.com\/wp-content\/uploads\/2024\/09\/6-EKIM-1-1024x1024.jpg\" alt=\"\" width=\"1024\" height=\"1024\" srcset=\"http:\/\/dostlukfilmfestivali.com\/wp-content\/uploads\/2024\/09\/6-EKIM-1-1024x1024.jpg 1024w, http:\/\/dostlukfilmfestivali.com\/wp-content\/uploads\/2024\/09\/6-EKIM-1-300x300.jpg 300w, http:\/\/dostlukfilmfestivali.com\/wp-content\/uploads\/2024\/09\/6-EKIM-1-150x150.jpg 150w, http:\/\/dostlukfilmfestivali.com\/wp-content\/uploads\/2024\/09\/6-EKIM-1-768x768.jpg 768w, http:\/\/dostlukfilmfestivali.com\/wp-content\/uploads\/2024\/09\/6-EKIM-1-1536x1536.jpg 1536w, http:\/\/dostlukfilmfestivali.com\/wp-content\/uploads\/2024\/09\/6-EKIM-1-2048x2048.jpg 2048w, http:\/\/dostlukfilmfestivali.com\/wp-content\/uploads\/2024\/09\/6-EKIM-1-500x500.jpg 500w, http:\/\/dostlukfilmfestivali.com\/wp-content\/uploads\/2024\/09\/6-EKIM-1-800x800.jpg 800w, http:\/\/dostlukfilmfestivali.com\/wp-content\/uploads\/2024\/09\/6-EKIM-1-1280x1280.jpg 1280w, http:\/\/dostlukfilmfestivali.com\/wp-content\/uploads\/2024\/09\/6-EKIM-1-1920x1920.jpg 1920w, http:\/\/dostlukfilmfestivali.com\/wp-content\/uploads\/2024\/09\/6-EKIM-1-320x320.jpg 320w, http:\/\/dostlukfilmfestivali.com\/wp-content\/uploads\/2024\/09\/6-EKIM-1-480x480.jpg 480w\" sizes=\"(max-width: 1024px) 100vw, 1024px\" \/>[\/vc_column_text][\/vc_column_inner][\/vc_row_inner][vc_row_inner][vc_column_inner][\/vc_column_inner][\/vc_row_inner][\/vc_tta_section][vc_tta_section title=&#8221;LOCATIONS&#8221; tab_id=&#8221;1727600357565-498ceefa-0c32&#8243;][vc_row_inner gap=&#8221;10&#8243;][vc_column_inner width=&#8221;1\/2&#8243; css=&#8221;.vc_custom_1575890995756{padding-right: 60px !important;padding-left: 60px !important;}&#8221;][vc_text_separator title=&#8221;AKM YE\u015e\u0130L\u00c7AM SAHNES\u0130&#8221;][vc_column_text css=&#8221;.vc_custom_1727600486966{margin-top: 0px !important;border-top-width: 0px !important;padding-top: 0px !important;}&#8221;]<\/p>\n<p class=\"p-0\">Atat\u00fcrk K\u00fclt\u00fcr Merkezi, Kat: -3<br \/>\n34435, Beyo\u011flu\/\u0130stanbul<\/p>\n<p>[\/vc_column_text][vc_btn title=&#8221;Konumu g\u00f6ster&#8221; align=&#8221;center&#8221; i_icon_fontawesome=&#8221;fa fa-map-pin&#8221; button_block=&#8221;true&#8221; add_icon=&#8221;true&#8221; link=&#8221;url:https%3A%2F%2Fmaps.app.goo.gl%2FuPnxpcQiWYwfqXDAA||target:%20_blank|&#8221;][\/vc_column_inner][vc_column_inner width=&#8221;1\/2&#8243; css=&#8221;.vc_custom_1575891003722{padding-right: 60px !important;padding-left: 60px !important;}&#8221;][vc_text_separator title=&#8221;AKM T\u0130YATRO SALONU&#8221;][vc_column_text css=&#8221;.vc_custom_1727600636324{margin-top: 0px !important;border-top-width: 0px !important;padding-top: 0px !important;}&#8221;]<\/p>\n<p class=\"p-0\">Atat\u00fcrk K\u00fclt\u00fcr Merkezi<br \/>\n34435, Beyo\u011flu\/\u0130stanbul<\/p>\n<p>[\/vc_column_text][vc_btn title=&#8221;Konumu g\u00f6ster&#8221; align=&#8221;center&#8221; i_icon_fontawesome=&#8221;fa fa-map-pin&#8221; button_block=&#8221;true&#8221; add_icon=&#8221;true&#8221; link=&#8221;url:https%3A%2F%2Fmaps.app.goo.gl%2FuPnxpcQiWYwfqXDAA||target:%20_blank|&#8221;][\/vc_column_inner][\/vc_row_inner][vc_row_inner gap=&#8221;10&#8243;][vc_column_inner css=&#8221;.vc_custom_1575890995756{padding-right: 60px !important;padding-left: 60px !important;}&#8221;][vc_separator border_width=&#8221;5&#8243;][\/vc_column_inner][\/vc_row_inner][vc_row_inner gap=&#8221;10&#8243;][vc_column_inner width=&#8221;1\/2&#8243; css=&#8221;.vc_custom_1575891213140{padding-right: 60px !important;padding-left: 60px !important;}&#8221;][vc_text_separator title=&#8221;GRAND PERA EMEK SAHNES\u0130&#8221;][vc_column_text css=&#8221;.vc_custom_1727600682693{margin-top: 0px !important;border-top-width: 0px !important;padding-top: 0px !important;}&#8221;]H\u00fcseyina\u011fa, \u0130stiklal Caddesi, No: 56\/58<br \/>\n34435 Beyo\u011flu \/ \u0130stanbu[\/vc_column_text][vc_btn title=&#8221;Konumu g\u00f6ster&#8221; align=&#8221;center&#8221; i_icon_fontawesome=&#8221;fa fa-map-pin&#8221; button_block=&#8221;true&#8221; add_icon=&#8221;true&#8221; link=&#8221;url:https%3A%2F%2Fmaps.app.goo.gl%2FaSCyXCKBuiGhGYeFA||target:%20_blank|&#8221;][\/vc_column_inner][vc_column_inner width=&#8221;1\/2&#8243; css=&#8221;.vc_custom_1575891207402{padding-right: 60px !important;padding-left: 60px !important;}&#8221;][vc_text_separator title=&#8221;RAM\u0130 K\u00dcT\u00dcPHANES\u0130&#8221;][vc_column_text css=&#8221;.vc_custom_1727600769014{margin-top: 0px !important;border-top-width: 0px !important;padding-top: 0px !important;}&#8221;]Yeni Rami Mahallesi, Rami K\u0131\u015fla Caddesi,<br \/>\nNo: 98\/1, 34055, Ey\u00fcpsultan\/\u0130stanbul[\/vc_column_text][vc_btn title=&#8221;Konumu g\u00f6ster&#8221; align=&#8221;center&#8221; i_icon_fontawesome=&#8221;fa fa-map-pin&#8221; button_block=&#8221;true&#8221; add_icon=&#8221;true&#8221; link=&#8221;url:https%3A%2F%2Fmaps.app.goo.gl%2FNoGrhJUJCFRaGx457||target:%20_blank|&#8221;][\/vc_column_inner][\/vc_row_inner][vc_row_inner gap=&#8221;10&#8243;][vc_column_inner css=&#8221;.vc_custom_1575890995756{padding-right: 60px !important;padding-left: 60px !important;}&#8221;][vc_separator border_width=&#8221;5&#8243;][\/vc_column_inner][\/vc_row_inner][vc_row_inner gap=&#8221;10&#8243;][vc_column_inner width=&#8221;1\/2&#8243; css=&#8221;.vc_custom_1575891213140{padding-right: 60px !important;padding-left: 60px !important;}&#8221;][vc_text_separator title=&#8221;ZEYT\u0130NBURNU K\u00dcLT\u00dcR SANAT MERKEZ\u0130&#8221;][vc_column_text css=&#8221;.vc_custom_1575891288529{margin-top: 0px !important;border-top-width: 0px !important;padding-top: 0px !important;}&#8221;]<\/p>\n<p class=\"p1\">Adres: Semiha \u015eakir Caddesi 15 Temmuz Meydan\u0131<br \/>\nZeytinburnu \/ \u0130stanbul<br \/>\nTel.: (0212) 415 58 58<\/p>\n<p>[\/vc_column_text][vc_btn title=&#8221;Konumu g\u00f6ster&#8221; align=&#8221;center&#8221; i_icon_fontawesome=&#8221;fa fa-map-pin&#8221; button_block=&#8221;true&#8221; add_icon=&#8221;true&#8221; link=&#8221;url:https%3A%2F%2Fgoo.gl%2Fmaps%2FFL8hqYtAEmmgr6sn8||target:%20_blank|&#8221;][\/vc_column_inner][vc_column_inner width=&#8221;1\/2&#8243; css=&#8221;.vc_custom_1575891207402{padding-right: 60px !important;padding-left: 60px !important;}&#8221;][\/vc_column_inner][\/vc_row_inner][\/vc_tta_section][\/vc_tta_tabs][\/vc_column][\/vc_row]<\/p>\n","protected":false},"excerpt":{"rendered":"<p>[vc_row disable_element=&#8221;yes&#8221; el_id=&#8221;yillar-menu-row&#8221;][vc_column][vc_btn title=&#8221;2022&#8243; color=&#8221;juicy-pink&#8221; size=&#8221;lg&#8221; el_class=&#8221;yillar-menu secili&#8221; link=&#8221;url:%2Fen%2Fscreening-schedule-2022|title:Screening%20Schedule%202021||&#8221;][vc_btn title=&#8221;2021&#8243; color=&#8221;juicy-pink&#8221; size=&#8221;lg&#8221; el_class=&#8221;yillar-menu secili&#8221; link=&#8221;url:%2Fen%2Fscreening-schedule-2021%2F|title:Screening%20Schedule%202021||&#8221;][vc_btn title=&#8221;2020&#8243; color=&#8221;juicy-pink&#8221; size=&#8221;lg&#8221; el_class=&#8221;yillar-menu&#8221; link=&#8221;url:%2Fen%2Fscreening-schedule-2020%2F|title:Screening%20Schedule%202020||&#8221;][vc_btn title=&#8221;2019&#8243; color=&#8221;juicy-pink&#8221; size=&#8221;lg&#8221; el_class=&#8221;yillar-menu secili&#8221; link=&#8221;url:%2Fen%2Fscreening-schedule-2019%2F|title:Screening%20Schedule%202019||&#8221;][vc_btn title=&#8221;2018&#8243; color=&#8221;juicy-pink&#8221; size=&#8221;lg&#8221; el_class=&#8221;yillar-menu&#8221; link=&#8221;url:%2Fen%2Fscreening-schedule-2018%2F|title:Screening%20Schedule%202018||&#8221;][vc_text_separator title=&#8221;5. International K\u0131z\u0131lay Amity Short Film Festival&#8221; i_icon_fontawesome=&#8221;fa fa-podcast&#8221; i_color=&#8221;grey&#8221; i_size=&#8221;sm&#8221; add_icon=&#8221;true&#8221; el_class=&#8221;seperator-baslik-pembe&#8221;][\/vc_column][\/vc_row][vc_row el_id=&#8221;progtab-2021&#8243;][vc_column el_id=&#8221;progtab-2021&#8243;][vc_tta_tabs style=&#8221;modern&#8221; shape=&#8221;square&#8221; color=&#8221;black&#8221; active_section=&#8221;1&#8243; no_fill_content_area=&#8221;true&#8221; el_id=&#8221;progtab-2021&#8243;][vc_tta_section title=&#8221;PROGRAM BRO\u015e\u00dcR\u00dc&#8221; tab_id=&#8221;1544442241764-e9001ad9-bbc4&#8243;][vc_row_inner&#8230;<\/p>\n","protected":false},"author":1,"featured_media":0,"parent":0,"menu_order":0,"comment_status":"closed","ping_status":"closed","template":"page-fullcontent.php","meta":{"footnotes":""},"class_list":["post-12278","page","type-page","status-publish","hentry"],"_links":{"self":[{"href":"http:\/\/dostlukfilmfestivali.com\/en\/wp-json\/wp\/v2\/pages\/12278"}],"collection":[{"href":"http:\/\/dostlukfilmfestivali.com\/en\/wp-json\/wp\/v2\/pages"}],"about":[{"href":"http:\/\/dostlukfilmfestivali.com\/en\/wp-json\/wp\/v2\/types\/page"}],"author":[{"embeddable":true,"href":"http:\/\/dostlukfilmfestivali.com\/en\/wp-json\/wp\/v2\/users\/1"}],"replies":[{"embeddable":true,"href":"http:\/\/dostlukfilmfestivali.com\/en\/wp-json\/wp\/v2\/comments?post=12278"}],"version-history":[{"count":3,"href":"http:\/\/dostlukfilmfestivali.com\/en\/wp-json\/wp\/v2\/pages\/12278\/revisions"}],"predecessor-version":[{"id":12285,"href":"http:\/\/dostlukfilmfestivali.com\/en\/wp-json\/wp\/v2\/pages\/12278\/revisions\/12285"}],"wp:attachment":[{"href":"http:\/\/dostlukfilmfestivali.com\/en\/wp-json\/wp\/v2\/media?parent=12278"}],"curies":[{"name":"wp","href":"https:\/\/api.w.org\/{rel}","templated":true}]}}