{"id":12337,"date":"2024-10-07T21:07:59","date_gmt":"2024-10-07T18:07:59","guid":{"rendered":"http:\/\/dostlukfilmfestivali.com\/?page_id=12337"},"modified":"2024-10-07T21:20:36","modified_gmt":"2024-10-07T18:20:36","slug":"awarded-films-2024","status":"publish","type":"page","link":"http:\/\/dostlukfilmfestivali.com\/en\/awarded-films-2024\/","title":{"rendered":"Awarded Films 2024"},"content":{"rendered":"<p>[vc_row el_id=&#8221;yillar-menu-row&#8221;][vc_column][vc_btn title=&#8221;2024&#8243; color=&#8221;juicy-pink&#8221; size=&#8221;lg&#8221; el_class=&#8221;yillar-menu secili&#8221; link=&#8221;url:http%3A%2F%2Fdostlukfilmfestivali.com%2Fen%2Fawarded-films-2024%2F|title:Awarded%20Films%202024||&#8221;][vc_btn title=&#8221;2022&#8243; color=&#8221;juicy-pink&#8221; size=&#8221;lg&#8221; el_class=&#8221;yillar-menu secili&#8221; link=&#8221;url:http%3A%2F%2Fdostlukfilmfestivali.com%2Fen%2Fawarded-films-2022%2F|title:Awarded%20Films%202022||&#8221;][vc_btn title=&#8221;2021&#8243; color=&#8221;juicy-pink&#8221; size=&#8221;lg&#8221; el_class=&#8221;yillar-menu secili&#8221; link=&#8221;url:http%3A%2F%2Fdostlukfilmfestivali.com%2Fen%2Fawarded-films-2021%2F|title:Awarded%20Films%202021||&#8221;][vc_btn title=&#8221;2020&#8243; color=&#8221;juicy-pink&#8221; size=&#8221;lg&#8221; el_class=&#8221;yillar-menu&#8221; link=&#8221;url:%2Fen%2Fawarded-films-2020%2F|title:Awarded%20Films%202020||&#8221;][vc_btn title=&#8221;2019&#8243; color=&#8221;juicy-pink&#8221; size=&#8221;lg&#8221; el_class=&#8221;yillar-menu&#8221; link=&#8221;url:%2Fen%2Fawarded-films-2019%2F|title:Awarded%20Films%202019||&#8221;][vc_btn title=&#8221;2018&#8243; color=&#8221;juicy-pink&#8221; size=&#8221;lg&#8221; el_class=&#8221;yillar-menu&#8221; link=&#8221;url:%2Fen%2Fawarded-films-2018%2F|title:Awarded%20Films%202018||&#8221;][vc_text_separator title=&#8221;VI. International Amity Short Film Festival&#8221; i_icon_fontawesome=&#8221;fa fa-podcast&#8221; i_color=&#8221;grey&#8221; i_size=&#8221;sm&#8221; add_icon=&#8221;true&#8221; el_class=&#8221;seperator-baslik-pembe&#8221;][\/vc_column][\/vc_row][vc_row][vc_column][gather_images_gallery galleryimgs=&#8221;12324,12329,12328,12327,12325&#8243; show_loadmore=&#8221;no&#8221; spacing=&#8221;medium&#8221; show_filter=&#8221;no&#8221;][\/vc_column][\/vc_row][vc_row disable_element=&#8221;yes&#8221;][vc_column][vc_column_text]Hen\u00fcz a\u00e7\u0131klanmam\u0131\u015ft\u0131r.[\/vc_column_text][\/vc_column][\/vc_row]<\/p>\n","protected":false},"excerpt":{"rendered":"<p>[vc_row el_id=&#8221;yillar-menu-row&#8221;][vc_column][vc_btn title=&#8221;2024&#8243; color=&#8221;juicy-pink&#8221; size=&#8221;lg&#8221; el_class=&#8221;yillar-menu secili&#8221; link=&#8221;url:http%3A%2F%2Fdostlukfilmfestivali.com%2Fen%2Fawarded-films-2024%2F|title:Awarded%20Films%202024||&#8221;][vc_btn title=&#8221;2022&#8243; color=&#8221;juicy-pink&#8221; size=&#8221;lg&#8221; el_class=&#8221;yillar-menu secili&#8221; link=&#8221;url:http%3A%2F%2Fdostlukfilmfestivali.com%2Fen%2Fawarded-films-2022%2F|title:Awarded%20Films%202022||&#8221;][vc_btn title=&#8221;2021&#8243; color=&#8221;juicy-pink&#8221; size=&#8221;lg&#8221; el_class=&#8221;yillar-menu secili&#8221; link=&#8221;url:http%3A%2F%2Fdostlukfilmfestivali.com%2Fen%2Fawarded-films-2021%2F|title:Awarded%20Films%202021||&#8221;][vc_btn title=&#8221;2020&#8243; color=&#8221;juicy-pink&#8221; size=&#8221;lg&#8221; el_class=&#8221;yillar-menu&#8221; link=&#8221;url:%2Fen%2Fawarded-films-2020%2F|title:Awarded%20Films%202020||&#8221;][vc_btn title=&#8221;2019&#8243; color=&#8221;juicy-pink&#8221; size=&#8221;lg&#8221; el_class=&#8221;yillar-menu&#8221; link=&#8221;url:%2Fen%2Fawarded-films-2019%2F|title:Awarded%20Films%202019||&#8221;][vc_btn title=&#8221;2018&#8243; color=&#8221;juicy-pink&#8221; size=&#8221;lg&#8221; el_class=&#8221;yillar-menu&#8221; link=&#8221;url:%2Fen%2Fawarded-films-2018%2F|title:Awarded%20Films%202018||&#8221;][vc_text_separator title=&#8221;VI. International Amity Short Film Festival&#8221; i_icon_fontawesome=&#8221;fa fa-podcast&#8221; i_color=&#8221;grey&#8221; i_size=&#8221;sm&#8221; add_icon=&#8221;true&#8221; el_class=&#8221;seperator-baslik-pembe&#8221;][\/vc_column][\/vc_row][vc_row][vc_column][gather_images_gallery galleryimgs=&#8221;12324,12329,12328,12327,12325&#8243; show_loadmore=&#8221;no&#8221; spacing=&#8221;medium&#8221; show_filter=&#8221;no&#8221;][\/vc_column][\/vc_row][vc_row disable_element=&#8221;yes&#8221;][vc_column][vc_column_text]Hen\u00fcz a\u00e7\u0131klanmam\u0131\u015ft\u0131r.[\/vc_column_text][\/vc_column][\/vc_row]<\/p>\n","protected":false},"author":1,"featured_media":0,"parent":0,"menu_order":0,"comment_status":"closed","ping_status":"closed","template":"page-fullcontent.php","meta":{"footnotes":""},"class_list":["post-12337","page","type-page","status-publish","hentry"],"_links":{"self":[{"href":"http:\/\/dostlukfilmfestivali.com\/en\/wp-json\/wp\/v2\/pages\/12337"}],"collection":[{"href":"http:\/\/dostlukfilmfestivali.com\/en\/wp-json\/wp\/v2\/pages"}],"about":[{"href":"http:\/\/dostlukfilmfestivali.com\/en\/wp-json\/wp\/v2\/types\/page"}],"author":[{"embeddable":true,"href":"http:\/\/dostlukfilmfestivali.com\/en\/wp-json\/wp\/v2\/users\/1"}],"replies":[{"embeddable":true,"href":"http:\/\/dostlukfilmfestivali.com\/en\/wp-json\/wp\/v2\/comments?post=12337"}],"version-history":[{"count":2,"href":"http:\/\/dostlukfilmfestivali.com\/en\/wp-json\/wp\/v2\/pages\/12337\/revisions"}],"predecessor-version":[{"id":12344,"href":"http:\/\/dostlukfilmfestivali.com\/en\/wp-json\/wp\/v2\/pages\/12337\/revisions\/12344"}],"wp:attachment":[{"href":"http:\/\/dostlukfilmfestivali.com\/en\/wp-json\/wp\/v2\/media?parent=12337"}],"curies":[{"name":"wp","href":"https:\/\/api.w.org\/{rel}","templated":true}]}}