{"id":2978,"date":"2018-06-08T11:04:28","date_gmt":"2018-06-08T08:04:28","guid":{"rendered":"http:\/\/dostlukfilmfestivali.com\/demo1\/juri\/"},"modified":"2024-08-06T20:13:03","modified_gmt":"2024-08-06T17:13:03","slug":"jury-2018","status":"publish","type":"page","link":"http:\/\/dostlukfilmfestivali.com\/en\/jury-2018\/","title":{"rendered":"Jury 2018"},"content":{"rendered":"<p>[vc_row el_id=&#8221;yillar-menu-row&#8221;][vc_column][vc_btn title=&#8221;2024&#8243; color=&#8221;juicy-pink&#8221; size=&#8221;lg&#8221; el_class=&#8221;yillar-menu&#8221; link=&#8221;url:http%3A%2F%2Fdostlukfilmfestivali.com%2Fen%2Fjury-2024%2F|title:Jury%202024||&#8221;][vc_btn title=&#8221;2022&#8243; color=&#8221;juicy-pink&#8221; size=&#8221;lg&#8221; el_class=&#8221;yillar-menu&#8221; link=&#8221;url:https%3A%2F%2Fdostlukfilmfestivali.com%2Fen%2Fjury-2022%2F|title:Jury%202022||&#8221;][vc_btn title=&#8221;2021&#8243; color=&#8221;juicy-pink&#8221; size=&#8221;lg&#8221; el_class=&#8221;yillar-menu&#8221; link=&#8221;url:%2Fen%2Fjury-2021|||&#8221;][vc_btn title=&#8221;2020&#8243; color=&#8221;juicy-pink&#8221; size=&#8221;lg&#8221; el_class=&#8221;yillar-menu&#8221; link=&#8221;url:http%3A%2F%2Fdostlukfilmfestivali.com%2Fen%2Fjuri-2020%2F|||&#8221;][vc_btn title=&#8221;2019&#8243; color=&#8221;juicy-pink&#8221; size=&#8221;lg&#8221; el_class=&#8221;yillar-menu&#8221; link=&#8221;url:http%3A%2F%2Fdostlukfilmfestivali.com%2Fen%2Fjuri-2019%2F|||&#8221;][vc_btn title=&#8221;2018&#8243; color=&#8221;juicy-pink&#8221; size=&#8221;lg&#8221; el_class=&#8221;yillar-menu secili&#8221; link=&#8221;url:%23|||&#8221;][\/vc_column][\/vc_row][vc_row][vc_column][vc_empty_space height=&#8221;70px&#8221;][\/vc_column][\/vc_row][vc_row][vc_column width=&#8221;1\/3&#8243;][vc_single_image image=&#8221;4471&#8243; img_size=&#8221;300&#215;400&#8243; alignment=&#8221;center&#8221; style=&#8221;vc_box_rounded&#8221;][vc_custom_heading text=&#8221;Jury President&#8221; font_container=&#8221;tag:h6|text_align:center&#8221; google_fonts=&#8221;font_family:Roboto%3A100%2C100italic%2C300%2C300italic%2Cregular%2Citalic%2C500%2C500italic%2C700%2C700italic%2C900%2C900italic|font_style:500%20bold%20regular%3A500%3Anormal&#8221;][vc_btn title=&#8221;Y\u00fcksel Aksu&#8221; color=&#8221;primary&#8221; align=&#8221;center&#8221; i_icon_fontawesome=&#8221;fa fa-address-card-o&#8221; button_block=&#8221;true&#8221; add_icon=&#8221;true&#8221; link=&#8221;url:http%3A%2F%2Fdostlukfilmfestivali.com%2Fyuksel-aksu%2F|||&#8221;][\/vc_column][vc_column width=&#8221;1\/3&#8243;][vc_single_image image=&#8221;4767&#8243; img_size=&#8221;300X400&#8243; alignment=&#8221;center&#8221; style=&#8221;vc_box_rounded&#8221;][vc_custom_heading text=&#8221;Jury Member&#8221; font_container=&#8221;tag:h6|text_align:center&#8221; google_fonts=&#8221;font_family:Roboto%3A100%2C100italic%2C300%2C300italic%2Cregular%2Citalic%2C500%2C500italic%2C700%2C700italic%2C900%2C900italic|font_style:500%20bold%20regular%3A500%3Anormal&#8221;][vc_btn title=&#8221;Najwa Najjar&#8221; color=&#8221;primary&#8221; align=&#8221;center&#8221; i_icon_fontawesome=&#8221;fa fa-id-card-o&#8221; button_block=&#8221;true&#8221; add_icon=&#8221;true&#8221; link=&#8221;url:http%3A%2F%2Fdostlukfilmfestivali.com%2Fnajwa-najjar%2F|||&#8221;][\/vc_column][vc_column width=&#8221;1\/3&#8243;][vc_single_image image=&#8221;4812&#8243; img_size=&#8221;300X400&#8243; alignment=&#8221;center&#8221; style=&#8221;vc_box_rounded&#8221;][vc_custom_heading text=&#8221;Jury Member&#8221; font_container=&#8221;tag:h6|text_align:center&#8221; google_fonts=&#8221;font_family:Roboto%3A100%2C100italic%2C300%2C300italic%2Cregular%2Citalic%2C500%2C500italic%2C700%2C700italic%2C900%2C900italic|font_style:500%20bold%20regular%3A500%3Anormal&#8221;][vc_btn title=&#8221;Tevfik Ba\u015fer&#8221; color=&#8221;primary&#8221; align=&#8221;center&#8221; i_icon_fontawesome=&#8221;fa fa-address-card-o&#8221; button_block=&#8221;true&#8221; add_icon=&#8221;true&#8221; link=&#8221;url:http%3A%2F%2Fdostlukfilmfestivali.com%2Ftevfik-baser%2F|||&#8221;][\/vc_column][\/vc_row][vc_row][vc_column][vc_empty_space height=&#8221;70px&#8221;][\/vc_column][\/vc_row][vc_row][vc_column width=&#8221;1\/3&#8243;][vc_single_image image=&#8221;4664&#8243; img_size=&#8221;300X400&#8243; alignment=&#8221;center&#8221; style=&#8221;vc_box_rounded&#8221;][vc_custom_heading text=&#8221;Jury Member&#8221; font_container=&#8221;tag:h6|text_align:center&#8221; google_fonts=&#8221;font_family:Roboto%3A100%2C100italic%2C300%2C300italic%2Cregular%2Citalic%2C500%2C500italic%2C700%2C700italic%2C900%2C900italic|font_style:500%20bold%20regular%3A500%3Anormal&#8221; link=&#8221;url:http%3A%2F%2Fdostlukfilmfestivali.com%2Fkamal-tabrizi%2F|||&#8221;][vc_btn title=&#8221;Kamal Tabrizi&#8221; color=&#8221;primary&#8221; align=&#8221;center&#8221; i_icon_fontawesome=&#8221;fa fa-address-card-o&#8221; button_block=&#8221;true&#8221; add_icon=&#8221;true&#8221; link=&#8221;url:http%3A%2F%2Fdostlukfilmfestivali.com%2Fkamal-tabrizi%2F|||&#8221;][\/vc_column][vc_column width=&#8221;1\/3&#8243;][vc_single_image image=&#8221;4793&#8243; img_size=&#8221;300X400&#8243; alignment=&#8221;center&#8221; style=&#8221;vc_box_rounded&#8221;][vc_custom_heading text=&#8221;Jury Member&#8221; font_container=&#8221;tag:h6|text_align:center&#8221; google_fonts=&#8221;font_family:Roboto%3A100%2C100italic%2C300%2C300italic%2Cregular%2Citalic%2C500%2C500italic%2C700%2C700italic%2C900%2C900italic|font_style:500%20bold%20regular%3A500%3Anormal&#8221;][vc_btn title=&#8221;Sezin Akba\u015fo\u011fullar\u0131&#8221; color=&#8221;primary&#8221; align=&#8221;center&#8221; i_icon_fontawesome=&#8221;fa fa-address-card-o&#8221; button_block=&#8221;true&#8221; add_icon=&#8221;true&#8221; link=&#8221;url:http%3A%2F%2Fdostlukfilmfestivali.com%2Fsezin-akbasogullari%2F|||&#8221;][\/vc_column][vc_column width=&#8221;1\/3&#8243;][\/vc_column][\/vc_row]<\/p>\n","protected":false},"excerpt":{"rendered":"<p>[vc_row el_id=&#8221;yillar-menu-row&#8221;][vc_column][vc_btn title=&#8221;2024&#8243; color=&#8221;juicy-pink&#8221; size=&#8221;lg&#8221; el_class=&#8221;yillar-menu&#8221; link=&#8221;url:http%3A%2F%2Fdostlukfilmfestivali.com%2Fen%2Fjury-2024%2F|title:Jury%202024||&#8221;][vc_btn title=&#8221;2022&#8243; color=&#8221;juicy-pink&#8221; size=&#8221;lg&#8221; el_class=&#8221;yillar-menu&#8221; link=&#8221;url:https%3A%2F%2Fdostlukfilmfestivali.com%2Fen%2Fjury-2022%2F|title:Jury%202022||&#8221;][vc_btn title=&#8221;2021&#8243; color=&#8221;juicy-pink&#8221; size=&#8221;lg&#8221; el_class=&#8221;yillar-menu&#8221; link=&#8221;url:%2Fen%2Fjury-2021|||&#8221;][vc_btn title=&#8221;2020&#8243; color=&#8221;juicy-pink&#8221; size=&#8221;lg&#8221; el_class=&#8221;yillar-menu&#8221; link=&#8221;url:http%3A%2F%2Fdostlukfilmfestivali.com%2Fen%2Fjuri-2020%2F|||&#8221;][vc_btn title=&#8221;2019&#8243; color=&#8221;juicy-pink&#8221; size=&#8221;lg&#8221; el_class=&#8221;yillar-menu&#8221; link=&#8221;url:http%3A%2F%2Fdostlukfilmfestivali.com%2Fen%2Fjuri-2019%2F|||&#8221;][vc_btn title=&#8221;2018&#8243; color=&#8221;juicy-pink&#8221; size=&#8221;lg&#8221; el_class=&#8221;yillar-menu secili&#8221; link=&#8221;url:%23|||&#8221;][\/vc_column][\/vc_row][vc_row][vc_column][vc_empty_space height=&#8221;70px&#8221;][\/vc_column][\/vc_row][vc_row][vc_column width=&#8221;1\/3&#8243;][vc_single_image image=&#8221;4471&#8243; img_size=&#8221;300&#215;400&#8243; alignment=&#8221;center&#8221; style=&#8221;vc_box_rounded&#8221;][vc_custom_heading text=&#8221;Jury President&#8221; font_container=&#8221;tag:h6|text_align:center&#8221; google_fonts=&#8221;font_family:Roboto%3A100%2C100italic%2C300%2C300italic%2Cregular%2Citalic%2C500%2C500italic%2C700%2C700italic%2C900%2C900italic|font_style:500%20bold%20regular%3A500%3Anormal&#8221;][vc_btn title=&#8221;Y\u00fcksel Aksu&#8221; color=&#8221;primary&#8221; align=&#8221;center&#8221; i_icon_fontawesome=&#8221;fa fa-address-card-o&#8221; button_block=&#8221;true&#8221; add_icon=&#8221;true&#8221; link=&#8221;url:http%3A%2F%2Fdostlukfilmfestivali.com%2Fyuksel-aksu%2F|||&#8221;][\/vc_column][vc_column width=&#8221;1\/3&#8243;][vc_single_image image=&#8221;4767&#8243; img_size=&#8221;300X400&#8243;&#8230;<\/p>\n","protected":false},"author":1,"featured_media":0,"parent":0,"menu_order":0,"comment_status":"closed","ping_status":"closed","template":"page-fullcontent.php","meta":{"footnotes":""},"class_list":["post-2978","page","type-page","status-publish","hentry"],"_links":{"self":[{"href":"http:\/\/dostlukfilmfestivali.com\/en\/wp-json\/wp\/v2\/pages\/2978"}],"collection":[{"href":"http:\/\/dostlukfilmfestivali.com\/en\/wp-json\/wp\/v2\/pages"}],"about":[{"href":"http:\/\/dostlukfilmfestivali.com\/en\/wp-json\/wp\/v2\/types\/page"}],"author":[{"embeddable":true,"href":"http:\/\/dostlukfilmfestivali.com\/en\/wp-json\/wp\/v2\/users\/1"}],"replies":[{"embeddable":true,"href":"http:\/\/dostlukfilmfestivali.com\/en\/wp-json\/wp\/v2\/comments?post=2978"}],"version-history":[{"count":14,"href":"http:\/\/dostlukfilmfestivali.com\/en\/wp-json\/wp\/v2\/pages\/2978\/revisions"}],"predecessor-version":[{"id":11665,"href":"http:\/\/dostlukfilmfestivali.com\/en\/wp-json\/wp\/v2\/pages\/2978\/revisions\/11665"}],"wp:attachment":[{"href":"http:\/\/dostlukfilmfestivali.com\/en\/wp-json\/wp\/v2\/media?parent=2978"}],"curies":[{"name":"wp","href":"https:\/\/api.w.org\/{rel}","templated":true}]}}