{"id":5747,"date":"2019-11-13T13:47:47","date_gmt":"2019-11-13T10:47:47","guid":{"rendered":"http:\/\/dostlukfilmfestivali.com\/?page_id=5747"},"modified":"2024-08-06T22:06:30","modified_gmt":"2024-08-06T19:06:30","slug":"asik-veysel-satiroglu","status":"publish","type":"page","link":"http:\/\/dostlukfilmfestivali.com\/en\/asik-veysel-satiroglu\/","title":{"rendered":"\u00c2\u015f\u0131k Veysel \u015eat\u0131ro\u011flu (1894-1973)"},"content":{"rendered":"<p>[vc_row el_id=&#8221;yillar-menu-row&#8221;][vc_column][vc_btn title=&#8221;2024: Mahmoud Darwish&#8221; color=&#8221;juicy-pink&#8221; size=&#8221;lg&#8221; el_class=&#8221;yillar-menu&#8221; link=&#8221;url:http%3A%2F%2Fdostlukfilmfestivali.com%2Fen%2Fmahmud-dervis%2F|title:%20||&#8221;][vc_btn title=&#8221;2022: Ne\u015fat Erta\u015f&#8221; color=&#8221;juicy-pink&#8221; size=&#8221;lg&#8221; el_class=&#8221;yillar-menu&#8221; link=&#8221;url:https%3A%2F%2Fdostlukfilmfestivali.com%2Fen%2Fnesat-ertas%2F|title:%20||&#8221;][vc_btn title=&#8221;2021: Haji Bektash Veli&#8221; color=&#8221;juicy-pink&#8221; size=&#8221;lg&#8221; el_class=&#8221;yillar-menu&#8221; link=&#8221;url:https%3A%2F%2Fdostlukfilmfestivali.com%2Fen%2Fhaci-bektas-veli-2021%2F|title:Haji%20Bektash%20Veli||&#8221;][vc_btn title=&#8221;2020: Yunus Emre&#8221; color=&#8221;juicy-pink&#8221; size=&#8221;lg&#8221; el_class=&#8221;yillar-menu&#8221; link=&#8221;url:http%3A%2F%2Fdostlukfilmfestivali.com%2Fen%2Fyunus-emre%2F|||&#8221;][vc_btn title=&#8221;2019: \u00c2\u015f\u0131k Veysel \u015eat\u0131ro\u011flu&#8221; color=&#8221;juicy-pink&#8221; size=&#8221;lg&#8221; el_class=&#8221;yillar-menu secili&#8221; link=&#8221;url:%23|||&#8221;][vc_btn title=&#8221;2018: Fethi Gemuhluo\u011flu&#8221; color=&#8221;juicy-pink&#8221; size=&#8221;lg&#8221; el_class=&#8221;yillar-menu&#8221; link=&#8221;url:http%3A%2F%2Fdostlukfilmfestivali.com%2Fen%2Ffethi-gemuhluoglu%2F|||&#8221;][vc_text_separator title=&#8221;II. International Amity Short Film Festival&#8221; i_icon_fontawesome=&#8221;fa fa-podcast&#8221; i_color=&#8221;grey&#8221; i_size=&#8221;sm&#8221; add_icon=&#8221;true&#8221; el_class=&#8221;seperator-baslik-pembe&#8221;][\/vc_column][\/vc_row][vc_row][vc_column][vc_column_text]<img loading=\"lazy\" decoding=\"async\" class=\"aligncenter wp-image-5743 size-full\" src=\"http:\/\/dostlukfilmfestivali.com\/wp-content\/uploads\/2019\/11\/asikveysel7.jpeg\" alt=\"\" width=\"772\" height=\"397\" srcset=\"http:\/\/dostlukfilmfestivali.com\/wp-content\/uploads\/2019\/11\/asikveysel7.jpeg 772w, http:\/\/dostlukfilmfestivali.com\/wp-content\/uploads\/2019\/11\/asikveysel7-300x154.jpeg 300w, http:\/\/dostlukfilmfestivali.com\/wp-content\/uploads\/2019\/11\/asikveysel7-768x395.jpeg 768w\" sizes=\"(max-width: 772px) 100vw, 772px\" \/><\/p>\n<p>Veysel \u015eat\u0131ro\u011flu was born in 1894 in Sivrialan Village of Sivas, District of \u015eark\u0131\u015fla. The story of how he was born is somehow similar to that of almost every child in Anatolian villages. But it is interesting and extraordinary for the ones to have a different point of view especially today. To tell the story, his mother G\u00fclizar started having labor pains on her way to Ay\u0131p\u0131nar pastures nearby Sivrialan where she was going to milk the sheep, and she gave birth to Veysel just over there. She cut the umbilical cord herself, wrapped the new born with a piece of clothing and went back to the village on foot.<\/p>\n<p>The family of Veysel is called \u201c\u015eat\u0131ro\u011fullar\u0131\u201d in this region. His father is a farmer named Ahmet and nicknamed \u201cKaraca\u201d \u2013 the roe. In times when Veysel was born, smallpox was prevailing allover Sivas. Before Veysel was born, two of his sisters died of smallpox.<\/p>\n<p>In 1901 when he celebrated his 7th age, there occurred another smallpox outbreak in Sivas, and he got this disease as well. He tells us about those days as follows: \u201cBefore I got bed ridden because of smallpox, my mother sewed me a nice dress. I wore that dress and went by Muhsine Kad\u0131n to show her my new dress. She caressed me. That was a foggy day, and I slipped on the way back home. And I could not stand up again. I got smallpox&#8230; It was though. My left eye was pockmarked. And cataract developed in my right eye, I think because of being compelled too much in the absence of the left eye. Ever since that day, the world is a misery for me.\u201d<\/p>\n<p>After having slipped this way, a color penetrated into his memory:\u00a0Red. Probably, he hurt his hand when he slipped and the wound bled. His mother G\u00fclizar explains it as follows: \u201cYou know, he remembered only red among all the other colors. He slipped and fell before his eyes turned into his heart, I mean before he got smallpox. He saw blood. He remembered only the color of the blood. Red&#8230; He used to like and find green with his hands.\u201d<\/p>\n<p>His right eye had the chance to see, he had the sight of light with his right eye. In those days, there was a doctor only in Akda\u011fmadeni which is close to their village. People told his father \u201cTake the child to Akda\u011fmadeni, there is a doctor who can make him see there.\u201d His father got very happy.However, misfortunes did not leave Veysel. \u201cHis father came by him while he was milking the cows some day. When Veysel had a sudden movement backwards, one end of the stick his father had in his hands thrust into his hand. Thus, that eye got blind too.\u201d<\/p>\n<p><img loading=\"lazy\" decoding=\"async\" class=\" wp-image-5742 alignright\" style=\"margin-left: 15px;\" src=\"http:\/\/dostlukfilmfestivali.com\/wp-content\/uploads\/2019\/11\/asikveysel6-209x300.jpeg\" alt=\"\" width=\"318\" height=\"456\" srcset=\"http:\/\/dostlukfilmfestivali.com\/wp-content\/uploads\/2019\/11\/asikveysel6-209x300.jpeg 209w, http:\/\/dostlukfilmfestivali.com\/wp-content\/uploads\/2019\/11\/asikveysel6.jpeg 462w\" sizes=\"(max-width: 318px) 100vw, 318px\" \/>Veysel had a brother named Ali and sister named Elif. All the members of the family got very sad and cried to this situation for days. From that day on, his sister, Elif, started to take Veysel for a walk by holding his hand. Veysel got more and more introvert every other day. In that area of Sivas named as the region of Emlek which was generous in \u00e2\u015f\u0131ks and ozans, Veysel\u2019s father was also interested in poetry and was too intimate with the dervish lodge, the tekke. He gave Veysel a saz to make him forget about his troubles just a little bit. He tried to sooth his son by reciting the poems of the folk poets.Moreover, the poets of the region also started to drop in \u015eat\u0131ro\u011flu Ahmet\u2019s house with their friends. They played instruments and sang songs. Veysel used to listen to them carefully. Their neighbor Molla H\u00fcseyin used to tune his saz and repair the broken strings.<\/p>\n<p>Veysel first had courses from \u00c7am\u0131\u015f\u0131hl\u0131 Ali Aga (\u00c2\u015f\u0131k Al\u00e2) who was his father\u2019s friend from a village of Divri\u011fi. He devoted himself whole-heartedly to playing saz, and started playing and signing the superior works of art. It was \u00c7am\u0131\u015f\u0131hl\u0131 Ali who introduced him to the world of ozans that enlightened his world of darkness. Thus, he got to know about the worlds of Pir Sultan Abdal, Karacao\u011flan, Dertli, R\u00fchsati.<\/p>\n<p>The second significant change in the life of \u00c2\u015f\u0131k Veysel came about with mobilization. His brother Ali went to war, and little Veysel was left alone with his broken stringed saz. After the outbreak of war, all the friends rushed to the frontiers. Veysel was deprived of doing that &#8230; Thus; his soul living in solitude retreated once more. The pain of being left alone without any friend and the misery he lived in, made him so unhappy, desperate and depressed. He started sleeping beneath the pear tree in his little garden, and relieved his pain and troubles out in the skies and darkness by climbing the highest points of the trees at night-time.<\/p>\n<p>\u00c2\u015f\u0131k Veysel told Enver G\u00f6k\u00e7e of those days as follows:<\/p>\n<p>\u201c<em>I went into the house putting on a face; my mother and my father could not understand me. I did not tell them about my problems not to upset them. They thought I was defying them. But I, on the contrary, recoiled from telling my problems and I was about to loose my enthusiasm for my saz.\u201d<\/em><\/p>\n<p>Although this was a result of the way people approached the \u2018boys\u2019, the main effective factor was his patriotism and the feeling of paying his debt to his motherland. He expresses those feelings as follows:<\/p>\n<p><em>\u201cUnfortunately it was not in my destiny<br \/>\n<\/em><em>When the people of my country eradicated the enemy<br \/>\n<\/em><em>Fate broke my legs, did not let me keep watch<br \/>\nWield a sword in the heads of the enemy.<br \/>\nIf those days were facilitated to me by God<br \/>\nI would not be indebted for a spoonful of blood<br \/>\nNothing happens but the predestined<br \/>\nWhat has befell to Veysel?\u201d<\/em><\/p>\n<p>Through the end of the mobilization, Veysel\u2019s mother and father made him marry a girl named Esma from among their relatives with the idea that they might die and \u201chis sister would not take care of him anymore.\u201d Veysel had one daughter and a son from Esma. His son died when he was only 10 days old while being nursed by his mother&#8230; Veysel\u2019s suffering was not that much; unfortunate events continued one after the other. First his mother died on February the 24th of 1921. Then his father passed away eighteen months later after getting bed ridden for 17 days. Meanwhile he put himself into gardening. Many \u00e2\u015f\u0131ks were visiting the village and were playing the Iyrics of folk poets such as Karacao\u011flan, Emrah, \u00c2\u015f\u0131k S\u0131tk\u0131, \u00c2\u015f\u0131k Veli. Veysel did not miss any of the performances of those \u00e2\u015f\u0131ks.<\/p>\n<p>When his brother Ali had another daughter born, they found a servant to help them in the house works and take care of the children. This servant later becomes the reason for another wound to be made deep in the heart of Veysel. One day, while Veysel was lying in bed ill and Ali was out collecting milk vetch, this servant persuaded Veysel\u2019s first wife Esma to run away together. Thus another pain was included in Veysel\u2019s chain of pains.<\/p>\n<p>When his wife left him all alone, she left her daughter only six months old with Veysel. Veysel carried his daughter in his nap for two years, but unfortunately she did not live as well. He says in one of his poems:<\/p>\n<p><em>\u201cFaith associated itself with suffering,<br \/>\nIt does not leave me in peace wherever I go.\u201d<\/em><\/p>\n<p>In short, a chain of redoubled pains&#8230;\u00a0\u201cNow, he wanted to get away from the world, from this place and was in a mood to emigrate. He decided to immigrate to Adana with his best friend, \u0130brahim in 1928. But a person named Deli S\u00fcleyman from the village Kara\u00e7ay\u0131r of Sivas persuaded him to give up this idea. Let\u2019s listen to Veysel:<\/p>\n<p><em>\u201cThis man listened to me when I played the saz, interrupted me when I started singing. When I say, let me go, he says \u201coh, my friends, the kids and everybody are crying, please don\u2019t go.\u201d Finally, I could not take it and gave up the idea of leaving this place.\u201d<\/em><\/p>\n<p><img loading=\"lazy\" decoding=\"async\" class=\"alignleft wp-image-5739\" style=\"margin-right: 15px;\" src=\"http:\/\/dostlukfilmfestivali.com\/wp-content\/uploads\/2019\/11\/asikveysel3-300x153.jpeg\" alt=\"\" width=\"527\" height=\"269\" srcset=\"http:\/\/dostlukfilmfestivali.com\/wp-content\/uploads\/2019\/11\/asikveysel3-300x153.jpeg 300w, http:\/\/dostlukfilmfestivali.com\/wp-content\/uploads\/2019\/11\/asikveysel3-768x393.jpeg 768w, http:\/\/dostlukfilmfestivali.com\/wp-content\/uploads\/2019\/11\/asikveysel3.jpeg 774w\" sizes=\"(max-width: 527px) 100vw, 527px\" \/>Veysel\u2019s first trip away from his village takes place as follows: Someone named Kurdish Kas\u0131m from the village Barzan Beleni of Zara took Veysel to his village. There they lived a couple of months together. Deli S\u00fcleyman and Kalayc\u0131 H\u00fcseyin from Sivas accompanied Veysel on the way. On the way back, Veysel dropped by the village Yal\u0131ncak of Hafik and Girit of Zara, and bought a nice saz for 9 liras. On the return trip from Sivas to Sivrialan, his friends were stopped by a group of \u201cswindlers\u201d and lost all their money. His friends took 9 liras of Veysel and lost it in gambling. After a short while from this event, Veysel got married to a girl named G\u00fclizar from the village Karayaprak of Hafik.\u201d<\/p>\n<p>In 1931, Ahmet Kutsi Tecer who was a literature teacher in Sivas High School and his colleagues founded the Association For Preservation of Folk Poets. And on December 5, 1931, they organized the Fest of Folk Poets that lasted for three days. Thereupon, a new turning point started in Veysel\u2019s life. This encounter with Ahmet Kutsi Tecer led to a new beginning for Veysel.<\/p>\n<p>Until 1933, Veysel played and sang the poems of master ozans. In the tenth anniversary of the Republic, upon the directives of Ahmet Kutsi Tecer, all folk poets wrote poems on the Republic and Mustafa Kemal. Veysel was one of those poets. The first poem of Veysel that came into the daylight was the poem starting with the line \u201cAtat\u00fcrk is the revival of Turkey&#8230;\u201d This poem also came to be more known only after Veysel left his village.<\/p>\n<p>Ali R\u0131za Bey, the mayor of A\u011fcak\u0131\u015fla to which Sivrialan was then affiliated, liked this tale of Veysel very much, and wanted to send the poem to Ankara. Veysel said he himself would like to go and visit the Great Leader Atat\u00fcrk, and set out for Ankara on foot with his faithful friend \u0130brahim. These two pure hearts that started their travel on bare foot under tough winter conditions arrived in Ankara after having trampled down the roads for three months. Veysel was hosted by his hospitable friends for forty five days in Ankara. Although his aim in traveling to Ankara was to present the letter to Atat\u00fcrk, it was not possible for him to do so. His mother G\u00fclizar says \u201cHe felt bitter regret for two things in life: first not having been able to visit the Great Leader, second not being recruited in the army&#8230;\u201d. However, his tale was published in a printing house named Hakimiyeti Milliye (in Ulus) and it appeared in the newspaper for three days. Then, he started to travel around the country playing and singing everywhere he went to. He was loved and respected.<\/p>\n<p>Upon the establishment of village institutes, with the initiatives of Ahmet Kutsi Tecer he worked as saz teacher in the Village Institutes of Arifiye, Hasano\u011flan, \u00c7ifteler, Kastamonu, Y\u0131ld\u0131zeli and Akp\u0131nar, respectively. In these schools, many intellectuals who later stigmatized the cultural life of Turkey found the opportunity to meet the artist and improved their poetic capacity.<\/p>\n<p>In 1965, Turkish Grand National Assembly resolved upon allocating a monthly salary in 500 TL to \u00c2\u015f\u0131k Veysel in return for \u201chis contribution to our native language and national solidarity.\u201d<\/p>\n<p>On March 21, 1973 at 3.30 a.m., Veysel closed his eyes to this world in Sivrialan, the village he was born in, which is now used as a museum.<\/p>\n<p>The following words of Erdo\u011fan Alkan would be the best depiction to sum up his life: \u201cK\u0131z\u0131l\u0131rmak looks like a question mark. It sources from Zara, and leaves the territory of Sivas passing through Hafik and \u015eark\u0131\u015fla. Taking the from of a bow, irrigates the lands of Kayseri, Nev\u015fehir, K\u0131r\u015fehir, Ankara and \u00c7orum. Spills its water to the sea in the District of Bafra of Samsun. The life story of \u00c2\u015f\u0131k Veysel is like that of K\u0131z\u0131l\u0131rmak. It has one end in Bafra, and the other in Zara. A tragic life stretching up to Bafra, leads to an end after being fed by the abundant waters of K\u0131z\u0131lda\u011f in the east of Zara.\u201d[\/vc_column_text][\/vc_column][\/vc_row]<\/p>\n","protected":false},"excerpt":{"rendered":"<p>[vc_row el_id=&#8221;yillar-menu-row&#8221;][vc_column][vc_btn title=&#8221;2024: Mahmoud Darwish&#8221; color=&#8221;juicy-pink&#8221; size=&#8221;lg&#8221; el_class=&#8221;yillar-menu&#8221; link=&#8221;url:http%3A%2F%2Fdostlukfilmfestivali.com%2Fen%2Fmahmud-dervis%2F|title:%20||&#8221;][vc_btn title=&#8221;2022: Ne\u015fat Erta\u015f&#8221; color=&#8221;juicy-pink&#8221; size=&#8221;lg&#8221; el_class=&#8221;yillar-menu&#8221; link=&#8221;url:https%3A%2F%2Fdostlukfilmfestivali.com%2Fen%2Fnesat-ertas%2F|title:%20||&#8221;][vc_btn title=&#8221;2021: Haji Bektash Veli&#8221; color=&#8221;juicy-pink&#8221; size=&#8221;lg&#8221; el_class=&#8221;yillar-menu&#8221; link=&#8221;url:https%3A%2F%2Fdostlukfilmfestivali.com%2Fen%2Fhaci-bektas-veli-2021%2F|title:Haji%20Bektash%20Veli||&#8221;][vc_btn title=&#8221;2020: Yunus Emre&#8221; color=&#8221;juicy-pink&#8221; size=&#8221;lg&#8221; el_class=&#8221;yillar-menu&#8221; link=&#8221;url:http%3A%2F%2Fdostlukfilmfestivali.com%2Fen%2Fyunus-emre%2F|||&#8221;][vc_btn title=&#8221;2019: \u00c2\u015f\u0131k Veysel \u015eat\u0131ro\u011flu&#8221; color=&#8221;juicy-pink&#8221; size=&#8221;lg&#8221; el_class=&#8221;yillar-menu secili&#8221; link=&#8221;url:%23|||&#8221;][vc_btn title=&#8221;2018: Fethi Gemuhluo\u011flu&#8221; color=&#8221;juicy-pink&#8221; size=&#8221;lg&#8221; el_class=&#8221;yillar-menu&#8221; link=&#8221;url:http%3A%2F%2Fdostlukfilmfestivali.com%2Fen%2Ffethi-gemuhluoglu%2F|||&#8221;][vc_text_separator title=&#8221;II. International Amity Short Film Festival&#8221; i_icon_fontawesome=&#8221;fa fa-podcast&#8221;&#8230;<\/p>\n","protected":false},"author":1,"featured_media":0,"parent":0,"menu_order":0,"comment_status":"closed","ping_status":"closed","template":"page-fullcontent.php","meta":{"footnotes":""},"class_list":["post-5747","page","type-page","status-publish","hentry"],"_links":{"self":[{"href":"http:\/\/dostlukfilmfestivali.com\/en\/wp-json\/wp\/v2\/pages\/5747"}],"collection":[{"href":"http:\/\/dostlukfilmfestivali.com\/en\/wp-json\/wp\/v2\/pages"}],"about":[{"href":"http:\/\/dostlukfilmfestivali.com\/en\/wp-json\/wp\/v2\/types\/page"}],"author":[{"embeddable":true,"href":"http:\/\/dostlukfilmfestivali.com\/en\/wp-json\/wp\/v2\/users\/1"}],"replies":[{"embeddable":true,"href":"http:\/\/dostlukfilmfestivali.com\/en\/wp-json\/wp\/v2\/comments?post=5747"}],"version-history":[{"count":9,"href":"http:\/\/dostlukfilmfestivali.com\/en\/wp-json\/wp\/v2\/pages\/5747\/revisions"}],"predecessor-version":[{"id":11756,"href":"http:\/\/dostlukfilmfestivali.com\/en\/wp-json\/wp\/v2\/pages\/5747\/revisions\/11756"}],"wp:attachment":[{"href":"http:\/\/dostlukfilmfestivali.com\/en\/wp-json\/wp\/v2\/media?parent=5747"}],"curies":[{"name":"wp","href":"https:\/\/api.w.org\/{rel}","templated":true}]}}