{"id":6646,"date":"2020-09-17T11:56:09","date_gmt":"2020-09-17T08:56:09","guid":{"rendered":"http:\/\/dostlukfilmfestivali.com\/?page_id=6646"},"modified":"2024-08-06T20:00:25","modified_gmt":"2024-08-06T17:00:25","slug":"festival-committee-2020","status":"publish","type":"page","link":"http:\/\/dostlukfilmfestivali.com\/en\/festival-committee-2020\/","title":{"rendered":"Festival Committee 2020"},"content":{"rendered":"<p>[vc_row el_id=&#8221;yillar-menu-row&#8221;][vc_column][vc_btn title=&#8221;2024&#8243; color=&#8221;juicy-pink&#8221; size=&#8221;lg&#8221; el_class=&#8221;yillar-menu&#8221; link=&#8221;url:http%3A%2F%2Fdostlukfilmfestivali.com%2Fen%2Ffestival-committee-2024%2F|title:%20||&#8221;][vc_btn title=&#8221;2022&#8243; color=&#8221;juicy-pink&#8221; size=&#8221;lg&#8221; el_class=&#8221;yillar-menu&#8221; link=&#8221;url:https%3A%2F%2Fdostlukfilmfestivali.com%2Fen%2Ffestival-committee-2022%2F|title:%20||&#8221;][vc_btn title=&#8221;2021&#8243; color=&#8221;juicy-pink&#8221; size=&#8221;lg&#8221; el_class=&#8221;yillar-menu&#8221; link=&#8221;url:%2Ffestival-committee-2021|||&#8221;][vc_btn title=&#8221;2020&#8243; color=&#8221;juicy-pink&#8221; size=&#8221;lg&#8221; el_class=&#8221;yillar-menu secili&#8221; link=&#8221;url:%23|||&#8221;][vc_btn title=&#8221;2019&#8243; color=&#8221;juicy-pink&#8221; size=&#8221;lg&#8221; el_class=&#8221;yillar-menu&#8221; link=&#8221;url:http%3A%2F%2Fdostlukfilmfestivali.com%2Fen%2Ffestival-committee-2019%2F|||&#8221;][vc_btn title=&#8221;2018&#8243; color=&#8221;juicy-pink&#8221; size=&#8221;lg&#8221; el_class=&#8221;yillar-menu&#8221; link=&#8221;url:http%3A%2F%2Fdostlukfilmfestivali.com%2Fen%2Ffestival-committee-2018%2F|||&#8221;][vc_text_separator title=&#8221;III. International Amity Short Film Festival&#8221; i_icon_fontawesome=&#8221;fa fa-podcast&#8221; i_color=&#8221;grey&#8221; i_size=&#8221;sm&#8221; add_icon=&#8221;true&#8221; el_class=&#8221;seperator-baslik-pembe&#8221;][\/vc_column][\/vc_row][vc_row][vc_column][vc_custom_heading text=&#8221;Festival Committee&#8221; font_container=&#8221;tag:h2|text_align:center&#8221; google_fonts=&#8221;font_family:Roboto%3A100%2C100italic%2C300%2C300italic%2Cregular%2Citalic%2C500%2C500italic%2C700%2C700italic%2C900%2C900italic|font_style:400%20regular%3A400%3Anormal&#8221;][vc_empty_space height=&#8221;50px&#8221;][vc_row_inner css=&#8221;.vc_custom_1606744465117{padding-top: 60px !important;padding-bottom: 60px !important;}&#8221; el_class=&#8221;komite-row&#8221;][vc_column_inner width=&#8221;1\/4&#8243;][\/vc_column_inner][vc_column_inner width=&#8221;1\/4&#8243;][vc_single_image image=&#8221;7430&#8243; img_size=&#8221;300&#215;300&#8243; alignment=&#8221;center&#8221; style=&#8221;vc_box_border_circle&#8221; border_color=&#8221;orange&#8221;][vc_text_separator title=&#8221;FAYSAL SOYSAL&#8221; css=&#8221;.vc_custom_1575298716130{margin-top: 0px !important;margin-bottom: 0px !important;padding-top: 0px !important;padding-bottom: 0px !important;}&#8221;][vc_column_text css=&#8221;.vc_custom_1600329142036{margin-top: 5px !important;margin-bottom: 0px !important;padding-top: 0px !important;padding-bottom: 0px !important;}&#8221;]<\/p>\n<p style=\"text-align: center;\">Festival Director<\/p>\n<p>[\/vc_column_text][\/vc_column_inner][vc_column_inner width=&#8221;1\/4&#8243;][vc_single_image image=&#8221;5863&#8243; img_size=&#8221;300&#215;300&#8243; alignment=&#8221;center&#8221; style=&#8221;vc_box_border_circle&#8221; border_color=&#8221;orange&#8221;][vc_text_separator title=&#8221;MEHMET L\u00dcTF\u0130 \u015eEN&#8221; css=&#8221;.vc_custom_1575298804134{margin-top: 0px !important;margin-bottom: 0px !important;padding-top: 0px !important;padding-bottom: 0px !important;}&#8221;][vc_column_text css=&#8221;.vc_custom_1637317875190{margin-top: 5px !important;margin-bottom: 0px !important;padding-top: 0px !important;padding-bottom: 0px !important;}&#8221;]<\/p>\n<p class=\"p1\" style=\"text-align: center;\">Festival General Art Director<\/p>\n<p>[\/vc_column_text][\/vc_column_inner][vc_column_inner width=&#8221;1\/4&#8243;][\/vc_column_inner][\/vc_row_inner][vc_row_inner css=&#8221;.vc_custom_1606739216482{padding-top: 60px !important;padding-bottom: 60px !important;}&#8221; el_class=&#8221;komite-row&#8221;][vc_column_inner width=&#8221;1\/4&#8243;][\/vc_column_inner][vc_column_inner width=&#8221;1\/4&#8243;][vc_single_image image=&#8221;6642&#8243; img_size=&#8221;300&#215;300&#8243; alignment=&#8221;center&#8221; style=&#8221;vc_box_border_circle&#8221; border_color=&#8221;orange&#8221;][vc_text_separator title=&#8221;BELKIS BAYRAK&#8221; css=&#8221;.vc_custom_1600331765120{margin-top: 0px !important;margin-bottom: 0px !important;padding-top: 0px !important;padding-bottom: 0px !important;}&#8221;][vc_column_text css=&#8221;.vc_custom_1575299501872{margin-top: 5px !important;margin-bottom: 0px !important;padding-top: 0px !important;padding-bottom: 0px !important;}&#8221;]<\/p>\n<p class=\"p1\" style=\"text-align: center;\">Festival Advisory Committee<\/p>\n<p>[\/vc_column_text][\/vc_column_inner][vc_column_inner width=&#8221;1\/4&#8243;][vc_single_image image=&#8221;5821&#8243; img_size=&#8221;300&#215;300&#8243; alignment=&#8221;center&#8221; style=&#8221;vc_box_border_circle&#8221; border_color=&#8221;orange&#8221;][vc_text_separator title=&#8221;EL\u0130F DA\u011eDEV\u0130REN&#8221; css=&#8221;.vc_custom_1575299097794{margin-top: 0px !important;margin-bottom: 0px !important;padding-top: 0px !important;padding-bottom: 0px !important;}&#8221;][vc_column_text css=&#8221;.vc_custom_1575299508666{margin-top: 5px !important;margin-bottom: 0px !important;padding-top: 0px !important;padding-bottom: 0px !important;}&#8221;]<\/p>\n<p class=\"p1\" style=\"text-align: center;\">Festival Advisory Committee<\/p>\n<p>[\/vc_column_text][\/vc_column_inner][vc_column_inner width=&#8221;1\/4&#8243;][\/vc_column_inner][\/vc_row_inner][vc_row_inner css=&#8221;.vc_custom_1606739210174{padding-top: 60px !important;padding-bottom: 60px !important;}&#8221; el_class=&#8221;komite-row&#8221;][vc_column_inner width=&#8221;1\/3&#8243;][vc_single_image image=&#8221;5839&#8243; img_size=&#8221;300&#215;300&#8243; alignment=&#8221;center&#8221; style=&#8221;vc_box_border_circle&#8221; border_color=&#8221;orange&#8221;][vc_text_separator title=&#8221;N\u0130HAL \u015eEN&#8221; css=&#8221;.vc_custom_1575299421170{margin-top: 0px !important;margin-bottom: 0px !important;padding-top: 0px !important;padding-bottom: 0px !important;}&#8221;][vc_column_text css=&#8221;.vc_custom_1607328298374{margin-top: 5px !important;margin-bottom: 0px !important;padding-top: 0px !important;padding-bottom: 0px !important;}&#8221;]<\/p>\n<p class=\"p1\" style=\"text-align: center;\">Program Coordinator<\/p>\n<p>[\/vc_column_text][\/vc_column_inner][vc_column_inner width=&#8221;1\/3&#8243;][vc_single_image image=&#8221;6818&#8243; img_size=&#8221;300&#215;300&#8243; alignment=&#8221;center&#8221; style=&#8221;vc_box_border_circle&#8221; border_color=&#8221;orange&#8221;][vc_text_separator title=&#8221;EZG\u0130 B\u00dc\u015eRA \u00c7INAR&#8221; css=&#8221;.vc_custom_1605596404058{margin-top: 0px !important;margin-bottom: 0px !important;padding-top: 0px !important;padding-bottom: 0px !important;}&#8221;][vc_column_text css=&#8221;.vc_custom_1606744306024{margin-top: 5px !important;margin-bottom: 0px !important;padding-top: 0px !important;padding-bottom: 0px !important;}&#8221;]<\/p>\n<p class=\"p1\" style=\"text-align: center;\">Event Coordinator<\/p>\n<p>[\/vc_column_text][\/vc_column_inner][vc_column_inner width=&#8221;1\/3&#8243;][vc_single_image image=&#8221;6644&#8243; img_size=&#8221;300&#215;300&#8243; alignment=&#8221;center&#8221; style=&#8221;vc_box_border_circle&#8221; border_color=&#8221;orange&#8221;][vc_text_separator title=&#8221;RAMAZAN KILI\u00c7&#8221; css=&#8221;.vc_custom_1600331878527{margin-top: 0px !important;margin-bottom: 0px !important;padding-top: 0px !important;padding-bottom: 0px !important;}&#8221;][vc_column_text css=&#8221;.vc_custom_1606744337053{margin-top: 5px !important;margin-bottom: 0px !important;padding-top: 0px !important;padding-bottom: 0px !important;}&#8221;]<\/p>\n<p class=\"p1\" style=\"text-align: center;\">Festival Coordinator\u00a0Assistant<\/p>\n<p>[\/vc_column_text][\/vc_column_inner][\/vc_row_inner][vc_row_inner css=&#8221;.vc_custom_1606739202674{padding-top: 60px !important;padding-bottom: 60px !important;}&#8221; el_class=&#8221;komite-row&#8221;][vc_column_inner width=&#8221;1\/4&#8243;][\/vc_column_inner][vc_column_inner width=&#8221;1\/4&#8243;][vc_single_image image=&#8221;6819&#8243; img_size=&#8221;300&#215;300&#8243; alignment=&#8221;center&#8221; style=&#8221;vc_box_border_circle&#8221; border_color=&#8221;orange&#8221;][vc_text_separator title=&#8221;U\u011eUR TOPAL&#8221; css=&#8221;.vc_custom_1605596586744{margin-top: 0px !important;margin-bottom: 0px !important;padding-top: 0px !important;padding-bottom: 0px !important;}&#8221;][vc_column_text css=&#8221;.vc_custom_1606744415773{margin-top: 5px !important;margin-bottom: 0px !important;padding-top: 0px !important;padding-bottom: 0px !important;}&#8221;]<\/p>\n<p class=\"p1\" style=\"text-align: center;\">Social Media Specialist<\/p>\n<p>[\/vc_column_text][\/vc_column_inner][vc_column_inner width=&#8221;1\/4&#8243;][vc_single_image image=&#8221;7676&#8243; img_size=&#8221;300&#215;300&#8243; alignment=&#8221;center&#8221; style=&#8221;vc_box_border_circle&#8221; border_color=&#8221;orange&#8221;][vc_text_separator title=&#8221;ES\u0130N G\u00dcLER&#8221; css=&#8221;.vc_custom_1606734387091{margin-top: 0px !important;margin-bottom: 0px !important;padding-top: 0px !important;padding-bottom: 0px !important;}&#8221;][vc_column_text css=&#8221;.vc_custom_1607329057133{margin-top: 5px !important;margin-bottom: 0px !important;padding-top: 0px !important;padding-bottom: 0px !important;}&#8221;]<\/p>\n<p class=\"p1\" style=\"text-align: center;\">Poster Design<\/p>\n<p>[\/vc_column_text][\/vc_column_inner][vc_column_inner width=&#8221;1\/4&#8243;][\/vc_column_inner][\/vc_row_inner][vc_row_inner css=&#8221;.vc_custom_1606739195961{padding-top: 60px !important;padding-bottom: 60px !important;}&#8221; el_class=&#8221;komite-row&#8221;][vc_column_inner width=&#8221;1\/4&#8243;][\/vc_column_inner][vc_column_inner width=&#8221;1\/4&#8243;][vc_text_separator title=&#8221;\u0130BRAH\u0130M KARAKA\u015e &amp; ES\u0130N G\u00dcLER&#8221; css=&#8221;.vc_custom_1606738328830{margin-top: 0px !important;margin-bottom: 0px !important;padding-top: 0px !important;padding-bottom: 0px !important;}&#8221;][vc_column_text css=&#8221;.vc_custom_1607329293569{margin-top: 5px !important;margin-bottom: 0px !important;padding-top: 0px !important;padding-bottom: 0px !important;}&#8221;]<\/p>\n<p class=\"p1\" style=\"text-align: center;\">Festival Teaser<\/p>\n<p>[\/vc_column_text][\/vc_column_inner][vc_column_inner width=&#8221;1\/4&#8243;][vc_text_separator title=&#8221;\u0130LHAN EFE&#8221; css=&#8221;.vc_custom_1606567455895{margin-top: 0px !important;margin-bottom: 0px !important;padding-top: 0px !important;padding-bottom: 0px !important;}&#8221;][vc_column_text css=&#8221;.vc_custom_1607329315888{margin-top: 5px !important;margin-bottom: 0px !important;padding-top: 0px !important;padding-bottom: 0px !important;}&#8221;]<\/p>\n<p class=\"p1\" style=\"text-align: center;\">Communication<\/p>\n<p>[\/vc_column_text][\/vc_column_inner][vc_column_inner width=&#8221;1\/4&#8243;][\/vc_column_inner][\/vc_row_inner][vc_row_inner css=&#8221;.vc_custom_1606739188505{padding-top: 60px !important;padding-bottom: 60px !important;}&#8221; el_class=&#8221;komite-row&#8221;][vc_column_inner width=&#8221;1\/3&#8243;][vc_text_separator title=&#8221;ARDA PEK\u00c7AKIR&#8221; css=&#8221;.vc_custom_1606734718732{margin-top: 0px !important;margin-bottom: 0px !important;padding-top: 0px !important;padding-bottom: 0px !important;}&#8221;][vc_column_text css=&#8221;.vc_custom_1607329362453{margin-top: 5px !important;margin-bottom: 0px !important;padding-top: 0px !important;padding-bottom: 0px !important;}&#8221;]<\/p>\n<p class=\"p1\" style=\"text-align: center;\">Productions Coordinator<\/p>\n<p>[\/vc_column_text][\/vc_column_inner][vc_column_inner width=&#8221;1\/3&#8243;][vc_text_separator title=&#8221;AY\u015eENUR B\u00dc\u015eRA ERDO\u011eDU&#8221; css=&#8221;.vc_custom_1606567723459{margin-top: 0px !important;margin-bottom: 0px !important;padding-top: 0px !important;padding-bottom: 0px !important;}&#8221;][vc_column_text css=&#8221;.vc_custom_1607329389742{margin-top: 5px !important;margin-bottom: 0px !important;padding-top: 0px !important;padding-bottom: 0px !important;}&#8221;]<\/p>\n<p class=\"p1\" style=\"text-align: center;\">Coordinator of Volunteers<\/p>\n<p>[\/vc_column_text][\/vc_column_inner][vc_column_inner width=&#8221;1\/3&#8243;][vc_text_separator title=&#8221;AYKUT \u00c7ALIK &amp; G\u00dcL\u015eAH \u00d6ZBEK&#8221; css=&#8221;.vc_custom_1607328328757{margin-top: 0px !important;margin-bottom: 0px !important;padding-top: 0px !important;padding-bottom: 0px !important;}&#8221;][vc_column_text css=&#8221;.vc_custom_1607329427277{margin-top: 5px !important;margin-bottom: 0px !important;padding-top: 0px !important;padding-bottom: 0px !important;}&#8221;]<\/p>\n<p class=\"p1\" style=\"text-align: center;\">Trophy Desing<\/p>\n<p>[\/vc_column_text][\/vc_column_inner][\/vc_row_inner][vc_row_inner css=&#8221;.vc_custom_1606739181740{padding-top: 60px !important;padding-bottom: 60px !important;}&#8221; el_class=&#8221;komite-row&#8221;][vc_column_inner width=&#8221;1\/3&#8243;][vc_text_separator title=&#8221;MUSTAFA B\u00dcLENT G\u00d6K\u00c7EK&#8221; css=&#8221;.vc_custom_1606734585499{margin-top: 0px !important;margin-bottom: 0px !important;padding-top: 0px !important;padding-bottom: 0px !important;}&#8221;][vc_column_text css=&#8221;.vc_custom_1607329479184{margin-top: 5px !important;margin-bottom: 0px !important;padding-top: 0px !important;padding-bottom: 0px !important;}&#8221;]<\/p>\n<p style=\"text-align: center;\">Motion Graphic<\/p>\n<p>[\/vc_column_text][\/vc_column_inner][vc_column_inner width=&#8221;1\/3&#8243;][vc_text_separator title=&#8221;HAL\u0130L SERHAN K\u00d6SE&#8221; css=&#8221;.vc_custom_1606734704817{margin-top: 0px !important;margin-bottom: 0px !important;padding-top: 0px !important;padding-bottom: 0px !important;}&#8221;][vc_column_text css=&#8221;.vc_custom_1607329495247{margin-top: 5px !important;margin-bottom: 0px !important;padding-top: 0px !important;padding-bottom: 0px !important;}&#8221;]<\/p>\n<p class=\"p1\" style=\"text-align: center;\">Video Editing<\/p>\n<p>[\/vc_column_text][\/vc_column_inner][vc_column_inner width=&#8221;1\/3&#8243;][vc_text_separator title=&#8221;EL\u0130F G\u00dcRBEY&#8221; css=&#8221;.vc_custom_1606567333123{margin-top: 0px !important;margin-bottom: 0px !important;padding-top: 0px !important;padding-bottom: 0px !important;}&#8221;][vc_column_text css=&#8221;.vc_custom_1666445223921{margin-top: 5px !important;margin-bottom: 0px !important;padding-top: 0px !important;padding-bottom: 0px !important;}&#8221;]<\/p>\n<div id=\"tw-target-text-container\" class=\"tw-ta-container F0azHf tw-nfl\" style=\"text-align: center;\" tabindex=\"0\">\n<pre id=\"tw-target-text\" class=\"tw-data-text tw-text-large tw-ta\" dir=\"ltr\" data-placeholder=\"\u00c7eviri\"><span class=\"Y2IQFc\" lang=\"en\">English Translation<\/span><\/pre>\n<\/div>\n<p class=\"p1\" style=\"text-align: center;\"><span class=\"Y2IQFc\" lang=\"en\">\u00a0<\/span><\/p>\n<p>[\/vc_column_text][\/vc_column_inner][\/vc_row_inner][vc_row_inner css=&#8221;.vc_custom_1606568517742{padding-top: 60px !important;padding-bottom: 60px !important;}&#8221; el_class=&#8221;komite-row&#8221;][vc_column_inner width=&#8221;1\/3&#8243;][vc_single_image image=&#8221;7702&#8243; img_size=&#8221;300&#215;300&#8243; alignment=&#8221;center&#8221; style=&#8221;vc_box_border_circle&#8221; border_color=&#8221;orange&#8221;][vc_text_separator title=&#8221;PR LORB\u0130&#8221; css=&#8221;.vc_custom_1606567654703{margin-top: 0px !important;margin-bottom: 0px !important;padding-top: 0px !important;padding-bottom: 0px !important;}&#8221;][vc_column_text css=&#8221;.vc_custom_1607329545712{margin-top: 5px !important;margin-bottom: 0px !important;padding-top: 0px !important;padding-bottom: 0px !important;}&#8221;]<\/p>\n<p class=\"p1\" style=\"text-align: center;\">Media &amp; Press Relations<\/p>\n<p>[\/vc_column_text][\/vc_column_inner][vc_column_inner width=&#8221;1\/3&#8243;][vc_single_image image=&#8221;7688&#8243; img_size=&#8221;300&#215;300&#8243; alignment=&#8221;center&#8221; style=&#8221;vc_box_border_circle&#8221; border_color=&#8221;orange&#8221;][vc_text_separator title=&#8221;L\u0130BRA YAPIM &amp; ALTAR ERCAN&#8221; css=&#8221;.vc_custom_1606736051568{margin-top: 0px !important;margin-bottom: 0px !important;padding-top: 0px !important;padding-bottom: 0px !important;}&#8221;][vc_column_text css=&#8221;.vc_custom_1607329581030{margin-top: 5px !important;margin-bottom: 0px !important;padding-top: 0px !important;padding-bottom: 0px !important;}&#8221;]<\/p>\n<p class=\"p1\" style=\"text-align: center;\">Screenings &amp; Subtitles Coordinator<\/p>\n<p>[\/vc_column_text][\/vc_column_inner][vc_column_inner width=&#8221;1\/3&#8243;][vc_single_image image=&#8221;7703&#8243; img_size=&#8221;300&#215;300&#8243; alignment=&#8221;center&#8221; style=&#8221;vc_box_border_circle&#8221; border_color=&#8221;orange&#8221;][vc_text_separator title=&#8221;MAK\u0130N\u0130ST F\u0130LM &amp; OKTAY ARABACI&#8221; css=&#8221;.vc_custom_1606736070892{margin-top: 0px !important;margin-bottom: 0px !important;padding-top: 0px !important;padding-bottom: 0px !important;}&#8221;][vc_column_text css=&#8221;.vc_custom_1607329627492{margin-top: 5px !important;margin-bottom: 0px !important;padding-top: 0px !important;padding-bottom: 0px !important;}&#8221;]<\/p>\n<p class=\"p1\" style=\"text-align: center;\">Online &amp; DCP Haz\u0131rl\u0131k<\/p>\n<p>[\/vc_column_text][\/vc_column_inner][\/vc_row_inner][vc_row_inner css=&#8221;.vc_custom_1606739173640{padding-top: 60px !important;padding-bottom: 60px !important;}&#8221; el_class=&#8221;komite-row&#8221;][vc_column_inner width=&#8221;1\/4&#8243;][\/vc_column_inner][vc_column_inner width=&#8221;1\/4&#8243;][vc_single_image image=&#8221;7417&#8243; img_size=&#8221;300&#215;300&#8243; alignment=&#8221;center&#8221; style=&#8221;vc_box_border_circle&#8221; border_color=&#8221;orange&#8221;][vc_text_separator title=&#8221;ABD\u00dcSSELAM FER\u015eATO\u011eLU&#8221; css=&#8221;.vc_custom_1606737658942{margin-top: 0px !important;margin-bottom: 0px !important;padding-top: 0px !important;padding-bottom: 0px !important;}&#8221;][vc_column_text css=&#8221;.vc_custom_1607329690195{margin-top: 5px !important;margin-bottom: 0px !important;padding-top: 0px !important;padding-bottom: 0px !important;}&#8221;]<\/p>\n<p style=\"text-align: center;\">Visual Desing<\/p>\n<p>[\/vc_column_text][\/vc_column_inner][vc_column_inner width=&#8221;1\/4&#8243;][vc_single_image image=&#8221;7421&#8243; img_size=&#8221;300&#215;300&#8243; alignment=&#8221;center&#8221; style=&#8221;vc_box_border_circle&#8221; border_color=&#8221;orange&#8221;][vc_text_separator title=&#8221;FOTOGRAF\u0130KA&#8221; css=&#8221;.vc_custom_1606737744608{margin-top: 0px !important;margin-bottom: 0px !important;padding-top: 0px !important;padding-bottom: 0px !important;}&#8221;][vc_column_text css=&#8221;.vc_custom_1607329739909{margin-top: 5px !important;margin-bottom: 0px !important;padding-top: 0px !important;padding-bottom: 0px !important;}&#8221;]<\/p>\n<div class=\"wpb_text_column wpb_content_element vc_custom_1606734365024\">\n<div class=\"wpb_wrapper\">\n<p class=\"p1\" style=\"text-align: center;\">Visual Design &amp; Web Design<\/p>\n<\/div>\n<\/div>\n<p>[\/vc_column_text][\/vc_column_inner][vc_column_inner width=&#8221;1\/4&#8243;][\/vc_column_inner][\/vc_row_inner][vc_row_inner css=&#8221;.vc_custom_1606739166035{padding-top: 60px !important;padding-bottom: 60px !important;}&#8221; el_class=&#8221;komite-row&#8221;][vc_column_inner width=&#8221;1\/4&#8243;][\/vc_column_inner][vc_column_inner width=&#8221;1\/4&#8243;][vc_single_image image=&#8221;7700&#8243; img_size=&#8221;300&#215;300&#8243; alignment=&#8221;center&#8221; style=&#8221;vc_box_border_circle&#8221; border_color=&#8221;orange&#8221;][vc_text_separator title=&#8221;\u0130STANBUL SANAT PAYLA\u015eIM DERNE\u011e\u0130 &#8221; css=&#8221;.vc_custom_1606735303482{margin-top: 0px !important;margin-bottom: 0px !important;padding-top: 0px !important;padding-bottom: 0px !important;}&#8221;][vc_column_text css=&#8221;.vc_custom_1607329767078{margin-top: 5px !important;margin-bottom: 0px !important;padding-top: 0px !important;padding-bottom: 0px !important;}&#8221;]<\/p>\n<p class=\"p1\" style=\"text-align: center;\">Organized by<\/p>\n<p>[\/vc_column_text][\/vc_column_inner][vc_column_inner width=&#8221;1\/4&#8243;][vc_single_image image=&#8221;7687&#8243; img_size=&#8221;300&#215;300&#8243; alignment=&#8221;center&#8221; style=&#8221;vc_box_border_circle&#8221; border_color=&#8221;orange&#8221;][vc_text_separator title=&#8221;BALKON F\u0130LM&#8221; css=&#8221;.vc_custom_1606734162329{margin-top: 0px !important;margin-bottom: 0px !important;padding-top: 0px !important;padding-bottom: 0px !important;}&#8221;][vc_column_text css=&#8221;.vc_custom_1607329782001{margin-top: 5px !important;margin-bottom: 0px !important;padding-top: 0px !important;padding-bottom: 0px !important;}&#8221;]<\/p>\n<p class=\"p1\" style=\"text-align: center;\">Organized by<\/p>\n<p>[\/vc_column_text][\/vc_column_inner][vc_column_inner width=&#8221;1\/4&#8243;][\/vc_column_inner][\/vc_row_inner][\/vc_column][\/vc_row]<\/p>\n","protected":false},"excerpt":{"rendered":"<p>[vc_row el_id=&#8221;yillar-menu-row&#8221;][vc_column][vc_btn title=&#8221;2024&#8243; color=&#8221;juicy-pink&#8221; size=&#8221;lg&#8221; el_class=&#8221;yillar-menu&#8221; link=&#8221;url:http%3A%2F%2Fdostlukfilmfestivali.com%2Fen%2Ffestival-committee-2024%2F|title:%20||&#8221;][vc_btn title=&#8221;2022&#8243; color=&#8221;juicy-pink&#8221; size=&#8221;lg&#8221; el_class=&#8221;yillar-menu&#8221; link=&#8221;url:https%3A%2F%2Fdostlukfilmfestivali.com%2Fen%2Ffestival-committee-2022%2F|title:%20||&#8221;][vc_btn title=&#8221;2021&#8243; color=&#8221;juicy-pink&#8221; size=&#8221;lg&#8221; el_class=&#8221;yillar-menu&#8221; link=&#8221;url:%2Ffestival-committee-2021|||&#8221;][vc_btn title=&#8221;2020&#8243; color=&#8221;juicy-pink&#8221; size=&#8221;lg&#8221; el_class=&#8221;yillar-menu secili&#8221; link=&#8221;url:%23|||&#8221;][vc_btn title=&#8221;2019&#8243; color=&#8221;juicy-pink&#8221; size=&#8221;lg&#8221; el_class=&#8221;yillar-menu&#8221; link=&#8221;url:http%3A%2F%2Fdostlukfilmfestivali.com%2Fen%2Ffestival-committee-2019%2F|||&#8221;][vc_btn title=&#8221;2018&#8243; color=&#8221;juicy-pink&#8221; size=&#8221;lg&#8221; el_class=&#8221;yillar-menu&#8221; link=&#8221;url:http%3A%2F%2Fdostlukfilmfestivali.com%2Fen%2Ffestival-committee-2018%2F|||&#8221;][vc_text_separator title=&#8221;III. International Amity Short Film Festival&#8221; i_icon_fontawesome=&#8221;fa fa-podcast&#8221; i_color=&#8221;grey&#8221; i_size=&#8221;sm&#8221; add_icon=&#8221;true&#8221; el_class=&#8221;seperator-baslik-pembe&#8221;][\/vc_column][\/vc_row][vc_row][vc_column][vc_custom_heading text=&#8221;Festival Committee&#8221; font_container=&#8221;tag:h2|text_align:center&#8221; google_fonts=&#8221;font_family:Roboto%3A100%2C100italic%2C300%2C300italic%2Cregular%2Citalic%2C500%2C500italic%2C700%2C700italic%2C900%2C900italic|font_style:400%20regular%3A400%3Anormal&#8221;][vc_empty_space height=&#8221;50px&#8221;][vc_row_inner css=&#8221;.vc_custom_1606744465117{padding-top: 60px !important;padding-bottom: 60px !important;}&#8221;&#8230;<\/p>\n","protected":false},"author":1,"featured_media":0,"parent":0,"menu_order":0,"comment_status":"closed","ping_status":"closed","template":"page-fullcontent.php","meta":{"footnotes":""},"class_list":["post-6646","page","type-page","status-publish","hentry"],"_links":{"self":[{"href":"http:\/\/dostlukfilmfestivali.com\/en\/wp-json\/wp\/v2\/pages\/6646"}],"collection":[{"href":"http:\/\/dostlukfilmfestivali.com\/en\/wp-json\/wp\/v2\/pages"}],"about":[{"href":"http:\/\/dostlukfilmfestivali.com\/en\/wp-json\/wp\/v2\/types\/page"}],"author":[{"embeddable":true,"href":"http:\/\/dostlukfilmfestivali.com\/en\/wp-json\/wp\/v2\/users\/1"}],"replies":[{"embeddable":true,"href":"http:\/\/dostlukfilmfestivali.com\/en\/wp-json\/wp\/v2\/comments?post=6646"}],"version-history":[{"count":17,"href":"http:\/\/dostlukfilmfestivali.com\/en\/wp-json\/wp\/v2\/pages\/6646\/revisions"}],"predecessor-version":[{"id":11652,"href":"http:\/\/dostlukfilmfestivali.com\/en\/wp-json\/wp\/v2\/pages\/6646\/revisions\/11652"}],"wp:attachment":[{"href":"http:\/\/dostlukfilmfestivali.com\/en\/wp-json\/wp\/v2\/media?parent=6646"}],"curies":[{"name":"wp","href":"https:\/\/api.w.org\/{rel}","templated":true}]}}