{"id":6670,"date":"2020-09-17T13:13:02","date_gmt":"2020-09-17T10:13:02","guid":{"rendered":"http:\/\/dostlukfilmfestivali.com\/?page_id=6670"},"modified":"2024-08-06T22:07:18","modified_gmt":"2024-08-06T19:07:18","slug":"fethi-gemuhluoglu","status":"publish","type":"page","link":"http:\/\/dostlukfilmfestivali.com\/en\/fethi-gemuhluoglu\/","title":{"rendered":"Fethi Gemuhluo\u011flu"},"content":{"rendered":"<p>[vc_row el_id=&#8221;yillar-menu-row&#8221;][vc_column][vc_btn title=&#8221;2024: Mahmoud Darwish&#8221; color=&#8221;juicy-pink&#8221; size=&#8221;lg&#8221; el_class=&#8221;yillar-menu&#8221; link=&#8221;url:http%3A%2F%2Fdostlukfilmfestivali.com%2Fen%2Fmahmud-dervis%2F|title:Mahmud%20Dervi%C5%9F||&#8221;][vc_btn title=&#8221;2022: Ne\u015fat Erta\u015f&#8221; color=&#8221;juicy-pink&#8221; size=&#8221;lg&#8221; el_class=&#8221;yillar-menu&#8221; link=&#8221;url:https%3A%2F%2Fdostlukfilmfestivali.com%2Fen%2Fnesat-ertas%2F|title:Ne%C5%9Fat%20Erta%C5%9F||&#8221;][vc_btn title=&#8221;2021: Haji Bektash Veli&#8221; color=&#8221;juicy-pink&#8221; size=&#8221;lg&#8221; el_class=&#8221;yillar-menu&#8221; link=&#8221;url:https%3A%2F%2Fdostlukfilmfestivali.com%2Fen%2Fhaci-bektas-veli-2021%2F|title:Haji%20Bektash%20Veli||&#8221;][vc_btn title=&#8221;2020: Yunus Emre&#8221; color=&#8221;juicy-pink&#8221; size=&#8221;lg&#8221; el_class=&#8221;yillar-menu&#8221; link=&#8221;url:http%3A%2F%2Fdostlukfilmfestivali.com%2Fen%2Fyunus-emre%2F|||&#8221;][vc_btn title=&#8221;2019: \u00c2\u015f\u0131k Veysel \u015eat\u0131ro\u011flu&#8221; color=&#8221;juicy-pink&#8221; size=&#8221;lg&#8221; el_class=&#8221;yillar-menu&#8221; link=&#8221;url:http%3A%2F%2Fdostlukfilmfestivali.com%2Fen%2Fasik-veysel-satiroglu%2F|||&#8221;][vc_btn title=&#8221;2018: Fethi Gemuhluo\u011flu&#8221; color=&#8221;juicy-pink&#8221; size=&#8221;lg&#8221; el_class=&#8221;yillar-menu secili&#8221; link=&#8221;url:%23|||&#8221;][vc_text_separator title=&#8221;International Amity Short Film Festival&#8221; i_icon_fontawesome=&#8221;fa fa-podcast&#8221; i_color=&#8221;grey&#8221; i_size=&#8221;sm&#8221; add_icon=&#8221;true&#8221; el_class=&#8221;seperator-baslik-pembe&#8221;][\/vc_column][\/vc_row][vc_row][vc_column][vc_single_image image=&#8221;6660&#8243; img_size=&#8221;642&#215;500&#8243; alignment=&#8221;center&#8221; style=&#8221;vc_box_border&#8221; border_color=&#8221;chino&#8221;][vc_column_text]<\/p>\n<p>Fethi Gemuhluo\u011flu is a native school that inarguably affected his time and after, with his conscience, friendliness, deepness, genuineness, and excellence. He, unlike all the other intellectuals and artists of his time, never gave up hope of young generation, architect, art and richness of faith and justice of this geography that would progress in the next century. He somehow reached out to ever y intellectual of his time and invited all to become friend and discover the secret paths from heart to heart. He gave his students the necessar y motivation to uncompromisingly gain ground on science, culture, and art.Correctly understanding the concept of friendship enriched by this spiritual man and bringing him into existence in the contemporar y world will be the greatest legacy we will leave to future generations.<\/p>\n<p>Humanity, which cannot be fraternize, will slowly eradicate itself in a lonesome and desolate state as the victim of the technologies and systems it created. In the fast consumption era we live, we are at a time in which friendship, sincerity, gratitude loyalty, and generosity are increasingly losing value. Fethi Gemuhluo\u011flu widened horizon of the intellectuals around him with his broad and philosophical perspective that brought in the concept of \u201cFriendship\u201d during the era he lived in. We are organizing the International Amity Short Film Festival with purpose of re-reading, re-thinking and re-reflecting, and multiplying the effect of this deep \u201cFriendship Concept\u201d, he initiated.<\/p>\n<p>With this festival we aim for:<\/p>\n<p>Resurrecting the concept of \u201cFriendship\u201d in ethical, epistemological, and aesthetic forms in order to stand against today\u2019s growing animosity, hatred, and conflict climate and rebuilding it in the contemporar y world,Ensuring that the people can access school, education, and spiritual world and think over the concept of \u201cFriendship.\u201d<\/p>\n<p>Giving opportunity to make creative films for a livable world,Carr ying the Friendship topic beyond time by means of short films that are the aesthetic and artistic form of written script ideas and making it the legacy of entire mankind on the international scale,Resounding the Anatolian friendship concept fermented by Fethi Gemuhlo\u011flu to geographies that reflect our civilization and the entire world, and creating opportunities that would allow to talk about friendships through short films.<\/p>\n<p>Any kind of short film form that based on Fethi Gemuhluo\u011flu\u2019s \u201cBeing a friend to a fellow man; to an idea; to a neighbor; to a geography; to histor y; to one\u2019s own body; and to ever ything else, visible or not\u201d philosophy, and directly or indirectly mentions the \u201cthe relationship of humanity and the universe that is build on friendship\u201d can apply to our festival. In order to establish correct and solid relationship with our impeded cultural and aesthetic heritage, we first need the \u201cfriendship\u201d concept of Fethi Gemuhluo\u011flu and then the different and unique perspectives that scriptwriters and directors would bring to the concept of \u201cfriendship\u201d specifically in the age the individualization and loneliness.[\/vc_column_text][\/vc_column][\/vc_row]<\/p>\n","protected":false},"excerpt":{"rendered":"<p>[vc_row el_id=&#8221;yillar-menu-row&#8221;][vc_column][vc_btn title=&#8221;2024: Mahmoud Darwish&#8221; color=&#8221;juicy-pink&#8221; size=&#8221;lg&#8221; el_class=&#8221;yillar-menu&#8221; link=&#8221;url:http%3A%2F%2Fdostlukfilmfestivali.com%2Fen%2Fmahmud-dervis%2F|title:Mahmud%20Dervi%C5%9F||&#8221;][vc_btn title=&#8221;2022: Ne\u015fat Erta\u015f&#8221; color=&#8221;juicy-pink&#8221; size=&#8221;lg&#8221; el_class=&#8221;yillar-menu&#8221; link=&#8221;url:https%3A%2F%2Fdostlukfilmfestivali.com%2Fen%2Fnesat-ertas%2F|title:Ne%C5%9Fat%20Erta%C5%9F||&#8221;][vc_btn title=&#8221;2021: Haji Bektash Veli&#8221; color=&#8221;juicy-pink&#8221; size=&#8221;lg&#8221; el_class=&#8221;yillar-menu&#8221; link=&#8221;url:https%3A%2F%2Fdostlukfilmfestivali.com%2Fen%2Fhaci-bektas-veli-2021%2F|title:Haji%20Bektash%20Veli||&#8221;][vc_btn title=&#8221;2020: Yunus Emre&#8221; color=&#8221;juicy-pink&#8221; size=&#8221;lg&#8221; el_class=&#8221;yillar-menu&#8221; link=&#8221;url:http%3A%2F%2Fdostlukfilmfestivali.com%2Fen%2Fyunus-emre%2F|||&#8221;][vc_btn title=&#8221;2019: \u00c2\u015f\u0131k Veysel \u015eat\u0131ro\u011flu&#8221; color=&#8221;juicy-pink&#8221; size=&#8221;lg&#8221; el_class=&#8221;yillar-menu&#8221; link=&#8221;url:http%3A%2F%2Fdostlukfilmfestivali.com%2Fen%2Fasik-veysel-satiroglu%2F|||&#8221;][vc_btn title=&#8221;2018: Fethi Gemuhluo\u011flu&#8221; color=&#8221;juicy-pink&#8221; size=&#8221;lg&#8221; el_class=&#8221;yillar-menu secili&#8221; link=&#8221;url:%23|||&#8221;][vc_text_separator title=&#8221;International Amity Short Film Festival&#8221; i_icon_fontawesome=&#8221;fa fa-podcast&#8221; i_color=&#8221;grey&#8221;&#8230;<\/p>\n","protected":false},"author":1,"featured_media":0,"parent":0,"menu_order":0,"comment_status":"closed","ping_status":"closed","template":"page-fullcontent.php","meta":{"footnotes":""},"class_list":["post-6670","page","type-page","status-publish","hentry"],"_links":{"self":[{"href":"http:\/\/dostlukfilmfestivali.com\/en\/wp-json\/wp\/v2\/pages\/6670"}],"collection":[{"href":"http:\/\/dostlukfilmfestivali.com\/en\/wp-json\/wp\/v2\/pages"}],"about":[{"href":"http:\/\/dostlukfilmfestivali.com\/en\/wp-json\/wp\/v2\/types\/page"}],"author":[{"embeddable":true,"href":"http:\/\/dostlukfilmfestivali.com\/en\/wp-json\/wp\/v2\/users\/1"}],"replies":[{"embeddable":true,"href":"http:\/\/dostlukfilmfestivali.com\/en\/wp-json\/wp\/v2\/comments?post=6670"}],"version-history":[{"count":11,"href":"http:\/\/dostlukfilmfestivali.com\/en\/wp-json\/wp\/v2\/pages\/6670\/revisions"}],"predecessor-version":[{"id":11757,"href":"http:\/\/dostlukfilmfestivali.com\/en\/wp-json\/wp\/v2\/pages\/6670\/revisions\/11757"}],"wp:attachment":[{"href":"http:\/\/dostlukfilmfestivali.com\/en\/wp-json\/wp\/v2\/media?parent=6670"}],"curies":[{"name":"wp","href":"https:\/\/api.w.org\/{rel}","templated":true}]}}