{"id":6750,"date":"2020-10-27T14:39:42","date_gmt":"2020-10-27T11:39:42","guid":{"rendered":"http:\/\/dostlukfilmfestivali.com\/?page_id=6750"},"modified":"2020-11-29T16:30:58","modified_gmt":"2020-11-29T13:30:58","slug":"vedat-ozdemir","status":"publish","type":"page","link":"http:\/\/dostlukfilmfestivali.com\/en\/vedat-ozdemir\/","title":{"rendered":"Vedat \u00d6zdemir"},"content":{"rendered":"<p><img loading=\"lazy\" decoding=\"async\" class=\"alignleft wp-image-6723 size-medium\" src=\"http:\/\/dostlukfilmfestivali.com\/wp-content\/uploads\/2020\/10\/juri_vedat_ozdemir-300x297.jpg\" alt=\"\" width=\"300\" height=\"297\" srcset=\"http:\/\/dostlukfilmfestivali.com\/wp-content\/uploads\/2020\/10\/juri_vedat_ozdemir-300x297.jpg 300w, http:\/\/dostlukfilmfestivali.com\/wp-content\/uploads\/2020\/10\/juri_vedat_ozdemir-150x150.jpg 150w, http:\/\/dostlukfilmfestivali.com\/wp-content\/uploads\/2020\/10\/juri_vedat_ozdemir-500x494.jpg 500w, http:\/\/dostlukfilmfestivali.com\/wp-content\/uploads\/2020\/10\/juri_vedat_ozdemir.jpg 600w\" sizes=\"(max-width: 300px) 100vw, 300px\" \/><\/p>\n<p>&nbsp;<\/p>\n<p>&nbsp;<\/p>\n<p>&nbsp;<\/p>\n<p>&nbsp;<\/p>\n<p>&nbsp;<\/p>\n<p>&nbsp;<\/p>\n<p>&nbsp;<\/p>\n<p>&nbsp;<\/p>\n<p>&nbsp;<\/p>\n<p>Vedat \u00d6zdemir was born in 1974 in Erzurum. In 1995, while continuing his studies, he started to work as a lighting assistant in a film studio. During this period, he worked mainly in commercials and photo shoots. His first movie was \u201cSen Ne Dilersen,\u201d in which he worked as a gaffer. After that, he also worked in many films, including \u201cPolis\/Police (2006)\u201d, \u201cAra (2007\u201d, \u201cSes (2009)\u201d, \u201cMahpeyker K\u00f6sem Sultan (2010)\u201d as gaffer. Around the same time, he also wrote short film scripts and directed them. His first short film was \u201cPardon (2001)\u201d, and after that was \u201cEceba (2003).\u201d He was also the cinematographer in these shorts. He started his career as the DoP in 2007 with the movie \u201cNefes Vatan Sa\u011folsun\u201d and worked nearly 40 films until now, including \u201cAc\u0131 A\u015fk\u201d, \u201cSen Ayd\u0131nlat\u0131rs\u0131n Geceyi\u201d, \u201cAna Yurdu\u201d, \u201cFakat M\u00fczeyyen\u201d, \u201cUzun Hikaye\u201d, and \u201cRauf.\u201d<\/p>\n<p>&nbsp;<\/p>\n<p><b>AWARDS<\/b><\/p>\n<p>Best Cinematographer \u2013 Fakat M\u00fczeyyen Bu Derin Bir Tutku, 2014, 51st Antalya Golden Orange Film Festival<\/p>\n<p>Best Cinematographer \u2013 Ana Yurdu, 2015, 22nd Adana Golden Boll Film Festival<\/p>\n<p>Best Cinematographer \u2013 Ana Yurdu, 2016, 27th Ankara Film Festival<\/p>\n<p>Best Cinematographer \u2013 Rauf, 2016, 53rd Antalya Golden Orange Film Festival<\/p>\n<p>Best Cinematographer \u2013 Rauf, 17th Frankfurt Turkish Film Festival<\/p>\n<p>Best Cinematographer \u2013 Terlik \/ Slippers, Marmara University Communication Faculty Short Film Festival<\/p>\n<p>Best Short Film \u2013 Pardon, 2001, Cine 5 Short Film Competition<\/p>\n<p>Jury\u2019s Special Award \u2013 Pardon, \u0130stanbul Short Film Makers Association Short Film Competition<\/p>\n<p>Best Short Film \u2013 Eceba, \u0130stanbul Short Film Makers Association Short Film Competition<\/p>\n","protected":false},"excerpt":{"rendered":"<p>&nbsp; &nbsp; &nbsp; &nbsp; &nbsp; &nbsp; &nbsp; &nbsp; &nbsp; Vedat \u00d6zdemir was born in 1974 in Erzurum. In 1995, while continuing his studies, he started to work as a lighting assistant in a film studio. During this period, he worked mainly in commercials and photo shoots. His first movie was \u201cSen Ne Dilersen,\u201d in which&#8230;<\/p>\n","protected":false},"author":1,"featured_media":0,"parent":0,"menu_order":0,"comment_status":"closed","ping_status":"closed","template":"page-fullcontent.php","meta":{"footnotes":""},"class_list":["post-6750","page","type-page","status-publish","hentry"],"_links":{"self":[{"href":"http:\/\/dostlukfilmfestivali.com\/en\/wp-json\/wp\/v2\/pages\/6750"}],"collection":[{"href":"http:\/\/dostlukfilmfestivali.com\/en\/wp-json\/wp\/v2\/pages"}],"about":[{"href":"http:\/\/dostlukfilmfestivali.com\/en\/wp-json\/wp\/v2\/types\/page"}],"author":[{"embeddable":true,"href":"http:\/\/dostlukfilmfestivali.com\/en\/wp-json\/wp\/v2\/users\/1"}],"replies":[{"embeddable":true,"href":"http:\/\/dostlukfilmfestivali.com\/en\/wp-json\/wp\/v2\/comments?post=6750"}],"version-history":[{"count":2,"href":"http:\/\/dostlukfilmfestivali.com\/en\/wp-json\/wp\/v2\/pages\/6750\/revisions"}],"predecessor-version":[{"id":7639,"href":"http:\/\/dostlukfilmfestivali.com\/en\/wp-json\/wp\/v2\/pages\/6750\/revisions\/7639"}],"wp:attachment":[{"href":"http:\/\/dostlukfilmfestivali.com\/en\/wp-json\/wp\/v2\/media?parent=6750"}],"curies":[{"name":"wp","href":"https:\/\/api.w.org\/{rel}","templated":true}]}}