{"id":7695,"date":"2020-11-30T16:23:51","date_gmt":"2020-11-30T13:23:51","guid":{"rendered":"http:\/\/dostlukfilmfestivali.com\/?page_id=7695"},"modified":"2024-08-06T20:43:24","modified_gmt":"2024-08-06T17:43:24","slug":"press-releases-2019","status":"publish","type":"page","link":"http:\/\/dostlukfilmfestivali.com\/en\/press-releases-2019\/","title":{"rendered":"Press Releases 2019"},"content":{"rendered":"<p>[vc_row el_id=&#8221;yillar-menu-row&#8221;][vc_column][vc_btn title=&#8221;2024&#8243; color=&#8221;juicy-pink&#8221; size=&#8221;lg&#8221; el_class=&#8221;yillar-menu&#8221; link=&#8221;url:http%3A%2F%2Fdostlukfilmfestivali.com%2Fen%2Fpress-releases-2024%2F|title:Press%20Releases%202024||&#8221;][vc_btn title=&#8221;2022&#8243; color=&#8221;juicy-pink&#8221; size=&#8221;lg&#8221; el_class=&#8221;yillar-menu&#8221; link=&#8221;url:https%3A%2F%2Fdostlukfilmfestivali.com%2Fen%2Fpress-releases-2022%2F|title:Press%20Releases%202022||&#8221;][vc_btn title=&#8221;2021&#8243; color=&#8221;juicy-pink&#8221; size=&#8221;lg&#8221; el_class=&#8221;yillar-menu&#8221; link=&#8221;url:%2Fen%2Fpress-releases-2021|||&#8221;][vc_btn title=&#8221;2020&#8243; color=&#8221;juicy-pink&#8221; size=&#8221;lg&#8221; el_class=&#8221;yillar-menu&#8221; link=&#8221;url:https%3A%2F%2Fdostlukfilmfestivali.com%2Fen%2Fpress-releases-2020%2F|title:Press%20Releases%202020||&#8221;][vc_btn title=&#8221;2019&#8243; color=&#8221;juicy-pink&#8221; size=&#8221;lg&#8221; el_class=&#8221;yillar-menu secili&#8221; link=&#8221;url:%23|||&#8221;][vc_btn title=&#8221;2018&#8243; color=&#8221;juicy-pink&#8221; size=&#8221;lg&#8221; el_class=&#8221;yillar-menu&#8221; link=&#8221;url:http%3A%2F%2Fdostlukfilmfestivali.com%2Fen%2Fpress-releases-2018%2F|||&#8221;][vc_text_separator title=&#8221;II.International Amity Short Film Festival&#8221; i_icon_fontawesome=&#8221;fa fa-podcast&#8221; i_color=&#8221;grey&#8221; i_size=&#8221;sm&#8221; add_icon=&#8221;true&#8221; el_class=&#8221;seperator-baslik-pembe&#8221;][\/vc_column][\/vc_row][vc_row][vc_column width=&#8221;1\/3&#8243;][vc_hoverbox primary_title=&#8221;<b>ANADOLU AJANSI<\/b> 2. Uluslararas\u0131 Dostluk K\u0131sa Film Festivali&#8217;nde \u00f6d\u00fcller sahiplerini buldu.&#8221; primary_title_font_container=&#8221;font_size:130%25&#8243; primary_title_use_theme_fonts=&#8221;yes&#8221; hover_title=&#8221; 2. Uluslararas\u0131 Dostluk K\u0131sa Film Festivali&#8217;nde \u00f6d\u00fcller sahiplerini buldu.&#8221; hover_title_font_container=&#8221;font_size:100%25&#8243; hover_title_use_theme_fonts=&#8221;yes&#8221; hover_btn_title=&#8221;Devam\u0131n\u0131 Oku&#8221; hover_btn_color=&#8221;danger&#8221; css_animation=&#8221;bounceIn&#8221; use_custom_fonts_primary_title=&#8221;true&#8221; use_custom_fonts_hover_title=&#8221;true&#8221; hover_add_button=&#8221;true&#8221; hover_btn_link=&#8221;url:https%3A%2F%2Fwww.aa.com.tr%2Ftr%2Fkultur-sanat%2F2-uluslararasi-dostluk-kisa-film-festivalinde-oduller-sahiplerini-buldu%2F1675788||target:%20_blank|&#8221; primary_title_link=&#8221;url:https%3A%2F%2Fwww.aa.com.tr%2Ftr%2Fkultur-sanat%2F2-uluslararasi-dostluk-kisa-film-festivalinde-oduller-sahiplerini-buldu%2F1675788||target:%20_blank|&#8221; css=&#8221;.vc_custom_1606550768108{margin-top: 20px !important;margin-right: 20px !important;margin-bottom: 20px !important;margin-left: 20px !important;}&#8221; el_class=&#8221;basindabiz&#8221; primary_title_el_class=&#8221;basinbaslik&#8221;]Yar\u0131\u015fmada birincilik \u00f6d\u00fcl\u00fcn\u00fc Tahsin \u00d6zmen&#8217;in &#8220;Pantor&#8221; filmi al\u0131rken, \u0130ranl\u0131 y\u00f6netmen Shahram Maslakhi&#8217;nin &#8220;Piece Cemetery 85&#8221; filmi ikinci, Onur Ya\u011f\u0131z&#8217;\u0131n &#8220;Toprak&#8221; filmi de \u00fc\u00e7\u00fcnc\u00fc oldu.[\/vc_hoverbox][\/vc_column][vc_column width=&#8221;1\/3&#8243;][vc_hoverbox primary_title=&#8221;<b>TIMETURK<\/b>2. Uluslararas\u0131 Dostluk K\u0131sa Film Festivali&#8221; primary_title_font_container=&#8221;font_size:130%25&#8243; primary_title_use_theme_fonts=&#8221;yes&#8221; hover_title=&#8221;2. Uluslararas\u0131 Dostluk K\u0131sa Film Festivali&#8221; hover_title_font_container=&#8221;font_size:100%25&#8243; hover_title_use_theme_fonts=&#8221;yes&#8221; hover_btn_title=&#8221;Devam\u0131n\u0131 Oku&#8221; hover_btn_color=&#8221;danger&#8221; css_animation=&#8221;bounceIn&#8221; use_custom_fonts_primary_title=&#8221;true&#8221; use_custom_fonts_hover_title=&#8221;true&#8221; hover_add_button=&#8221;true&#8221; hover_btn_link=&#8221;url:https%3A%2F%2Fwww.timeturk.com%2F2-uluslararasi-dostluk-kisa-film-festivali%2Fhaber-1314557||target:%20_blank|&#8221; primary_title_link=&#8221;url:https%3A%2F%2Fwww.timeturk.com%2F2-uluslararasi-dostluk-kisa-film-festivali%2Fhaber-1314557||target:%20_blank|&#8221; css=&#8221;.vc_custom_1606549826989{margin-top: 20px !important;margin-right: 20px !important;margin-bottom: 20px !important;margin-left: 20px !important;}&#8221; el_class=&#8221;basindabiz&#8221; primary_title_el_class=&#8221;basinbaslik&#8221;]B\u00fcy\u00fck ozan A\u015f\u0131k Veysel an\u0131s\u0131na yap\u0131lacak festivalde 11 \u00fclkeden 16 k\u0131sa film yar\u0131\u015facak- T\u00fcrkiye&#8217;den 3, \u0130ran&#8217;dan 4, Hollanda, ABD, \u0130talya, \u00c7in, Tayvan, Irak, Fransa, Kosova ve Rusya&#8217;dan birer film, b\u00fcy\u00fck \u00f6d\u00fcl i\u00e7in j\u00fcri kar\u015f\u0131s\u0131na \u00e7\u0131kacak.[\/vc_hoverbox][\/vc_column][vc_column width=&#8221;1\/3&#8243;][vc_hoverbox primary_title=&#8221;<b>HABERLER.COM<\/b>2. Uluslararas\u0131 Dostluk K\u0131sa Film Festivali&#8221; primary_title_font_container=&#8221;font_size:130%25&#8243; primary_title_use_theme_fonts=&#8221;yes&#8221; hover_title=&#8221;2. Uluslararas\u0131 Dostluk K\u0131sa Film Festivali&#8221; hover_title_font_container=&#8221;font_size:100%25&#8243; hover_title_use_theme_fonts=&#8221;yes&#8221; hover_btn_title=&#8221;Devam\u0131n\u0131 Oku&#8221; hover_btn_color=&#8221;danger&#8221; css_animation=&#8221;bounceIn&#8221; use_custom_fonts_primary_title=&#8221;true&#8221; use_custom_fonts_hover_title=&#8221;true&#8221; hover_add_button=&#8221;true&#8221; hover_btn_link=&#8221;url:https%3A%2F%2Fwww.haberler.com%2F2-uluslararasi-dostluk-kisa-film-festivali-12685076-haberi%2F||target:%20_blank|&#8221; primary_title_link=&#8221;url:https%3A%2F%2Fwww.haberler.com%2F2-uluslararasi-dostluk-kisa-film-festivali-12685076-haberi%2F||target:%20_blank|&#8221; css=&#8221;.vc_custom_1606549687987{margin-top: 20px !important;margin-right: 20px !important;margin-bottom: 20px !important;margin-left: 20px !important;}&#8221; el_class=&#8221;basindabiz&#8221; primary_title_el_class=&#8221;basinbaslik&#8221;]<\/p>\n<div class=\"hbptHead pb0\">\n<p class=\"haber_ozet\">A\u015f\u0131k Veysel an\u0131s\u0131na 13-15 Aral\u0131k&#8217;ta ger\u00e7ekle\u015ftirilecek 2. Uluslararas\u0131 Dostluk K\u0131sa Film Festivali&#8217;nin program\u0131 a\u00e7\u0131kland\u0131.<\/p>\n<\/div>\n<div class=\"detail-tools flex-start\" data-flex-order=\"0\"><\/div>\n<p>[\/vc_hoverbox][\/vc_column][\/vc_row][vc_row][vc_column width=&#8221;1\/3&#8243;][vc_hoverbox primary_title=&#8221;<b>SONDAK\u0130KA.COM<\/b>2. Uluslararas\u0131 Dostluk K\u0131sa Film Festivali&#8221; primary_title_font_container=&#8221;font_size:130%25&#8243; primary_title_use_theme_fonts=&#8221;yes&#8221; hover_title=&#8221;2. Uluslararas\u0131 Dostluk K\u0131sa Film Festivali&#8221; hover_title_font_container=&#8221;font_size:100%25&#8243; hover_title_use_theme_fonts=&#8221;yes&#8221; hover_btn_title=&#8221;Devam\u0131n\u0131 Oku&#8221; hover_btn_color=&#8221;danger&#8221; css_animation=&#8221;bounceIn&#8221; use_custom_fonts_primary_title=&#8221;true&#8221; use_custom_fonts_hover_title=&#8221;true&#8221; hover_add_button=&#8221;true&#8221; hover_btn_link=&#8221;url:https%3A%2F%2Fwww.sondakika.com%2Fhaber%2Fhaber-2-uluslararasi-dostluk-kisa-film-festivali-12685076%2F||target:%20_blank|&#8221; primary_title_link=&#8221;url:https%3A%2F%2Fwww.sondakika.com%2Fhaber%2Fhaber-2-uluslararasi-dostluk-kisa-film-festivali-12685076%2F||target:%20_blank|&#8221; css=&#8221;.vc_custom_1606550136774{margin-top: 20px !important;margin-right: 20px !important;margin-bottom: 20px !important;margin-left: 20px !important;}&#8221; el_class=&#8221;basindabiz&#8221; primary_title_el_class=&#8221;basinbaslik&#8221;]<\/p>\n<p class=\"mt10 haber_ozet\">A\u015f\u0131k Veysel an\u0131s\u0131na 13-15 Aral\u0131k&#8217;ta ger\u00e7ekle\u015ftirilecek 2. Uluslararas\u0131 Dostluk K\u0131sa Film Festivali&#8217;nin program\u0131 a\u00e7\u0131kland\u0131.<\/p>\n<p>[\/vc_hoverbox][\/vc_column][vc_column width=&#8221;1\/3&#8243;][vc_hoverbox primary_title=&#8221;<b>T\u00dcRK\u0130YE GAZETES\u0130<\/b>K\u0131sa filmler dostlu\u011fa geliyor&#8221; primary_title_font_container=&#8221;font_size:130%25&#8243; primary_title_google_fonts=&#8221;font_family:Exo%3A100%2C100italic%2C200%2C200italic%2C300%2C300italic%2Cregular%2Citalic%2C500%2C500italic%2C600%2C600italic%2C700%2C700italic%2C800%2C800italic%2C900%2C900italic|font_style:400%20regular%3A400%3Anormal&#8221; hover_title=&#8221;K\u0131sa filmler dostlu\u011fa geliyor&#8221; hover_title_font_container=&#8221;font_size:100%25&#8243; hover_title_use_theme_fonts=&#8221;yes&#8221; hover_btn_title=&#8221;Devam\u0131n\u0131 Oku&#8221; hover_btn_color=&#8221;danger&#8221; css_animation=&#8221;bounceIn&#8221; use_custom_fonts_primary_title=&#8221;true&#8221; use_custom_fonts_hover_title=&#8221;true&#8221; hover_add_button=&#8221;true&#8221; hover_btn_link=&#8221;url:https%3A%2F%2Fwww.turkiyegazetesi.com.tr%2Fkultursanat%2F666984.aspx||target:%20_blank|&#8221; primary_title_link=&#8221;url:https%3A%2F%2Fwww.turkiyegazetesi.com.tr%2Fkultursanat%2F666984.aspx||target:%20_blank|&#8221; css=&#8221;.vc_custom_1606550146684{margin-top: 20px !important;margin-right: 20px !important;margin-bottom: 20px !important;margin-left: 20px !important;}&#8221; el_class=&#8221;basindabiz&#8221; primary_title_el_class=&#8221;basinbaslik&#8221;]<\/p>\n<p class=\"article_abstract\">Uluslararas\u0131 Dostluk K\u0131sa Film Festivali, bu sene \u00c2\u015f\u0131k Veysel\u2019in hat\u0131ras\u0131na, 13-14-15 Aral\u0131k\u2019ta ikincisini ger\u00e7ekle\u015ftiriyor.<\/p>\n<p>[\/vc_hoverbox][\/vc_column][vc_column width=&#8221;1\/3&#8243;][vc_hoverbox primary_title=&#8221;<b>POSTA GAZETES\u0130<\/b> II. Uluslararas\u0131 Dostluk K\u0131sa Film Festivali\u2019nin program\u0131 a\u00e7\u0131kland\u0131 &#8221; primary_title_font_container=&#8221;font_size:130%25&#8243; primary_title_google_fonts=&#8221;font_family:Exo%3A100%2C100italic%2C200%2C200italic%2C300%2C300italic%2Cregular%2Citalic%2C500%2C500italic%2C600%2C600italic%2C700%2C700italic%2C800%2C800italic%2C900%2C900italic|font_style:400%20regular%3A400%3Anormal&#8221; hover_title=&#8221; II. Uluslararas\u0131 Dostluk K\u0131sa Film Festivali\u2019nin program\u0131 a\u00e7\u0131kland\u0131 &#8221; hover_title_font_container=&#8221;font_size:100%25&#8243; hover_title_use_theme_fonts=&#8221;yes&#8221; hover_btn_title=&#8221;Devam\u0131n\u0131 Oku&#8221; hover_btn_color=&#8221;danger&#8221; css_animation=&#8221;bounceIn&#8221; use_custom_fonts_primary_title=&#8221;true&#8221; use_custom_fonts_hover_title=&#8221;true&#8221; hover_add_button=&#8221;true&#8221; hover_btn_link=&#8221;url:https%3A%2F%2Fwww.posta.com.tr%2Fii-uluslararasi-dostluk-kisa-film-festivalinin-programi-aciklandi-2224797||target:%20_blank|&#8221; primary_title_link=&#8221;url:https%3A%2F%2Fwww.posta.com.tr%2Fii-uluslararasi-dostluk-kisa-film-festivalinin-programi-aciklandi-2224797||target:%20_blank|&#8221; css=&#8221;.vc_custom_1606550320671{margin-top: 20px !important;margin-right: 20px !important;margin-bottom: 20px !important;margin-left: 20px !important;}&#8221; el_class=&#8221;basindabiz&#8221; primary_title_el_class=&#8221;basinbaslik&#8221;]<\/p>\n<p class=\"news-detail__info__spot \">De\u011ferli ozan \u00c2\u015f\u0131k Veysel an\u0131s\u0131na, 13-14-15 Aral\u0131k tarihlerinde ger\u00e7ekle\u015ftirilecek II. Uluslararas\u0131 Dostluk K\u0131sa Film Festivali\u2019nin program\u0131 a\u00e7\u0131kland\u0131. 50 k\u0131sa film ve 4 uzun metraj filmin sinemaseverler ile bulu\u015faca\u011f\u0131 festivalde T\u00fcrkiye\u2019de ilk kez g\u00f6sterime girecek filmler de yer al\u0131yor.<\/p>\n<p>[\/vc_hoverbox][\/vc_column][\/vc_row][vc_row][vc_column width=&#8221;1\/3&#8243;][vc_hoverbox primary_title=&#8221;<b>D\u00dcNYAB\u0130Z\u0130M.COM<\/b>II. Uluslaras\u0131 Dostluk K\u0131sa Film Festivali&#8221; primary_title_font_container=&#8221;font_size:130%25&#8243; primary_title_google_fonts=&#8221;font_family:Exo%3A100%2C100italic%2C200%2C200italic%2C300%2C300italic%2Cregular%2Citalic%2C500%2C500italic%2C600%2C600italic%2C700%2C700italic%2C800%2C800italic%2C900%2C900italic|font_style:400%20regular%3A400%3Anormal&#8221; hover_title=&#8221;II. Uluslaras\u0131 Dostluk K\u0131sa Film Festivali&#8221; hover_title_font_container=&#8221;font_size:100%25&#8243; hover_title_use_theme_fonts=&#8221;yes&#8221; hover_btn_title=&#8221;Devam\u0131n\u0131 Oku&#8221; hover_btn_color=&#8221;danger&#8221; css_animation=&#8221;bounceIn&#8221; use_custom_fonts_primary_title=&#8221;true&#8221; use_custom_fonts_hover_title=&#8221;true&#8221; hover_add_button=&#8221;true&#8221; hover_btn_link=&#8221;url:https%3A%2F%2Fwww.dunyabizim.com%2Fetkinlik-takvimi%2Fii-uluslarasi-dostluk-kisa-film-festivali-h39293.html||target:%20_blank|&#8221; primary_title_link=&#8221;url:https%3A%2F%2Fwww.dunyabizim.com%2Fetkinlik-takvimi%2Fii-uluslarasi-dostluk-kisa-film-festivali-h39293.html||target:%20_blank|&#8221; css=&#8221;.vc_custom_1606550701212{margin-top: 20px !important;margin-right: 20px !important;margin-bottom: 20px !important;margin-left: 20px !important;}&#8221; el_class=&#8221;basindabiz&#8221; primary_title_el_class=&#8221;basinbaslik&#8221;]<\/p>\n<p class=\"font-medium mb-0\">Bu y\u0131l ikincisi ger\u00e7ekle\u015fecek Uluslararas\u0131 Dostluk K\u0131sa Film Festivali dostluk \u00fczerine yarat\u0131lm\u0131\u015f; insan ile evrenin ili\u015fkisini, do\u011frudan ya da dolayl\u0131 bir \u015fekilde konu edinen her \u00e7e\u015fit ve formattaki film formunu seyirciyle bulu\u015fturmay\u0131 hedefliyor.<\/p>\n<p>[\/vc_hoverbox][\/vc_column][vc_column width=&#8221;1\/3&#8243;][vc_hoverbox primary_title=&#8221;<b>STAR GAZETES\u0130<\/b>\u2018Dostluk\u2019 i\u00e7in k\u0131sa filmler yar\u0131\u015ft\u0131&#8221; primary_title_font_container=&#8221;font_size:130%25&#8243; primary_title_use_theme_fonts=&#8221;yes&#8221; hover_title=&#8221;\u2018Dostluk\u2019 i\u00e7in k\u0131sa filmler yar\u0131\u015ft\u0131&#8221; hover_title_font_container=&#8221;font_size:100%25&#8243; hover_title_use_theme_fonts=&#8221;yes&#8221; hover_btn_title=&#8221;Devam\u0131n\u0131 Oku&#8221; hover_btn_color=&#8221;danger&#8221; css_animation=&#8221;bounceIn&#8221; use_custom_fonts_primary_title=&#8221;true&#8221; use_custom_fonts_hover_title=&#8221;true&#8221; hover_add_button=&#8221;true&#8221; hover_btn_link=&#8221;url:https%3A%2F%2Fwww.star.com.tr%2Fkultur-sanat%2Fdostluk-icin-kisa-filmler-yaristi-haber-1501029%2F||target:%20_blank|&#8221; primary_title_link=&#8221;url:https%3A%2F%2Fwww.star.com.tr%2Fkultur-sanat%2Fdostluk-icin-kisa-filmler-yaristi-haber-1501029%2F||target:%20_blank|&#8221; css=&#8221;.vc_custom_1606550655707{margin-top: 20px !important;margin-right: 20px !important;margin-bottom: 20px !important;margin-left: 20px !important;}&#8221; el_class=&#8221;basindabiz&#8221; primary_title_el_class=&#8221;basinbaslik&#8221;]<\/p>\n<p class=\"title-2 font-size-24 font-weight-5 margin-bottom-lg\">2. Uluslararas\u0131 Dostluk K\u0131sa Film Festivali\u2019nde \u00f6d\u00fcller sahiplerini buldu. Reis \u00c7elik\u2019in ba\u015fkanl\u0131\u011f\u0131nda toplanan j\u00fcri, yar\u0131\u015fmaya 11 \u00fclkeden kat\u0131lan 16 k\u0131sa filmi de\u011ferlendirdi.<\/p>\n<p>[\/vc_hoverbox][\/vc_column][vc_column width=&#8221;1\/3&#8243;][vc_hoverbox primary_title=&#8221; <b>HABER7.COM<\/b>Dostluk K\u0131sa Film Festivali\u2019nin \u00f6d\u00fclleri sahiplerini buldu&#8221; primary_title_font_container=&#8221;font_size:130%25&#8243; primary_title_use_theme_fonts=&#8221;yes&#8221; hover_title=&#8221;Dostluk K\u0131sa Film Festivali\u2019nin \u00f6d\u00fclleri sahiplerini buldu&#8221; hover_title_font_container=&#8221;font_size:100%25&#8243; hover_title_use_theme_fonts=&#8221;yes&#8221; hover_btn_title=&#8221;Devam\u0131n\u0131 Oku&#8221; hover_btn_color=&#8221;danger&#8221; css_animation=&#8221;bounceIn&#8221; use_custom_fonts_primary_title=&#8221;true&#8221; use_custom_fonts_hover_title=&#8221;true&#8221; hover_add_button=&#8221;true&#8221; hover_btn_link=&#8221;url:https%3A%2F%2Fwww.haber7.com%2Fistanbul%2F2925848-dostluk-kisa-film-festivalinin-odulleri-sahiplerini-buldu||target:%20_blank|&#8221; primary_title_link=&#8221;url:https%3A%2F%2Fwww.haber7.com%2Fistanbul%2F2925848-dostluk-kisa-film-festivalinin-odulleri-sahiplerini-buldu||target:%20_blank|&#8221; css=&#8221;.vc_custom_1606550587095{margin-top: 20px !important;margin-right: 20px !important;margin-bottom: 20px !important;margin-left: 20px !important;}&#8221; el_class=&#8221;basindabiz&#8221; primary_title_el_class=&#8221;basinbaslik&#8221;]62 \u00fclkeden 750 filmin ba\u015fvurdu\u011fu, 50 k\u0131sa film ve 4 uzun metraj filmin 13-15 Aral\u0131k tarihleri aras\u0131nda, Beyo\u011flu Fita\u015f Sinemas\u0131, Salt Galata ve Zeytinburnu K\u00fclt\u00fcr Merkezi\u2019nde sinemaseverlerle bulu\u015ftu\u011fu II. Uluslararas\u0131 Dostluk K\u0131sa Film Festivali Yar\u0131\u015fma Se\u00e7kisi \u00d6d\u00fclleri, 15 Aral\u0131k ak\u015fam\u0131 Grand Pera\u2019da d\u00fczenlenen gecede sahiplerini buldu.<\/p>\n<p>[\/vc_hoverbox][\/vc_column][\/vc_row][vc_row css=&#8221;.vc_custom_1606551277131{padding-right: 20px !important;padding-left: 20px !important;}&#8221; el_id=&#8221;aaaaa&#8221;][vc_column][vc_empty_space height=&#8221;40px&#8221;][vc_gallery type=&#8221;image_grid&#8221; images=&#8221;8823,8822,8821,8820,8819,7402,7403,7404,7405&#8243; img_size=&#8221;medium&#8221;][\/vc_column][\/vc_row][vc_row disable_element=&#8221;yes&#8221; css=&#8221;.vc_custom_1628768596103{padding-right: 20px !important;padding-left: 20px !important;}&#8221;][vc_column][vc_empty_space height=&#8221;40px&#8221;][vc_masonry_media_grid element_width=&#8221;6&#8243; gap=&#8221;10&#8243; item=&#8221;masonryMedia_ScaleWithContentBlock&#8221; grid_id=&#8221;vc_gid:1722966343235-b980c3ae-84b5-4&#8243; include=&#8221;7409,7408,7407,7406,7405,7404,7403,7402,7401&#8243; el_class=&#8221;grid-massonary-haber&#8221;][\/vc_column][\/vc_row]<\/p>\n","protected":false},"excerpt":{"rendered":"<p>[vc_row el_id=&#8221;yillar-menu-row&#8221;][vc_column][vc_btn title=&#8221;2024&#8243; color=&#8221;juicy-pink&#8221; size=&#8221;lg&#8221; el_class=&#8221;yillar-menu&#8221; link=&#8221;url:http%3A%2F%2Fdostlukfilmfestivali.com%2Fen%2Fpress-releases-2024%2F|title:Press%20Releases%202024||&#8221;][vc_btn title=&#8221;2022&#8243; color=&#8221;juicy-pink&#8221; size=&#8221;lg&#8221; el_class=&#8221;yillar-menu&#8221; link=&#8221;url:https%3A%2F%2Fdostlukfilmfestivali.com%2Fen%2Fpress-releases-2022%2F|title:Press%20Releases%202022||&#8221;][vc_btn title=&#8221;2021&#8243; color=&#8221;juicy-pink&#8221; size=&#8221;lg&#8221; el_class=&#8221;yillar-menu&#8221; link=&#8221;url:%2Fen%2Fpress-releases-2021|||&#8221;][vc_btn title=&#8221;2020&#8243; color=&#8221;juicy-pink&#8221; size=&#8221;lg&#8221; el_class=&#8221;yillar-menu&#8221; link=&#8221;url:https%3A%2F%2Fdostlukfilmfestivali.com%2Fen%2Fpress-releases-2020%2F|title:Press%20Releases%202020||&#8221;][vc_btn title=&#8221;2019&#8243; color=&#8221;juicy-pink&#8221; size=&#8221;lg&#8221; el_class=&#8221;yillar-menu secili&#8221; link=&#8221;url:%23|||&#8221;][vc_btn title=&#8221;2018&#8243; color=&#8221;juicy-pink&#8221; size=&#8221;lg&#8221; el_class=&#8221;yillar-menu&#8221; link=&#8221;url:http%3A%2F%2Fdostlukfilmfestivali.com%2Fen%2Fpress-releases-2018%2F|||&#8221;][vc_text_separator title=&#8221;II.International Amity Short Film Festival&#8221; i_icon_fontawesome=&#8221;fa fa-podcast&#8221; i_color=&#8221;grey&#8221; i_size=&#8221;sm&#8221; add_icon=&#8221;true&#8221; el_class=&#8221;seperator-baslik-pembe&#8221;][\/vc_column][\/vc_row][vc_row][vc_column width=&#8221;1\/3&#8243;][vc_hoverbox primary_title=&#8221;ANADOLU AJANSI 2. Uluslararas\u0131 Dostluk K\u0131sa Film Festivali&#8217;nde \u00f6d\u00fcller sahiplerini&#8230;<\/p>\n","protected":false},"author":1,"featured_media":0,"parent":0,"menu_order":0,"comment_status":"closed","ping_status":"closed","template":"page-fullcontent.php","meta":{"footnotes":""},"class_list":["post-7695","page","type-page","status-publish","hentry"],"_links":{"self":[{"href":"http:\/\/dostlukfilmfestivali.com\/en\/wp-json\/wp\/v2\/pages\/7695"}],"collection":[{"href":"http:\/\/dostlukfilmfestivali.com\/en\/wp-json\/wp\/v2\/pages"}],"about":[{"href":"http:\/\/dostlukfilmfestivali.com\/en\/wp-json\/wp\/v2\/types\/page"}],"author":[{"embeddable":true,"href":"http:\/\/dostlukfilmfestivali.com\/en\/wp-json\/wp\/v2\/users\/1"}],"replies":[{"embeddable":true,"href":"http:\/\/dostlukfilmfestivali.com\/en\/wp-json\/wp\/v2\/comments?post=7695"}],"version-history":[{"count":7,"href":"http:\/\/dostlukfilmfestivali.com\/en\/wp-json\/wp\/v2\/pages\/7695\/revisions"}],"predecessor-version":[{"id":11697,"href":"http:\/\/dostlukfilmfestivali.com\/en\/wp-json\/wp\/v2\/pages\/7695\/revisions\/11697"}],"wp:attachment":[{"href":"http:\/\/dostlukfilmfestivali.com\/en\/wp-json\/wp\/v2\/media?parent=7695"}],"curies":[{"name":"wp","href":"https:\/\/api.w.org\/{rel}","templated":true}]}}