{"id":7697,"date":"2020-11-30T16:25:44","date_gmt":"2020-11-30T13:25:44","guid":{"rendered":"http:\/\/dostlukfilmfestivali.com\/?page_id=7697"},"modified":"2024-08-06T20:43:01","modified_gmt":"2024-08-06T17:43:01","slug":"press-releases-2018","status":"publish","type":"page","link":"http:\/\/dostlukfilmfestivali.com\/en\/press-releases-2018\/","title":{"rendered":"Press Releases 2018"},"content":{"rendered":"<p>[vc_row el_id=&#8221;yillar-menu-row&#8221;][vc_column][vc_btn title=&#8221;2024&#8243; color=&#8221;juicy-pink&#8221; size=&#8221;lg&#8221; el_class=&#8221;yillar-menu&#8221; link=&#8221;url:http%3A%2F%2Fdostlukfilmfestivali.com%2Fen%2Fpress-releases-2024%2F|title:Press%20Releases%202024||&#8221;][vc_btn title=&#8221;2022&#8243; color=&#8221;juicy-pink&#8221; size=&#8221;lg&#8221; el_class=&#8221;yillar-menu&#8221; link=&#8221;url:https%3A%2F%2Fdostlukfilmfestivali.com%2Fen%2Fpress-releases-2022%2F|title:Press%20Releases%202022||&#8221;][vc_btn title=&#8221;2021&#8243; color=&#8221;juicy-pink&#8221; size=&#8221;lg&#8221; el_class=&#8221;yillar-menu&#8221; link=&#8221;url:%2Fen%2Fpress-releases-2021|||&#8221;][vc_btn title=&#8221;2020&#8243; color=&#8221;juicy-pink&#8221; size=&#8221;lg&#8221; el_class=&#8221;yillar-menu&#8221; link=&#8221;url:http%3A%2F%2Fdostlukfilmfestivali.com%2Fen%2Fpress-releases-2020%2F|||&#8221;][vc_btn title=&#8221;2019&#8243; color=&#8221;juicy-pink&#8221; size=&#8221;lg&#8221; el_class=&#8221;yillar-menu&#8221; link=&#8221;url:http%3A%2F%2Fdostlukfilmfestivali.com%2Fen%2Fpress-releases-2019%2F|||&#8221;][vc_btn title=&#8221;2018&#8243; color=&#8221;juicy-pink&#8221; size=&#8221;lg&#8221; el_class=&#8221;yillar-menu secili&#8221; link=&#8221;url:%23|||&#8221;][vc_text_separator title=&#8221;International Amity Short Film Festival&#8221; i_icon_fontawesome=&#8221;fa fa-podcast&#8221; i_color=&#8221;grey&#8221; i_size=&#8221;sm&#8221; add_icon=&#8221;true&#8221; el_class=&#8221;seperator-baslik-pembe&#8221;][\/vc_column][\/vc_row][vc_row][vc_column width=&#8221;1\/3&#8243;][vc_hoverbox primary_title=&#8221;<b>EN SON HABER<\/b>Uluslararas\u0131 Dostluk K\u0131sa Film Festivali ba\u015fl\u0131yor&#8221; primary_title_font_container=&#8221;font_size:130%25&#8243; primary_title_use_theme_fonts=&#8221;yes&#8221; hover_title=&#8221;Uluslararas\u0131 Dostluk K\u0131sa Film Festivali ba\u015fl\u0131yor&#8221; hover_title_font_container=&#8221;font_size:100%25&#8243; hover_title_use_theme_fonts=&#8221;yes&#8221; hover_btn_title=&#8221;Devam\u0131n\u0131 Oku&#8221; hover_btn_color=&#8221;danger&#8221; css_animation=&#8221;bounceIn&#8221; use_custom_fonts_primary_title=&#8221;true&#8221; use_custom_fonts_hover_title=&#8221;true&#8221; hover_add_button=&#8221;true&#8221; hover_btn_link=&#8221;url:https%3A%2F%2Fwww.ensonhaber.com%2Fuluslararasi-dostluk-kisa-film-festivali-basliyor.html||target:%20_blank|&#8221; primary_title_link=&#8221;url:https%3A%2F%2Fwww.ensonhaber.com%2Fuluslararasi-dostluk-kisa-film-festivali-basliyor.html||target:%20_blank|&#8221; css=&#8221;.vc_custom_1543932881629{margin-top: 20px !important;margin-right: 20px !important;margin-bottom: 20px !important;margin-left: 20px !important;}&#8221; el_class=&#8221;basindabiz&#8221; primary_title_el_class=&#8221;basinbaslik&#8221;]Cumhurba\u015fkanl\u0131\u011f\u0131 himayesinde bu y\u0131l ilki ger\u00e7ekle\u015ftirilecek Uluslararas\u0131 Dostluk K\u0131sa Film Festivali, 14,15 ve 16 Aral\u0131k tarihlerinde sinemaseverlerle bulu\u015facak.<\/p>\n<div><\/div>\n<p>[\/vc_hoverbox][\/vc_column][vc_column width=&#8221;1\/3&#8243;][vc_hoverbox primary_title=&#8221;<b>STAR<\/b>Kaybetti\u011fimiz dostlu\u011fu filmlerle hat\u0131rlayaca\u011f\u0131z&#8221; primary_title_font_container=&#8221;font_size:130%25&#8243; primary_title_use_theme_fonts=&#8221;yes&#8221; hover_title=&#8221;Kaybetti\u011fimiz dostlu\u011fu filmlerle hat\u0131rlayaca\u011f\u0131z&#8221; hover_title_font_container=&#8221;font_size:100%25&#8243; hover_title_use_theme_fonts=&#8221;yes&#8221; hover_btn_title=&#8221;Devam\u0131n\u0131 Oku&#8221; hover_btn_color=&#8221;danger&#8221; css_animation=&#8221;bounceIn&#8221; use_custom_fonts_primary_title=&#8221;true&#8221; use_custom_fonts_hover_title=&#8221;true&#8221; hover_add_button=&#8221;true&#8221; hover_btn_link=&#8221;url:https%3A%2F%2Fwww.star.com.tr%2Fcumartesi%2Fkaybettigimiz-dostlugu-filmlerle-hatirlayacagiz-haber-1412461%2F||target:%20_blank|&#8221; primary_title_link=&#8221;url:https%3A%2F%2Fwww.star.com.tr%2Fcumartesi%2Fkaybettigimiz-dostlugu-filmlerle-hatirlayacagiz-haber-1412461%2F||target:%20_blank|&#8221; css=&#8221;.vc_custom_1543932732443{margin-top: 20px !important;margin-right: 20px !important;margin-bottom: 20px !important;margin-left: 20px !important;}&#8221; el_class=&#8221;basindabiz&#8221; primary_title_el_class=&#8221;basinbaslik&#8221;]Fethi Gemuhluo\u011flu\u2019nun \u201c\u0130nsana dost olmak, fikre dost olmak, kom\u015fuya dost olmak, co\u011frafyaya dost olmak, tarihe dost olmak, kendi v\u00fccuduna dost olmak, g\u00f6r\u00fcnene ve g\u00f6r\u00fcnmeyene dost olmak\u201d felsefesinden hareketle yola \u00e7\u0131kan Uluslararas\u0131 Dostluk Film Festivali; dil, din, renk ayr\u0131m\u0131 yapmas\u0131z\u0131n bug\u00fcn \u00e7evre \u00fclkelerimizde devam eden sava\u015flara kar\u015f\u0131 insanlara dostlu\u011fu filmlerle hat\u0131rlat\u0131yor.[\/vc_hoverbox][\/vc_column][vc_column width=&#8221;1\/3&#8243;][vc_hoverbox primary_title=&#8221;<b>CNN<\/b>Dostluk K\u0131sa Film Festivali J\u00fcrisine Dev \u0130simler&#8221; primary_title_font_container=&#8221;font_size:130%25&#8243; primary_title_use_theme_fonts=&#8221;yes&#8221; hover_title=&#8221;Dostluk K\u0131sa Film Festivali J\u00fcrisine Dev \u0130simler&#8221; hover_title_font_container=&#8221;font_size:100%25&#8243; hover_title_use_theme_fonts=&#8221;yes&#8221; hover_btn_title=&#8221;Devam\u0131n\u0131 Oku&#8221; hover_btn_color=&#8221;danger&#8221; css_animation=&#8221;bounceIn&#8221; use_custom_fonts_primary_title=&#8221;true&#8221; use_custom_fonts_hover_title=&#8221;true&#8221; hover_add_button=&#8221;true&#8221; hover_btn_link=&#8221;url:https%3A%2F%2Fwww.cnnturk.com%2Fkultur-sanat%2Fsinema%2Fdostluk-kisa-film-festivali-jurisine-dev-isimler||target:%20_blank|&#8221; primary_title_link=&#8221;url:https%3A%2F%2Fwww.cnnturk.com%2Fkultur-sanat%2Fsinema%2Fdostluk-kisa-film-festivali-jurisine-dev-isimler||target:%20_blank|&#8221; css=&#8221;.vc_custom_1541491720223{margin-top: 20px !important;margin-right: 20px !important;margin-bottom: 20px !important;margin-left: 20px !important;}&#8221; el_class=&#8221;basindabiz&#8221; primary_title_el_class=&#8221;basinbaslik&#8221;]<\/p>\n<p class=\"detail-description m-b\" data-flex-order=\"1\">14-15-16 Aral\u0131k tarihleri aras\u0131nda d\u00fczenlenecek Dostluk K\u0131sa Film Festivali&#8217;nin j\u00fcrileri belli oldu.<\/p>\n<div class=\"detail-tools flex-start\" data-flex-order=\"0\"><\/div>\n<p>[\/vc_hoverbox][\/vc_column][\/vc_row][vc_row][vc_column width=&#8221;1\/3&#8243;][vc_hoverbox primary_title=&#8221;<b>ANADOLU AJANSI<\/b>&#8216;Uluslararas\u0131 Dostluk K\u0131sa Film Festivali&#8217; ba\u015fvurular\u0131 s\u00fcr\u00fcyor&#8221; primary_title_font_container=&#8221;font_size:130%25&#8243; primary_title_use_theme_fonts=&#8221;yes&#8221; hover_title=&#8221;&#8216;Uluslararas\u0131 Dostluk K\u0131sa Film Festivali&#8217; ba\u015fvurular\u0131 s\u00fcr\u00fcyor&#8221; hover_title_font_container=&#8221;font_size:100%25&#8243; hover_title_use_theme_fonts=&#8221;yes&#8221; hover_btn_title=&#8221;Devam\u0131n\u0131 Oku&#8221; hover_btn_color=&#8221;danger&#8221; css_animation=&#8221;bounceIn&#8221; use_custom_fonts_primary_title=&#8221;true&#8221; use_custom_fonts_hover_title=&#8221;true&#8221; hover_add_button=&#8221;true&#8221; hover_btn_link=&#8221;url:https%3A%2F%2Fwww.aa.com.tr%2Ftr%2Fkultur-sanat%2Fuluslararasi-dostluk-kisa-film-festivali-basvurulari-suruyor%2F1232783||target:%20_blank|&#8221; primary_title_link=&#8221;url:https%3A%2F%2Fwww.aa.com.tr%2Ftr%2Fkultur-sanat%2Fuluslararasi-dostluk-kisa-film-festivali-basvurulari-suruyor%2F1232783||target:%20_blank|&#8221; css=&#8221;.vc_custom_1541070959649{margin-top: 20px !important;margin-right: 20px !important;margin-bottom: 20px !important;margin-left: 20px !important;}&#8221; el_class=&#8221;basindabiz&#8221; primary_title_el_class=&#8221;basinbaslik&#8221;]Cumhurba\u015fkanl\u0131\u011f\u0131&#8217;n\u0131n himaye etti\u011fi, K\u00fclt\u00fcr ve Turizm Bakanl\u0131\u011f\u0131 ve \u0130stanbul B\u00fcy\u00fck\u015fehir Belediyesi&#8217;nin destekledi\u011fi festivalin ba\u015fvurular\u0131 15 Ekim&#8217;de sona erecek.[\/vc_hoverbox][\/vc_column][vc_column width=&#8221;1\/3&#8243;][vc_hoverbox primary_title=&#8221;<b>S\u0130NEMAT\u00dcRK<\/b>Faysal Soysal \u0130le Dostluk \u00dczerine Sohbet&#8221; primary_title_font_container=&#8221;font_size:130%25&#8243; primary_title_google_fonts=&#8221;font_family:Exo%3A100%2C100italic%2C200%2C200italic%2C300%2C300italic%2Cregular%2Citalic%2C500%2C500italic%2C600%2C600italic%2C700%2C700italic%2C800%2C800italic%2C900%2C900italic|font_style:400%20regular%3A400%3Anormal&#8221; hover_title=&#8221;Faysal Soysal \u0130le Dostluk \u00dczerine Sohbet-&#8221; hover_title_font_container=&#8221;font_size:100%25&#8243; hover_title_use_theme_fonts=&#8221;yes&#8221; hover_btn_title=&#8221;Devam\u0131n\u0131 Oku&#8221; hover_btn_color=&#8221;danger&#8221; css_animation=&#8221;bounceIn&#8221; use_custom_fonts_primary_title=&#8221;true&#8221; use_custom_fonts_hover_title=&#8221;true&#8221; hover_add_button=&#8221;true&#8221; hover_btn_link=&#8221;url:http%3A%2F%2Fwww.sinematurk.com%2Ficerik%2F6723-faysal-soysal-ile-dostluk-festivali-uzerine-sohbet%2F||target:%20_blank|&#8221; primary_title_link=&#8221;url:http%3A%2F%2Fwww.sinematurk.com%2Ficerik%2F6723-faysal-soysal-ile-dostluk-festivali-uzerine-sohbet%2F||target:%20_blank|&#8221; css=&#8221;.vc_custom_1541491876936{margin-top: 20px !important;margin-right: 20px !important;margin-bottom: 20px !important;margin-left: 20px !important;}&#8221; el_class=&#8221;basindabiz&#8221; primary_title_el_class=&#8221;basinbaslik&#8221;]Tematik bir\u00a0k\u0131sa film festivalisiniz. Hem tema se\u00e7menizin hem de dostluk temas\u0131n\u0131 se\u00e7menizin nedeni nedir?[\/vc_hoverbox][\/vc_column][vc_column width=&#8221;1\/3&#8243;][vc_hoverbox primary_title=&#8221;<b>NTV<\/b>Uluslararas\u0131 Dostluk K\u0131sa Film Festivali ba\u015fvurular\u0131 15 Ekim&#8217;de bitiyor&#8221; primary_title_font_container=&#8221;font_size:130%25&#8243; primary_title_google_fonts=&#8221;font_family:Exo%3A100%2C100italic%2C200%2C200italic%2C300%2C300italic%2Cregular%2Citalic%2C500%2C500italic%2C600%2C600italic%2C700%2C700italic%2C800%2C800italic%2C900%2C900italic|font_style:400%20regular%3A400%3Anormal&#8221; hover_title=&#8221; Uluslararas\u0131 Dostluk K\u0131sa Film Festivali ba\u015fvurular\u0131 15 Ekim Pazartesi sona erecek.&#8221; hover_title_font_container=&#8221;font_size:100%25&#8243; hover_title_use_theme_fonts=&#8221;yes&#8221; hover_btn_title=&#8221;Devam\u0131n\u0131 Oku&#8221; hover_btn_color=&#8221;danger&#8221; css_animation=&#8221;bounceIn&#8221; use_custom_fonts_primary_title=&#8221;true&#8221; use_custom_fonts_hover_title=&#8221;true&#8221; hover_add_button=&#8221;true&#8221; hover_btn_link=&#8221;url:https%3A%2F%2Fwww.ntv.com.tr%2Fsanat%2Fuluslararasi-dostluk-kisa-film-festivali-basvurulari-15-ekimde-bitiyor%2CqDFJGwQN8EqKJAx-lKLnLw||target:%20_blank|&#8221; primary_title_link=&#8221;url:https%3A%2F%2Fwww.ntv.com.tr%2Fsanat%2Fuluslararasi-dostluk-kisa-film-festivali-basvurulari-15-ekimde-bitiyor%2CqDFJGwQN8EqKJAx-lKLnLw||target:%20_blank|&#8221; css=&#8221;.vc_custom_1541070587080{margin-top: 20px !important;margin-right: 20px !important;margin-bottom: 20px !important;margin-left: 20px !important;}&#8221; el_class=&#8221;basindabiz&#8221; primary_title_el_class=&#8221;basinbaslik&#8221;]<strong>Uluslararas\u0131 Dostluk K\u0131sa Film Festivali<\/strong>\u00a0i\u00e7in ba\u015fvuru say\u0131s\u0131 \u015fu ana kadar 710\u2019a ula\u015ft\u0131.[\/vc_hoverbox][\/vc_column][\/vc_row][vc_row][vc_column width=&#8221;1\/3&#8243;][vc_hoverbox primary_title=&#8221;<b>SABAH<\/b>Dostlu\u011fun \u00f6nemini vurgulayan festival &#8211; FUNDA KARAYEL&#8221; primary_title_font_container=&#8221;font_size:130%25&#8243; primary_title_google_fonts=&#8221;font_family:Exo%3A100%2C100italic%2C200%2C200italic%2C300%2C300italic%2Cregular%2Citalic%2C500%2C500italic%2C600%2C600italic%2C700%2C700italic%2C800%2C800italic%2C900%2C900italic|font_style:400%20regular%3A400%3Anormal&#8221; hover_title=&#8221;Dostlu\u011fun \u00f6nemini vurgulayan festival &#8211; FUNDA KARAYEL&#8221; hover_title_font_container=&#8221;font_size:100%25&#8243; hover_title_use_theme_fonts=&#8221;yes&#8221; hover_btn_title=&#8221;Devam\u0131n\u0131 Oku&#8221; hover_btn_color=&#8221;danger&#8221; css_animation=&#8221;bounceIn&#8221; use_custom_fonts_primary_title=&#8221;true&#8221; use_custom_fonts_hover_title=&#8221;true&#8221; hover_add_button=&#8221;true&#8221; hover_btn_link=&#8221;url:https%3A%2F%2Fwww.sabah.com.tr%2Fyazarlar%2Fgunaydin%2Ffunda-karayel%2F2018%2F07%2F15%2Fdostlugun-onemini-vurgulayan-festival||target:%20_blank|&#8221; primary_title_link=&#8221;url:https%3A%2F%2Fwww.sabah.com.tr%2Fyazarlar%2Fgunaydin%2Ffunda-karayel%2F2018%2F07%2F15%2Fdostlugun-onemini-vurgulayan-festival||target:%20_blank|&#8221; css=&#8221;.vc_custom_1537440469740{margin-top: 20px !important;margin-right: 20px !important;margin-bottom: 20px !important;margin-left: 20px !important;}&#8221; el_class=&#8221;basindabiz&#8221; primary_title_el_class=&#8221;basinbaslik&#8221;]Uluslararas\u0131 Dostluk K\u0131sa Film Festivali&#8230; Ne g\u00fczel bir festival ad\u0131 de\u011fil mi? Fethi Gemuhluo\u011flu&#8217;nun &#8216;\u0130nsana dost olmak, fikre dost olmak, kom\u015fuya dost olmak, co\u011frafyaya dost olmak, tarihe dost olmak, kendi v\u00fccuduna dost olmak, g\u00f6r\u00fcnene ve g\u00f6r\u00fcnmeyene dost olmak&#8217; felsefesinden hareketle yola \u00e7\u0131kan Uluslararas\u0131 Dostluk K\u0131sa Film Festivali, bu y\u0131l ilk kez 14-15-16 Aral\u0131k tarihlerinde \u0130stanbul&#8217;da ger\u00e7ekle\u015fecek.[\/vc_hoverbox][\/vc_column][vc_column width=&#8221;1\/3&#8243;][vc_hoverbox primary_title=&#8221;<b>HABERT\u00dcRK<\/b>Uluslararas\u0131 Dostluk K\u0131sa Film Festivali&#8221; primary_title_font_container=&#8221;font_size:130%25&#8243; primary_title_use_theme_fonts=&#8221;yes&#8221; hover_title=&#8221;Uluslararas\u0131 Dostluk K\u0131sa Film Festivali&#8221; hover_title_font_container=&#8221;font_size:100%25&#8243; hover_title_use_theme_fonts=&#8221;yes&#8221; hover_btn_title=&#8221;Devam\u0131n\u0131 Oku&#8221; hover_btn_color=&#8221;danger&#8221; css_animation=&#8221;bounceIn&#8221; use_custom_fonts_primary_title=&#8221;true&#8221; use_custom_fonts_hover_title=&#8221;true&#8221; hover_add_button=&#8221;true&#8221; hover_btn_link=&#8221;url:https%3A%2F%2Fwww.haberturk.com%2Fistanbul-haberleri%2F15913424-uluslararasi-dostluk-kisa-film-festivali||target:%20_blank|&#8221; primary_title_link=&#8221;url:https%3A%2F%2Fwww.haberturk.com%2Fistanbul-haberleri%2F15913424-uluslararasi-dostluk-kisa-film-festivali||target:%20_blank|&#8221; css=&#8221;.vc_custom_1537436791837{margin-top: 20px !important;margin-right: 20px !important;margin-bottom: 20px !important;margin-left: 20px !important;}&#8221; el_class=&#8221;basindabiz&#8221; primary_title_el_class=&#8221;basinbaslik&#8221;]\u0130STANBUL (AA) &#8211; &#8220;Dostluk&#8221; temas\u0131n\u0131 ele alan &#8220;Uluslararas\u0131 Dostluk K\u0131sa Film Festivali&#8221;, 14, 15 ve 16 Aral\u0131k&#8217;ta sinemaseverlerle bulu\u015facak.[\/vc_hoverbox][\/vc_column][vc_column width=&#8221;1\/3&#8243;][vc_hoverbox primary_title=&#8221; <b>T\u00dcRK\u0130YE<\/b>Dostluktan festival do\u011fdu&#8221; primary_title_font_container=&#8221;font_size:130%25&#8243; primary_title_use_theme_fonts=&#8221;yes&#8221; hover_title=&#8221; Dostluktan festival do\u011fdu&#8221; hover_title_font_container=&#8221;font_size:100%25&#8243; hover_title_use_theme_fonts=&#8221;yes&#8221; hover_btn_title=&#8221;Devam\u0131n\u0131 Oku&#8221; hover_btn_color=&#8221;danger&#8221; css_animation=&#8221;bounceIn&#8221; use_custom_fonts_primary_title=&#8221;true&#8221; use_custom_fonts_hover_title=&#8221;true&#8221; hover_add_button=&#8221;true&#8221; hover_btn_link=&#8221;url:http%3A%2F%2Fwww.turkiyegazetesi.com.tr%2Fkultursanat%2F570037.aspx||target:%20_blank|&#8221; primary_title_link=&#8221;url:http%3A%2F%2Fwww.turkiyegazetesi.com.tr%2Fkultursanat%2F570037.aspx||target:%20_blank|&#8221; css=&#8221;.vc_custom_1537436841917{margin-top: 20px !important;margin-right: 20px !important;margin-bottom: 20px !important;margin-left: 20px !important;}&#8221; el_class=&#8221;basindabiz&#8221; primary_title_el_class=&#8221;basinbaslik&#8221;]Cumhurba\u015fkanl\u0131\u011f\u0131 himayelerinde Balkon Film organizasyonunda bu y\u0131l ilki tertiplenecek olan &#8220;Uluslararas\u0131 Dostluk K\u0131sa Film Festivali&#8221;, aral\u0131k ay\u0131nda \u0130stanbul&#8217;da sinemaseverlerle bulu\u015facak.\u00a0 Fethi Gemuhluo\u011flu&#8217;nun &#8220;\u0130nsana dost olmak, fikre dost olmak, kom\u015fuya dost olmak, co\u011frafyaya dost olmak, tarihe dost olmak, kendi v\u00fccuduna dost olmak, g\u00f6r\u00fcnene ve g\u00f6r\u00fcnmeyene dost olmak&#8221; fikriyat\u0131ndan yola \u00e7\u0131kan festival, &#8220;dostluk&#8221; kavram\u0131n\u0131 farkl\u0131 ve \u00f6zg\u00fcn bak\u0131\u015f a\u00e7\u0131lar\u0131yla k\u0131sa filmler \u00fczerinden ele alacak. Direkt\u00f6rl\u00fc\u011f\u00fcn\u00fc Faysal Soysal&#8217;\u0131n \u00fcstlendi\u011fi festivalde konferanslar, m\u00fclakatlar, at\u00f6lyeler, yar\u0131\u015fmalar ve film g\u00f6sterimleri ger\u00e7ekle\u015fecek.[\/vc_hoverbox][\/vc_column][\/vc_row][vc_row][vc_column width=&#8221;1\/3&#8243;][vc_hoverbox primary_title=&#8221; <b>BEYAZ PERDE<\/b>Uluslararas\u0131 Dostluk K\u0131sa Film Festivali: &#8220;Dostluktan Yepyeni Bir Festival Do\u011fdu&#8220;&#8221; primary_title_font_container=&#8221;font_size:130%25&#8243; primary_title_use_theme_fonts=&#8221;yes&#8221; hover_title=&#8221; Dostluktan festival do\u011fdu&#8221; hover_title_font_container=&#8221;font_size:100%25&#8243; hover_title_use_theme_fonts=&#8221;yes&#8221; hover_btn_title=&#8221;Devam\u0131n\u0131 Oku&#8221; hover_btn_color=&#8221;danger&#8221; css_animation=&#8221;bounceIn&#8221; use_custom_fonts_primary_title=&#8221;true&#8221; use_custom_fonts_hover_title=&#8221;true&#8221; hover_add_button=&#8221;true&#8221; hover_btn_link=&#8221;url:http%3A%2F%2Fwww.beyazperde.com%2Fhaberler%2Ffilmler%2Fhaberler-84665%2F||target:%20_blank|&#8221; primary_title_link=&#8221;url:http%3A%2F%2Fwww.beyazperde.com%2Fhaberler%2Ffilmler%2Fhaberler-84665%2F||target:%20_blank|&#8221; css=&#8221;.vc_custom_1537445678855{margin-top: 20px !important;margin-right: 20px !important;margin-bottom: 20px !important;margin-left: 20px !important;}&#8221; el_class=&#8221;basindabiz&#8221; primary_title_el_class=&#8221;basinbaslik&#8221;]Direkt\u00f6rl\u00fc\u011f\u00fcn\u00fc Faysal Soysal\u2019\u0131n ve genel sanat y\u00f6netmenli\u011fini Mehmet L\u00fctfi \u015een\u2019in yapt\u0131\u011f\u0131 festivalde \u201cdostluk\u201d kavram\u0131n\u0131 sanat\u0131n en etkili formlar\u0131ndan biri olan sinema arac\u0131l\u0131\u011f\u0131yla yeniden okuma, d\u00fc\u015f\u00fcnme ve hayattaki yans\u0131malar\u0131n\u0131 \u00e7o\u011faltma amac\u0131yla \u00e7e\u015fitli konferanslar, s\u00f6yle\u015filer, at\u00f6lyeler, yar\u0131\u015fmalar ve film g\u00f6sterimleri yap\u0131lacak. Dostluk temas\u0131n\u0131 uluslararas\u0131 bir platformda g\u00fcndeme getirmeyi ama\u00e7layan festival, her y\u0131l belirlenecek birer \u00fclkede e\u015f zamanl\u0131 film g\u00f6sterimleriyle de ilki ger\u00e7ekle\u015ftirecek.[\/vc_hoverbox][\/vc_column][vc_column width=&#8221;1\/3&#8243;][vc_hoverbox primary_title=&#8221;<b>SAD\u0130 BEY<\/b>Uluslararas\u0131 Dostluk K\u0131sa Film Festivali\u2019 nin Tarihleri Belli Oldu&#8221; primary_title_font_container=&#8221;font_size:130%25&#8243; primary_title_google_fonts=&#8221;font_family:Exo%3A100%2C100italic%2C200%2C200italic%2C300%2C300italic%2Cregular%2Citalic%2C500%2C500italic%2C600%2C600italic%2C700%2C700italic%2C800%2C800italic%2C900%2C900italic|font_style:400%20regular%3A400%3Anormal&#8221; hover_title=&#8221;Uluslararas\u0131 Dostluk K\u0131sa Film Festivali\u2019nin Tarihleri Belli Oldu&#8221; hover_title_font_container=&#8221;font_size:100%25&#8243; hover_title_use_theme_fonts=&#8221;yes&#8221; hover_btn_title=&#8221;Devam\u0131n\u0131 Oku&#8221; hover_btn_color=&#8221;danger&#8221; css_animation=&#8221;bounceIn&#8221; use_custom_fonts_primary_title=&#8221;true&#8221; use_custom_fonts_hover_title=&#8221;true&#8221; hover_add_button=&#8221;true&#8221; hover_btn_link=&#8221;url:https%3A%2F%2Fsadibey.com%2F2018%2F07%2F09%2Fuluslararasi-dostluk-kisa-film-festivalinin-tarihleri-belli-oldu%2F%23.W0xgzNIzYdU||target:%20_blank|&#8221; primary_title_link=&#8221;url:https%3A%2F%2Fsadibey.com%2F2018%2F07%2F09%2Fuluslararasi-dostluk-kisa-film-festivalinin-tarihleri-belli-oldu%2F%23.W0xgzNIzYdU||target:%20_blank|&#8221; css=&#8221;.vc_custom_1537864120456{margin-top: 20px !important;margin-right: 20px !important;margin-bottom: 20px !important;margin-left: 20px !important;}&#8221; el_class=&#8221;basindabiz&#8221; primary_title_el_class=&#8221;basinbaslik&#8221;]<strong>Fethi Gemuhluo\u011flu\u2019<\/strong>nun \u201c\u0130nsana dost olmak, fikre dost olmak, kom\u015fuya dost olmak, co\u011frafyaya dost olmak, tarihe dost olmak, kendi v\u00fccuduna dost olmak, g\u00f6r\u00fcnene ve g\u00f6r\u00fcnmeyene dost olmak\u201d felsefesinden hareketle yola \u00e7\u0131kan\u00a0<em><a href=\"http:\/\/sadibey.com\/2018\/07\/02\/uluslararasi-dostluk-kisa-film-festivali\/\">Uluslararas\u0131 Dostluk K\u0131sa Film Festivali,<\/a><\/em>\u00a0bu y\u0131l ilk kez\u00a0<strong>14 \u2013 16 Aral\u0131k 2018<\/strong>\u00a0tarihleri aras\u0131nda, y\u00f6netmen Faysal Soysal direkt\u00f6rl\u00fc\u011f\u00fcnde ve Mehmet L\u00fctfi \u015een\u2019in Genel Sanat Y\u00f6netmenli\u011finide \u0130stanbul\u2019da ger\u00e7ekle\u015ftiriliyor.[\/vc_hoverbox][\/vc_column][vc_column width=&#8221;1\/3&#8243;][vc_hoverbox primary_title=&#8221;<b>B\u0130DOLU S\u0130NEMA<\/b>Sanata Dost Olmak&#8221; primary_title_font_container=&#8221;font_size:130%25&#8243; primary_title_use_theme_fonts=&#8221;yes&#8221; hover_title=&#8221;Sanata Dost Kalmak&#8221; hover_title_font_container=&#8221;font_size:100%25&#8243; hover_title_use_theme_fonts=&#8221;yes&#8221; hover_btn_title=&#8221;Devam\u0131n\u0131 Oku&#8221; hover_btn_color=&#8221;danger&#8221; css_animation=&#8221;bounceIn&#8221; use_custom_fonts_primary_title=&#8221;true&#8221; use_custom_fonts_hover_title=&#8221;true&#8221; hover_add_button=&#8221;true&#8221; hover_btn_link=&#8221;url:http%3A%2F%2Fwww.bidolusinema.com%2Fhaberler%2Fuluslararasi-dostluk-kisa-film-festivali-1615||target:%20_blank|&#8221; primary_title_link=&#8221;url:http%3A%2F%2Fwww.bidolusinema.com%2Fhaberler%2Fuluslararasi-dostluk-kisa-film-festivali-1615||target:%20_blank|&#8221; css=&#8221;.vc_custom_1537447339136{margin-top: 20px !important;margin-right: 20px !important;margin-bottom: 20px !important;margin-left: 20px !important;}&#8221; el_class=&#8221;basindabiz&#8221; primary_title_el_class=&#8221;basinbaslik&#8221;]Direkt\u00f6rl\u00fc\u011f\u00fcn\u00fc Faysal Soysal\u2019\u0131n ve Genel Sanat Y\u00f6netmenli\u011fini Mehmet L\u00fctfi \u015een\u2019in yapt\u0131\u011f\u0131 festivalde \u201cDostluk\u201d kavram\u0131n\u0131 g\u00fcncel sanatlar\u0131n en etkili formlar\u0131ndan biri olan sinema yoluyla yeniden okuma, d\u00fc\u015f\u00fcnme ve hayattaki yans\u0131malar\u0131n\u0131 \u00e7o\u011faltma amac\u0131yla \u00e7e\u015fitli konferanslar, s\u00f6yle\u015filer, at\u00f6lyeler, yar\u0131\u015fmalar ve film g\u00f6sterimleri ger\u00e7ekle\u015fecek. Dostluk temas\u0131n\u0131 uluslararas\u0131 bir platformda g\u00fcndem edinmeyi ama\u00e7layan festival, her y\u0131l belirlenecek bir \u00fclkede e\u015f zamanl\u0131 film g\u00f6sterimleriyle de bir ilki ger\u00e7ekle\u015ftirecek.[\/vc_hoverbox][\/vc_column][\/vc_row][vc_row disable_element=&#8221;yes&#8221; css=&#8221;.vc_custom_1606553490576{padding-right: 20px !important;padding-left: 20px !important;}&#8221;][vc_column][vc_empty_space height=&#8221;40px&#8221;][vc_masonry_media_grid element_width=&#8221;6&#8243; gap=&#8221;10&#8243; item=&#8221;masonryMedia_ScaleWithContentBlock&#8221; grid_id=&#8221;vc_gid:1722966314407-91e70c99-e2bf-10&#8243; el_class=&#8221;grid-massonary-haber&#8221;][\/vc_column][\/vc_row]<\/p>\n","protected":false},"excerpt":{"rendered":"<p>[vc_row el_id=&#8221;yillar-menu-row&#8221;][vc_column][vc_btn title=&#8221;2024&#8243; color=&#8221;juicy-pink&#8221; size=&#8221;lg&#8221; el_class=&#8221;yillar-menu&#8221; link=&#8221;url:http%3A%2F%2Fdostlukfilmfestivali.com%2Fen%2Fpress-releases-2024%2F|title:Press%20Releases%202024||&#8221;][vc_btn title=&#8221;2022&#8243; color=&#8221;juicy-pink&#8221; size=&#8221;lg&#8221; el_class=&#8221;yillar-menu&#8221; link=&#8221;url:https%3A%2F%2Fdostlukfilmfestivali.com%2Fen%2Fpress-releases-2022%2F|title:Press%20Releases%202022||&#8221;][vc_btn title=&#8221;2021&#8243; color=&#8221;juicy-pink&#8221; size=&#8221;lg&#8221; el_class=&#8221;yillar-menu&#8221; link=&#8221;url:%2Fen%2Fpress-releases-2021|||&#8221;][vc_btn title=&#8221;2020&#8243; color=&#8221;juicy-pink&#8221; size=&#8221;lg&#8221; el_class=&#8221;yillar-menu&#8221; link=&#8221;url:http%3A%2F%2Fdostlukfilmfestivali.com%2Fen%2Fpress-releases-2020%2F|||&#8221;][vc_btn title=&#8221;2019&#8243; color=&#8221;juicy-pink&#8221; size=&#8221;lg&#8221; el_class=&#8221;yillar-menu&#8221; link=&#8221;url:http%3A%2F%2Fdostlukfilmfestivali.com%2Fen%2Fpress-releases-2019%2F|||&#8221;][vc_btn title=&#8221;2018&#8243; color=&#8221;juicy-pink&#8221; size=&#8221;lg&#8221; el_class=&#8221;yillar-menu secili&#8221; link=&#8221;url:%23|||&#8221;][vc_text_separator title=&#8221;International Amity Short Film Festival&#8221; i_icon_fontawesome=&#8221;fa fa-podcast&#8221; i_color=&#8221;grey&#8221; i_size=&#8221;sm&#8221; add_icon=&#8221;true&#8221; el_class=&#8221;seperator-baslik-pembe&#8221;][\/vc_column][\/vc_row][vc_row][vc_column width=&#8221;1\/3&#8243;][vc_hoverbox primary_title=&#8221;EN SON HABERUluslararas\u0131 Dostluk K\u0131sa Film Festivali ba\u015fl\u0131yor&#8221; primary_title_font_container=&#8221;font_size:130%25&#8243; primary_title_use_theme_fonts=&#8221;yes&#8221;&#8230;<\/p>\n","protected":false},"author":1,"featured_media":0,"parent":0,"menu_order":0,"comment_status":"closed","ping_status":"closed","template":"page-fullcontent.php","meta":{"footnotes":""},"class_list":["post-7697","page","type-page","status-publish","hentry"],"_links":{"self":[{"href":"http:\/\/dostlukfilmfestivali.com\/en\/wp-json\/wp\/v2\/pages\/7697"}],"collection":[{"href":"http:\/\/dostlukfilmfestivali.com\/en\/wp-json\/wp\/v2\/pages"}],"about":[{"href":"http:\/\/dostlukfilmfestivali.com\/en\/wp-json\/wp\/v2\/types\/page"}],"author":[{"embeddable":true,"href":"http:\/\/dostlukfilmfestivali.com\/en\/wp-json\/wp\/v2\/users\/1"}],"replies":[{"embeddable":true,"href":"http:\/\/dostlukfilmfestivali.com\/en\/wp-json\/wp\/v2\/comments?post=7697"}],"version-history":[{"count":4,"href":"http:\/\/dostlukfilmfestivali.com\/en\/wp-json\/wp\/v2\/pages\/7697\/revisions"}],"predecessor-version":[{"id":11696,"href":"http:\/\/dostlukfilmfestivali.com\/en\/wp-json\/wp\/v2\/pages\/7697\/revisions\/11696"}],"wp:attachment":[{"href":"http:\/\/dostlukfilmfestivali.com\/en\/wp-json\/wp\/v2\/media?parent=7697"}],"curies":[{"name":"wp","href":"https:\/\/api.w.org\/{rel}","templated":true}]}}