{"id":8532,"date":"2021-07-28T11:31:50","date_gmt":"2021-07-28T08:31:50","guid":{"rendered":"https:\/\/dostlukfilmfestivali.com\/?page_id=8532"},"modified":"2024-08-06T20:00:39","modified_gmt":"2024-08-06T17:00:39","slug":"festival-committee-2021","status":"publish","type":"page","link":"http:\/\/dostlukfilmfestivali.com\/en\/festival-committee-2021\/","title":{"rendered":"Festival Committee 2021"},"content":{"rendered":"<p>[vc_row el_id=&#8221;yillar-menu-row&#8221;][vc_column][vc_btn title=&#8221;2024&#8243; color=&#8221;juicy-pink&#8221; size=&#8221;lg&#8221; el_class=&#8221;yillar-menu &#8221; link=&#8221;url:http%3A%2F%2Fdostlukfilmfestivali.com%2Fen%2Ffestival-committee-2024%2F|title:%20||&#8221;][vc_btn title=&#8221;2022&#8243; color=&#8221;juicy-pink&#8221; size=&#8221;lg&#8221; el_class=&#8221;yillar-menu &#8221; link=&#8221;url:https%3A%2F%2Fdostlukfilmfestivali.com%2Fen%2Ffestival-committee-2022%2F|title:%20||&#8221;][vc_btn title=&#8221;2021&#8243; color=&#8221;juicy-pink&#8221; size=&#8221;lg&#8221; el_class=&#8221;yillar-menu secili&#8221; link=&#8221;url:%2Fen%2Ffestival-committee-2021|||&#8221;][vc_btn title=&#8221;2020&#8243; color=&#8221;juicy-pink&#8221; size=&#8221;lg&#8221; el_class=&#8221;yillar-menu&#8221; link=&#8221;url:%2Fen%2Ffestival-committee-2020|||&#8221;][vc_btn title=&#8221;2019&#8243; color=&#8221;juicy-pink&#8221; size=&#8221;lg&#8221; el_class=&#8221;yillar-menu&#8221; link=&#8221;url:http%3A%2F%2Fdostlukfilmfestivali.com%2Fen%2Ffestival-committee-2019%2F|||&#8221;][vc_btn title=&#8221;2018&#8243; color=&#8221;juicy-pink&#8221; size=&#8221;lg&#8221; el_class=&#8221;yillar-menu&#8221; link=&#8221;url:http%3A%2F%2Fdostlukfilmfestivali.com%2Fen%2Ffestival-committee-2018%2F|||&#8221;][vc_text_separator title=&#8221;4. International K\u0131z\u0131lay Amity Short Film Festival&#8221; i_icon_fontawesome=&#8221;fa fa-podcast&#8221; i_color=&#8221;grey&#8221; i_size=&#8221;sm&#8221; add_icon=&#8221;true&#8221; el_class=&#8221;seperator-baslik-pembe&#8221;][\/vc_column][\/vc_row][vc_row][vc_column][vc_custom_heading text=&#8221;Festival Committee&#8221; font_container=&#8221;tag:h2|text_align:center&#8221; google_fonts=&#8221;font_family:Roboto%3A100%2C100italic%2C300%2C300italic%2Cregular%2Citalic%2C500%2C500italic%2C700%2C700italic%2C900%2C900italic|font_style:400%20regular%3A400%3Anormal&#8221;][vc_empty_space height=&#8221;50px&#8221;][vc_row_inner css=&#8221;.vc_custom_1606744465117{padding-top: 60px !important;padding-bottom: 60px !important;}&#8221; el_class=&#8221;komite-row&#8221;][vc_column_inner width=&#8221;1\/4&#8243;][\/vc_column_inner][vc_column_inner width=&#8221;1\/4&#8243;][vc_single_image image=&#8221;7430&#8243; img_size=&#8221;300&#215;300&#8243; alignment=&#8221;center&#8221; style=&#8221;vc_box_border_circle&#8221; border_color=&#8221;orange&#8221;][vc_text_separator title=&#8221;FAYSAL SOYSAL&#8221; css=&#8221;.vc_custom_1575298716130{margin-top: 0px !important;margin-bottom: 0px !important;padding-top: 0px !important;padding-bottom: 0px !important;}&#8221;][vc_column_text css=&#8221;.vc_custom_1600329142036{margin-top: 5px !important;margin-bottom: 0px !important;padding-top: 0px !important;padding-bottom: 0px !important;}&#8221;]<\/p>\n<p style=\"text-align: center;\">Festival Director<\/p>\n<p>[\/vc_column_text][\/vc_column_inner][vc_column_inner width=&#8221;1\/4&#8243;][vc_single_image image=&#8221;5863&#8243; img_size=&#8221;300&#215;300&#8243; alignment=&#8221;center&#8221; style=&#8221;vc_box_border_circle&#8221; border_color=&#8221;orange&#8221;][vc_text_separator title=&#8221;MEHMET L\u00dcTF\u0130 \u015eEN&#8221; css=&#8221;.vc_custom_1575298804134{margin-top: 0px !important;margin-bottom: 0px !important;padding-top: 0px !important;padding-bottom: 0px !important;}&#8221;][vc_column_text css=&#8221;.vc_custom_1637317788239{margin-top: 5px !important;margin-bottom: 0px !important;padding-top: 0px !important;padding-bottom: 0px !important;}&#8221;]<\/p>\n<p class=\"p1\" style=\"text-align: center;\">Festival General Art Director<\/p>\n<p>[\/vc_column_text][\/vc_column_inner][\/vc_row_inner][vc_row_inner css=&#8221;.vc_custom_1606744465117{padding-top: 60px !important;padding-bottom: 60px !important;}&#8221; el_class=&#8221;komite-row&#8221;][vc_column_inner width=&#8221;1\/4&#8243;][vc_single_image image=&#8221;9323&#8243; img_size=&#8221;300&#215;300&#8243; alignment=&#8221;center&#8221; style=&#8221;vc_box_border_circle&#8221; border_color=&#8221;orange&#8221;][vc_text_separator title=&#8221;EKREM \u015eAH\u0130N&#8221; css=&#8221;.vc_custom_1632823125353{margin-top: 0px !important;margin-bottom: 0px !important;padding-top: 0px !important;padding-bottom: 0px !important;}&#8221;][vc_column_text css=&#8221;.vc_custom_1632823133649{margin-top: 5px !important;margin-bottom: 0px !important;padding-top: 0px !important;padding-bottom: 0px !important;}&#8221;]<\/p>\n<div class=\"wpb_text_column wpb_content_element vc_custom_1575299501872\">\n<div class=\"wpb_wrapper\">\n<p class=\"p1\" style=\"text-align: center;\">Festival Advisory Committee<\/p>\n<\/div>\n<\/div>\n<p>[\/vc_column_text][\/vc_column_inner][vc_column_inner width=&#8221;1\/4&#8243;][vc_single_image image=&#8221;9324&#8243; img_size=&#8221;300&#215;300&#8243; alignment=&#8221;center&#8221; style=&#8221;vc_box_border_circle&#8221; border_color=&#8221;orange&#8221;][vc_text_separator title=&#8221;ZEYNEP MELTEM \u00d6ZEKER&#8221; css=&#8221;.vc_custom_1632823163156{margin-top: 0px !important;margin-bottom: 0px !important;padding-top: 0px !important;padding-bottom: 0px !important;}&#8221;][vc_column_text css=&#8221;.vc_custom_1632823170198{margin-top: 5px !important;margin-bottom: 0px !important;padding-top: 0px !important;padding-bottom: 0px !important;}&#8221;]<\/p>\n<div class=\"wpb_text_column wpb_content_element vc_custom_1575299501872\">\n<div class=\"wpb_wrapper\">\n<p class=\"p1\" style=\"text-align: center;\">Festival Advisory Committee<\/p>\n<\/div>\n<\/div>\n<p>[\/vc_column_text][\/vc_column_inner][vc_column_inner width=&#8221;1\/4&#8243;][vc_single_image image=&#8221;9325&#8243; img_size=&#8221;300&#215;300&#8243; alignment=&#8221;center&#8221; style=&#8221;vc_box_border_circle&#8221; border_color=&#8221;orange&#8221;][vc_text_separator title=&#8221;AYBARS BORA KAHYAO\u011eLU&#8221; css=&#8221;.vc_custom_1632823268198{margin-top: 0px !important;margin-bottom: 0px !important;padding-top: 0px !important;padding-bottom: 0px !important;}&#8221;][vc_column_text css=&#8221;.vc_custom_1632823274904{margin-top: 5px !important;margin-bottom: 0px !important;padding-top: 0px !important;padding-bottom: 0px !important;}&#8221;]<\/p>\n<div class=\"wpb_text_column wpb_content_element vc_custom_1575299501872\">\n<div class=\"wpb_wrapper\">\n<p class=\"p1\" style=\"text-align: center;\">Festival Advisory Committee<\/p>\n<\/div>\n<\/div>\n<p>[\/vc_column_text][\/vc_column_inner][vc_column_inner width=&#8221;1\/4&#8243;][vc_single_image image=&#8221;9336&#8243; img_size=&#8221;300&#215;300&#8243; alignment=&#8221;center&#8221; style=&#8221;vc_box_border_circle&#8221; border_color=&#8221;orange&#8221;][vc_text_separator title=&#8221;G\u00dcLNAZ G\u00d6K\u00c7EN&#8221; css=&#8221;.vc_custom_1632823293918{margin-top: 0px !important;margin-bottom: 0px !important;padding-top: 0px !important;padding-bottom: 0px !important;}&#8221;][vc_column_text css=&#8221;.vc_custom_1632823303217{margin-top: 5px !important;margin-bottom: 0px !important;padding-top: 0px !important;padding-bottom: 0px !important;}&#8221;]<\/p>\n<div class=\"wpb_text_column wpb_content_element vc_custom_1575299501872\">\n<div class=\"wpb_wrapper\">\n<p class=\"p1\" style=\"text-align: center;\">Festival Advisory Committee<\/p>\n<\/div>\n<\/div>\n<p>[\/vc_column_text][\/vc_column_inner][\/vc_row_inner][vc_row_inner css=&#8221;.vc_custom_1606739202674{padding-top: 60px !important;padding-bottom: 60px !important;}&#8221; el_class=&#8221;komite-row&#8221;][vc_column_inner width=&#8221;1\/3&#8243;][vc_single_image image=&#8221;9930&#8243; img_size=&#8221;300&#215;300&#8243; alignment=&#8221;center&#8221; style=&#8221;vc_box_border_circle&#8221; border_color=&#8221;orange&#8221;][vc_text_separator title=&#8221;SAL\u0130HA SULTAN&#8221; css=&#8221;.vc_custom_1636142079437{margin-top: 0px !important;margin-bottom: 0px !important;padding-top: 0px !important;padding-bottom: 0px !important;}&#8221;][vc_column_text css=&#8221;.vc_custom_1637334645885{margin-top: 5px !important;margin-bottom: 0px !important;padding-top: 0px !important;padding-bottom: 0px !important;}&#8221;]<\/p>\n<p class=\"p1\" style=\"text-align: center;\">Festival General Coordinator<\/p>\n<p>[\/vc_column_text][\/vc_column_inner][vc_column_inner width=&#8221;1\/3&#8243;][vc_single_image image=&#8221;5839&#8243; img_size=&#8221;300&#215;300&#8243; alignment=&#8221;center&#8221; style=&#8221;vc_box_border_circle&#8221; border_color=&#8221;orange&#8221;][vc_text_separator title=&#8221;N\u0130HAL \u015eEN&#8221; css=&#8221;.vc_custom_1575299421170{margin-top: 0px !important;margin-bottom: 0px !important;padding-top: 0px !important;padding-bottom: 0px !important;}&#8221;][vc_column_text css=&#8221;.vc_custom_1607328298374{margin-top: 5px !important;margin-bottom: 0px !important;padding-top: 0px !important;padding-bottom: 0px !important;}&#8221;]<\/p>\n<p class=\"p1\" style=\"text-align: center;\">Program Coordinator<\/p>\n<p>[\/vc_column_text][\/vc_column_inner][vc_column_inner width=&#8221;1\/3&#8243;][vc_single_image image=&#8221;6818&#8243; img_size=&#8221;300&#215;300&#8243; alignment=&#8221;center&#8221; style=&#8221;vc_box_border_circle&#8221; border_color=&#8221;orange&#8221;][vc_text_separator title=&#8221;EZG\u0130 B\u00dc\u015eRA \u00c7INAR&#8221; css=&#8221;.vc_custom_1605596404058{margin-top: 0px !important;margin-bottom: 0px !important;padding-top: 0px !important;padding-bottom: 0px !important;}&#8221;][vc_column_text css=&#8221;.vc_custom_1606744306024{margin-top: 5px !important;margin-bottom: 0px !important;padding-top: 0px !important;padding-bottom: 0px !important;}&#8221;]<\/p>\n<p class=\"p1\" style=\"text-align: center;\">Event Coordinator<\/p>\n<p>[\/vc_column_text][\/vc_column_inner][\/vc_row_inner][vc_row_inner css=&#8221;.vc_custom_1606739202674{padding-top: 60px !important;padding-bottom: 60px !important;}&#8221; el_class=&#8221;komite-row&#8221;][vc_column_inner width=&#8221;1\/3&#8243;][vc_single_image image=&#8221;8979&#8243; img_size=&#8221;300&#215;300&#8243; alignment=&#8221;center&#8221; style=&#8221;vc_box_border_circle&#8221; border_color=&#8221;orange&#8221;][vc_text_separator title=&#8221;\u015eEYMA \u00c7AKAR&#8221; css=&#8221;.vc_custom_1629451468245{margin-top: 0px !important;margin-bottom: 0px !important;padding-top: 0px !important;padding-bottom: 0px !important;}&#8221;][vc_column_text css=&#8221;.vc_custom_1629451484267{margin-top: 5px !important;margin-bottom: 0px !important;padding-top: 0px !important;padding-bottom: 0px !important;}&#8221;]<\/p>\n<div class=\"wpb_text_column wpb_content_element vc_custom_1606744337053\">\n<div class=\"wpb_wrapper\">\n<p class=\"p1\" style=\"text-align: center;\">Festival Coordinator\u00a0Assistant<\/p>\n<\/div>\n<\/div>\n<p>[\/vc_column_text][\/vc_column_inner][vc_column_inner width=&#8221;1\/3&#8243;][vc_single_image image=&#8221;6819&#8243; img_size=&#8221;300&#215;300&#8243; alignment=&#8221;center&#8221; style=&#8221;vc_box_border_circle&#8221; border_color=&#8221;orange&#8221;][vc_text_separator title=&#8221;U\u011eUR TOPAL&#8221; css=&#8221;.vc_custom_1605596586744{margin-top: 0px !important;margin-bottom: 0px !important;padding-top: 0px !important;padding-bottom: 0px !important;}&#8221;][vc_column_text css=&#8221;.vc_custom_1606744415773{margin-top: 5px !important;margin-bottom: 0px !important;padding-top: 0px !important;padding-bottom: 0px !important;}&#8221;]<\/p>\n<p class=\"p1\" style=\"text-align: center;\">Social Media Specialist<\/p>\n<p>[\/vc_column_text][\/vc_column_inner][vc_column_inner width=&#8221;1\/3&#8243;][vc_single_image image=&#8221;9459&#8243; img_size=&#8221;300&#215;300&#8243; alignment=&#8221;center&#8221; style=&#8221;vc_box_border_circle&#8221; border_color=&#8221;orange&#8221;][vc_text_separator title=&#8221;FTESA HAZROLLI &#8221; css=&#8221;.vc_custom_1634551308516{margin-top: 0px !important;margin-bottom: 0px !important;padding-top: 0px !important;padding-bottom: 0px !important;}&#8221;][vc_column_text css=&#8221;.vc_custom_1629451484267{margin-top: 5px !important;margin-bottom: 0px !important;padding-top: 0px !important;padding-bottom: 0px !important;}&#8221;]<\/p>\n<div class=\"wpb_text_column wpb_content_element vc_custom_1606744337053\">\n<div class=\"wpb_wrapper\">\n<p class=\"p1\" style=\"text-align: center;\">Festival Coordinator\u00a0Assistant<\/p>\n<\/div>\n<\/div>\n<p>[\/vc_column_text][\/vc_column_inner][\/vc_row_inner][vc_row_inner css=&#8221;.vc_custom_1606739188505{padding-top: 60px !important;padding-bottom: 60px !important;}&#8221; el_class=&#8221;komite-row&#8221;][vc_column_inner width=&#8221;1\/3&#8243;][vc_text_separator title=&#8221;G\u00d6KHAN CANPOLAT&#8221; css=&#8221;.vc_custom_1637764342169{margin-top: 0px !important;margin-bottom: 0px !important;padding-top: 0px !important;padding-bottom: 0px !important;}&#8221;][vc_column_text css=&#8221;.vc_custom_1637764479241{margin-top: 5px !important;margin-bottom: 0px !important;padding-top: 0px !important;padding-bottom: 0px !important;}&#8221;]<\/p>\n<p class=\"p1\" style=\"text-align: center;\">Animation<\/p>\n<p>[\/vc_column_text][\/vc_column_inner][vc_column_inner width=&#8221;1\/3&#8243;][vc_text_separator title=&#8221;AY\u015eENUR B\u00dc\u015eRA ERDO\u011eDU&#8221; css=&#8221;.vc_custom_1606567723459{margin-top: 0px !important;margin-bottom: 0px !important;padding-top: 0px !important;padding-bottom: 0px !important;}&#8221;][vc_column_text css=&#8221;.vc_custom_1607329389742{margin-top: 5px !important;margin-bottom: 0px !important;padding-top: 0px !important;padding-bottom: 0px !important;}&#8221;]<\/p>\n<p class=\"p1\" style=\"text-align: center;\">Coordinator of Volunteers<\/p>\n<p>[\/vc_column_text][\/vc_column_inner][vc_column_inner width=&#8221;1\/3&#8243;][vc_text_separator title=&#8221;AYKUT \u00c7ALIK &amp; G\u00dcL\u015eAH \u00d6ZBEK&#8221; css=&#8221;.vc_custom_1607328328757{margin-top: 0px !important;margin-bottom: 0px !important;padding-top: 0px !important;padding-bottom: 0px !important;}&#8221;][vc_column_text css=&#8221;.vc_custom_1607329427277{margin-top: 5px !important;margin-bottom: 0px !important;padding-top: 0px !important;padding-bottom: 0px !important;}&#8221;]<\/p>\n<p class=\"p1\" style=\"text-align: center;\">Trophy Desing<\/p>\n<p>[\/vc_column_text][\/vc_column_inner][\/vc_row_inner][vc_row_inner css=&#8221;.vc_custom_1606739188505{padding-top: 60px !important;padding-bottom: 60px !important;}&#8221; el_class=&#8221;komite-row&#8221;][vc_column_inner width=&#8221;1\/3&#8243;][vc_text_separator title=&#8221;ARDA PEK\u00c7AKIR&#8221; css=&#8221;.vc_custom_1606734718732{margin-top: 0px !important;margin-bottom: 0px !important;padding-top: 0px !important;padding-bottom: 0px !important;}&#8221;][vc_column_text css=&#8221;.vc_custom_1607329362453{margin-top: 5px !important;margin-bottom: 0px !important;padding-top: 0px !important;padding-bottom: 0px !important;}&#8221;]<\/p>\n<p class=\"p1\" style=\"text-align: center;\">Productions Coordinator<\/p>\n<p>[\/vc_column_text][\/vc_column_inner][vc_column_inner width=&#8221;1\/3&#8243;][vc_text_separator title=&#8221;DO\u011eU\u015e M\u0130NS\u0130N&#8221; css=&#8221;.vc_custom_1637764551842{margin-top: 0px !important;margin-bottom: 0px !important;padding-top: 0px !important;padding-bottom: 0px !important;}&#8221;][vc_column_text css=&#8221;.vc_custom_1637764565275{margin-top: 5px !important;margin-bottom: 0px !important;padding-top: 0px !important;padding-bottom: 0px !important;}&#8221;]<\/p>\n<div class=\"wpb_text_column wpb_content_element vc_custom_1607329495247\">\n<div class=\"wpb_wrapper\">\n<p class=\"p1\" style=\"text-align: center;\">Video Editing<\/p>\n<\/div>\n<\/div>\n<p>[\/vc_column_text][\/vc_column_inner][vc_column_inner width=&#8221;1\/3&#8243;][vc_text_separator title=&#8221;EL\u0130F G\u00dcRBEY&#8221; css=&#8221;.vc_custom_1637764535217{margin-top: 0px !important;margin-bottom: 0px !important;padding-top: 0px !important;padding-bottom: 0px !important;}&#8221;][vc_column_text css=&#8221;.vc_custom_1666445247080{margin-top: 5px !important;margin-bottom: 0px !important;padding-top: 0px !important;padding-bottom: 0px !important;}&#8221;]<\/p>\n<p class=\"p1\" style=\"text-align: center;\"><span class=\"Y2IQFc\" lang=\"en\">English Translation<\/span><\/p>\n<p>[\/vc_column_text][\/vc_column_inner][\/vc_row_inner][vc_row_inner css=&#8221;.vc_custom_1606568517742{padding-top: 60px !important;padding-bottom: 60px !important;}&#8221; el_class=&#8221;komite-row&#8221;][vc_column_inner width=&#8221;1\/4&#8243;][\/vc_column_inner][vc_column_inner width=&#8221;1\/4&#8243;][vc_single_image image=&#8221;7688&#8243; img_size=&#8221;300&#215;300&#8243; alignment=&#8221;center&#8221; style=&#8221;vc_box_border_circle&#8221; border_color=&#8221;orange&#8221;][vc_text_separator title=&#8221;L\u0130BRA YAPIM &amp; ALTAR ERCAN&#8221; css=&#8221;.vc_custom_1606736051568{margin-top: 0px !important;margin-bottom: 0px !important;padding-top: 0px !important;padding-bottom: 0px !important;}&#8221;][vc_column_text css=&#8221;.vc_custom_1607329581030{margin-top: 5px !important;margin-bottom: 0px !important;padding-top: 0px !important;padding-bottom: 0px !important;}&#8221;]<\/p>\n<p class=\"p1\" style=\"text-align: center;\">Screenings &amp; Subtitles Coordinator<\/p>\n<p>[\/vc_column_text][\/vc_column_inner][vc_column_inner width=&#8221;1\/4&#8243;][vc_single_image image=&#8221;7702&#8243; img_size=&#8221;300&#215;300&#8243; alignment=&#8221;center&#8221; style=&#8221;vc_box_border_circle&#8221; border_color=&#8221;orange&#8221;][vc_text_separator title=&#8221;MAK\u0130N\u0130ST F\u0130LM &amp; OKTAY ARABACI&#8221; css=&#8221;.vc_custom_1606736070892{margin-top: 0px !important;margin-bottom: 0px !important;padding-top: 0px !important;padding-bottom: 0px !important;}&#8221;][vc_column_text css=&#8221;.vc_custom_1607329627492{margin-top: 5px !important;margin-bottom: 0px !important;padding-top: 0px !important;padding-bottom: 0px !important;}&#8221;]<\/p>\n<p class=\"p1\" style=\"text-align: center;\">Online &amp; DCP Haz\u0131rl\u0131k<\/p>\n<p>[\/vc_column_text][\/vc_column_inner][vc_column_inner width=&#8221;1\/4&#8243;][\/vc_column_inner][\/vc_row_inner][vc_row_inner css=&#8221;.vc_custom_1606739173640{padding-top: 60px !important;padding-bottom: 60px !important;}&#8221; el_class=&#8221;komite-row&#8221;][vc_column_inner width=&#8221;1\/3&#8243;][vc_text_separator title=&#8221;ZB MEDYA \u0130LET\u0130\u015e\u0130M&#8221; css=&#8221;.vc_custom_1627652434555{margin-top: 0px !important;margin-bottom: 0px !important;padding-top: 0px !important;padding-bottom: 0px !important;}&#8221;][vc_column_text css=&#8221;.vc_custom_1607329545712{margin-top: 5px !important;margin-bottom: 0px !important;padding-top: 0px !important;padding-bottom: 0px !important;}&#8221;]<\/p>\n<p class=\"p1\" style=\"text-align: center;\">Media &amp; Press Relations<\/p>\n<p>[\/vc_column_text][\/vc_column_inner][vc_column_inner width=&#8221;1\/3&#8243;][vc_text_separator title=&#8221; KANMAZ B\u0130LG\u0130 TEKNOLOJ\u0130LER\u0130&#8221; css=&#8221;.vc_custom_1627652526435{margin-top: 0px !important;margin-bottom: 0px !important;padding-top: 0px !important;padding-bottom: 0px !important;}&#8221;][vc_column_text css=&#8221;.vc_custom_1627652537486{margin-top: 5px !important;margin-bottom: 0px !important;padding-top: 0px !important;padding-bottom: 0px !important;}&#8221;]<\/p>\n<div class=\"wpb_text_column wpb_content_element vc_custom_1606734365024\">\n<div class=\"wpb_wrapper\">\n<p class=\"p1\" style=\"text-align: center;\">Web Design<\/p>\n<\/div>\n<\/div>\n<p>[\/vc_column_text][\/vc_column_inner][vc_column_inner width=&#8221;1\/3&#8243;][vc_text_separator title=&#8221;BUZZA\u011eI SOCIAL MED\u0130A&#8221; css=&#8221;.vc_custom_1627652577372{margin-top: 0px !important;margin-bottom: 0px !important;padding-top: 0px !important;padding-bottom: 0px !important;}&#8221;][vc_column_text css=&#8221;.vc_custom_1627652559923{margin-top: 5px !important;margin-bottom: 0px !important;padding-top: 0px !important;padding-bottom: 0px !important;}&#8221;]<\/p>\n<div class=\"wpb_text_column wpb_content_element vc_custom_1606734365024\">\n<div class=\"wpb_wrapper\">\n<p class=\"p1\" style=\"text-align: center;\">Visual Design<\/p>\n<\/div>\n<\/div>\n<p>[\/vc_column_text][\/vc_column_inner][\/vc_row_inner][vc_row_inner css=&#8221;.vc_custom_1606739166035{padding-top: 60px !important;padding-bottom: 60px !important;}&#8221; el_class=&#8221;komite-row&#8221;][vc_column_inner width=&#8221;1\/3&#8243;][\/vc_column_inner][vc_column_inner width=&#8221;1\/3&#8243;][vc_single_image image=&#8221;7687&#8243; img_size=&#8221;300&#215;300&#8243; alignment=&#8221;center&#8221; style=&#8221;vc_box_border_circle&#8221; border_color=&#8221;orange&#8221;][vc_text_separator title=&#8221;BALKON F\u0130LM&#8221; css=&#8221;.vc_custom_1606734162329{margin-top: 0px !important;margin-bottom: 0px !important;padding-top: 0px !important;padding-bottom: 0px !important;}&#8221;][vc_column_text css=&#8221;.vc_custom_1607329782001{margin-top: 5px !important;margin-bottom: 0px !important;padding-top: 0px !important;padding-bottom: 0px !important;}&#8221;]<\/p>\n<p class=\"p1\" style=\"text-align: center;\">Organized by<\/p>\n<p>[\/vc_column_text][\/vc_column_inner][vc_column_inner width=&#8221;1\/3&#8243;][\/vc_column_inner][\/vc_row_inner][\/vc_column][\/vc_row]<\/p>\n","protected":false},"excerpt":{"rendered":"<p>[vc_row el_id=&#8221;yillar-menu-row&#8221;][vc_column][vc_btn title=&#8221;2024&#8243; color=&#8221;juicy-pink&#8221; size=&#8221;lg&#8221; el_class=&#8221;yillar-menu &#8221; link=&#8221;url:http%3A%2F%2Fdostlukfilmfestivali.com%2Fen%2Ffestival-committee-2024%2F|title:%20||&#8221;][vc_btn title=&#8221;2022&#8243; color=&#8221;juicy-pink&#8221; size=&#8221;lg&#8221; el_class=&#8221;yillar-menu &#8221; link=&#8221;url:https%3A%2F%2Fdostlukfilmfestivali.com%2Fen%2Ffestival-committee-2022%2F|title:%20||&#8221;][vc_btn title=&#8221;2021&#8243; color=&#8221;juicy-pink&#8221; size=&#8221;lg&#8221; el_class=&#8221;yillar-menu secili&#8221; link=&#8221;url:%2Fen%2Ffestival-committee-2021|||&#8221;][vc_btn title=&#8221;2020&#8243; color=&#8221;juicy-pink&#8221; size=&#8221;lg&#8221; el_class=&#8221;yillar-menu&#8221; link=&#8221;url:%2Fen%2Ffestival-committee-2020|||&#8221;][vc_btn title=&#8221;2019&#8243; color=&#8221;juicy-pink&#8221; size=&#8221;lg&#8221; el_class=&#8221;yillar-menu&#8221; link=&#8221;url:http%3A%2F%2Fdostlukfilmfestivali.com%2Fen%2Ffestival-committee-2019%2F|||&#8221;][vc_btn title=&#8221;2018&#8243; color=&#8221;juicy-pink&#8221; size=&#8221;lg&#8221; el_class=&#8221;yillar-menu&#8221; link=&#8221;url:http%3A%2F%2Fdostlukfilmfestivali.com%2Fen%2Ffestival-committee-2018%2F|||&#8221;][vc_text_separator title=&#8221;4. International K\u0131z\u0131lay Amity Short Film Festival&#8221; i_icon_fontawesome=&#8221;fa fa-podcast&#8221; i_color=&#8221;grey&#8221; i_size=&#8221;sm&#8221; add_icon=&#8221;true&#8221; el_class=&#8221;seperator-baslik-pembe&#8221;][\/vc_column][\/vc_row][vc_row][vc_column][vc_custom_heading text=&#8221;Festival Committee&#8221; font_container=&#8221;tag:h2|text_align:center&#8221; google_fonts=&#8221;font_family:Roboto%3A100%2C100italic%2C300%2C300italic%2Cregular%2Citalic%2C500%2C500italic%2C700%2C700italic%2C900%2C900italic|font_style:400%20regular%3A400%3Anormal&#8221;][vc_empty_space height=&#8221;50px&#8221;][vc_row_inner css=&#8221;.vc_custom_1606744465117{padding-top: 60px&#8230;<\/p>\n","protected":false},"author":1,"featured_media":0,"parent":0,"menu_order":0,"comment_status":"closed","ping_status":"closed","template":"page-fullcontent.php","meta":{"footnotes":""},"class_list":["post-8532","page","type-page","status-publish","hentry"],"_links":{"self":[{"href":"http:\/\/dostlukfilmfestivali.com\/en\/wp-json\/wp\/v2\/pages\/8532"}],"collection":[{"href":"http:\/\/dostlukfilmfestivali.com\/en\/wp-json\/wp\/v2\/pages"}],"about":[{"href":"http:\/\/dostlukfilmfestivali.com\/en\/wp-json\/wp\/v2\/types\/page"}],"author":[{"embeddable":true,"href":"http:\/\/dostlukfilmfestivali.com\/en\/wp-json\/wp\/v2\/users\/1"}],"replies":[{"embeddable":true,"href":"http:\/\/dostlukfilmfestivali.com\/en\/wp-json\/wp\/v2\/comments?post=8532"}],"version-history":[{"count":27,"href":"http:\/\/dostlukfilmfestivali.com\/en\/wp-json\/wp\/v2\/pages\/8532\/revisions"}],"predecessor-version":[{"id":11653,"href":"http:\/\/dostlukfilmfestivali.com\/en\/wp-json\/wp\/v2\/pages\/8532\/revisions\/11653"}],"wp:attachment":[{"href":"http:\/\/dostlukfilmfestivali.com\/en\/wp-json\/wp\/v2\/media?parent=8532"}],"curies":[{"name":"wp","href":"https:\/\/api.w.org\/{rel}","templated":true}]}}