{"id":8544,"date":"2021-07-28T15:28:55","date_gmt":"2021-07-28T12:28:55","guid":{"rendered":"https:\/\/dostlukfilmfestivali.com\/dostluk-onur-odulu-2020-2\/"},"modified":"2022-10-22T16:33:01","modified_gmt":"2022-10-22T13:33:01","slug":"amity-honorary-award-2021","status":"publish","type":"page","link":"http:\/\/dostlukfilmfestivali.com\/en\/amity-honorary-award-2021\/","title":{"rendered":"Amity Honorary Award 2021"},"content":{"rendered":"<p>[vc_row el_id=&#8221;yillar-menu-row&#8221;][vc_column][vc_btn title=&#8221;2021&#8243; color=&#8221;juicy-pink&#8221; size=&#8221;lg&#8221; el_class=&#8221;yillar-menu secili&#8221; link=&#8221;url:%2Fen%2Famity-honorary-award-2021|||&#8221;][vc_btn title=&#8221;2020&#8243; color=&#8221;juicy-pink&#8221; size=&#8221;lg&#8221; el_class=&#8221;yillar-menu&#8221; link=&#8221;url:%2Fen%2Famity-honorary-award-2020|||&#8221;][vc_btn title=&#8221;2019&#8243; color=&#8221;juicy-pink&#8221; size=&#8221;lg&#8221; el_class=&#8221;yillar-menu&#8221; link=&#8221;url:http%3A%2F%2Fdostlukfilmfestivali.com%2Fen%2Famity-honorary-award-2019%2F|||&#8221;][vc_btn title=&#8221;2018&#8243; color=&#8221;juicy-pink&#8221; size=&#8221;lg&#8221; el_class=&#8221;yillar-menu&#8221; link=&#8221;url:http%3A%2F%2Fdostlukfilmfestivali.com%2Fen%2Famity-honorary-award-2018%2F|||&#8221;][vc_text_separator title=&#8221;4. International Amity Short Film Festival&#8221; i_icon_fontawesome=&#8221;fa fa-podcast&#8221; i_color=&#8221;grey&#8221; i_size=&#8221;sm&#8221; add_icon=&#8221;true&#8221; el_class=&#8221;seperator-baslik-pembe&#8221;][\/vc_column][\/vc_row][vc_row][vc_column width=&#8221;1\/2&#8243;][vc_empty_space height=&#8221;20px&#8221;][vc_single_image image=&#8221;10142&#8243; img_size=&#8221;400&#215;400&#8243; alignment=&#8221;center&#8221;][vc_column_text]<strong>AN AMBASSADOR OF ELEGANCE: SELDA ALKOR<\/strong><\/p>\n<p>The 1960s are called the \u201cgolden age\u201d for Turkish cinema. On the one hand, the star system, leaning on its audience, was managing Ye\u015fil\u00e7am economically, and on the other hand, it was busy creating stars that would give life to the tales flowing from the curtains of dream castles. The central woman characters in these fairy tales were naive, charming, and impressive, and the boys were handsome and flirtatious. While the Anatolian operators determined the production conditions in Turkish cinema, Ye\u015fil\u00e7am recruited star candidates from the theater or casino stages or the artist competitions held one after the other by cinema magazines such as Y\u0131ld\u0131z, Artist, Perde, and Ses. The contribution of the \u201ccover star\u201d competitions, especially by Ses, to Turkish cinema was an undeniable fact. Selda Alkor is before us today as a gift from Ses magazine to Turkish cinema&#8230;<\/p>\n<p>When the question of who are the female stars of our cinema today, how many names come to mind among the hundreds of actors who have contributed to the cinema throughout the history of Turkish cinema? Do these names come to our minds because we are attracted to them and fascinated by their acting? Or were they etched into our minds as stars because of their on-screen look, stance, or attributes associated with the normality in their private lives? The answer to these questions was, of course, in the audience. Everyone had a star and accepted that star in all aspects&#8230; Here Selda Alkor was one of the star actresses who had these answers in her physique. Coincidence had gotten her into the cover star contest of Ses magazine. Her family didn&#8217;t know. Because of this, she would stop participating and go to the magazine&#8217;s office and ask for her photos back. But it didn&#8217;t take long for her to be convinced to stay, after which she would be selected as the &#8216;cover star&#8217; of 1965.<\/p>\n<p>Selda Alkor made her debut in front of the camera with the adventure movie \u2018Saturday is Yours Sunday is Mine .\u2019 She shared the lead roles with Tanju G\u00fcrsu. She was inexperienced. She didn&#8217;t know how to stand in front of the camera, how to get her light, but she was careful; she was learning. One after the other, movies such as \u2018Before the Ice Thaw,\u2019 \u2018Flower Girl\u2019 and \u2018One Day in a Year\u2019 put her among the stars came and went. When the calendars showed 1966, Selda Alkor broke a record by playing the leading roles in 22 films of all genres in a fast pace of work. Throughout these movies, she assumed the identities of being innocent, submissive to her destiny, not trying to control the flow of events, becoming the subject of being loved rather than loving. Being inexperienced, young, and alone in an unfamiliar environment had both negative and positive effects on her with the sense of courage brought on by loneliness, and she soon became one of the sought-after names of Ye\u015fil\u00e7am. This shows that someone has not determined her success in cinema; on the contrary, she has drawn her path with the courage of being alone.<\/p>\n<p>Selda Alkor\u2019s aloneness may seem like a misfortune next to some stars who have appeared in the most successful films and have relied on the names that can steer the market. But she doesn&#8217;t care at all. Not being supported by someone may not bring her the movies she dreamt of, but it does not prevent her from continuing her path without compromising. Selda Alkor started singing in 1967, taking the stage at the Gar Casino. She trusted her voice. She took singing lessons from Ruhi Su for a while and sang folk songs on stage. She even recorded a 45-track record with songs called \u2018Mr. Poor \/ Tomorrow Will Be A New Day.\u2019 Until 1970, Selda Alkor played the leading roles in films such as \u2018Heartless,\u2019 \u2018Murderers Also Cry,\u2019 \u2018For Children,\u2019 \u2018Day of Execution,\u2019 \u2018Mercy,\u2019 \u2018Ottoman Bully,\u2019 \u2018Plums Blossom,\u2019 \u2018Slander,\u2019 \u2018First and Last,\u2019 \u2018Wound,\u2019 and \u2018Poor Girl Leyla,\u2019 which brought record revenues at the box office. And the same year, she said goodbye to Ye\u015fil\u00e7am\u2014where she struggled alone\u2014with her 62<sup>nd<\/sup> \u00a0movie, \u2018The Song of the Braves.\u2019<\/p>\n<p>After being away from the film sets for 13 years, Selda Alkor appeared again in front of the camera with the television series \u2018Eagles Fly High.\u2019 Years later, Ye\u015fil\u00e7am&#8217;s elegant, innocent, mistreated young girl would fulfill her longing for her audience through television screen by playing an authoritative, motherly, tough but honest woman. Therefore, it was necessary to attribute her success in \u201cQueen Bee\u201d character to Selda Alkor&#8217;s mastery gained from all the experiences she left behind. Selda Alkor won great acclaim with her new \u201cqueen bee\u201d character in another \u00a0TV series, \u2018Asmal\u0131 Konak\u2019 in 2003. Selda Alkor, who later took part in high-rated TV series such as \u2018\u00c7emberimde G\u00fcl Oya\u2019 and \u2018Behind Bars,\u2019 continues her active acting career.<\/p>\n<p>Our applause goes to Selda Alkor&#8230;<\/p>\n<p>&nbsp;<\/p>\n<p>Ali Can Sekme\u00e7<\/p>\n<p>November 15, 2021 Beyo\u011flu<\/p>\n<p>&nbsp;<\/p>\n<p>&nbsp;<\/p>\n<p>[\/vc_column_text][\/vc_column][vc_column width=&#8221;1\/2&#8243;][vc_empty_space height=&#8221;20px&#8221;][vc_single_image image=&#8221;10144&#8243; img_size=&#8221;400&#215;400&#8243; alignment=&#8221;center&#8221;][vc_column_text]<strong>A CINEMA INTELLECTUAL: ENG\u0130N AY\u00c7A<\/strong><\/p>\n<p>There are such directors in Turkish cinema that you cannot describe them all at once by putting them in the known, pre-defined or exemplified patterns of the accepted directorial lines. They are different; they are innovative&#8230; You discover the secrets of creating a movie with them. You unequivocally acknowledge the abilities they offer at 24 frames per second. They are scholarly but unpretentious. Engin Ay\u00e7a is one of those directors. Uncompromisingly displaying the intellectual face, attitude, and sometimes political stance of Turkish cinema throughout his long cinema career\u2014has reached today from the end of the 1960s, Engin Ay\u00e7a has a heart that beats only for cinema despite some disappointments he has experienced&#8230;<\/p>\n<p>After his education at Galatasaray High School, he went to Italy, taking his cinema passion with him. He studied filmmaking at the Instituto Superiore Dell Opinione Publica and Centro Sperimentale Di Cinematografia schools in Rome. When he returned to Turkey, he became one of the few filmmakers educated abroad. The Turkish cinema market of those days could not embrace a young filmmaker who had just returned from Italy because Engin Ay\u00e7a was an idealistic and innovative director candidate. However, Turkish cinema continued to exist as a folk cinema rather than an artistic one, with an increasing number of productions every year. Engin Ay\u00e7a was determined to stay out of this system. In 1969, he directed his first documentary film, &#8220;Bloody Sunday,&#8221; with Ahmet Soner and Kuzgun Acar.<\/p>\n<p>Starting in 1970, Engin Ay\u00e7a worked at Istanbul University Photo Film Center for four years. Then, in 1973, he said: \u201cMaking films is a moral issue: to be honest or dishonest in the face of the truth before the audience, to lie or not to lie, to exhibit, put, show whose side you are on or not.\u201d Thus, he started publishing a cinema magazine called &#8220;Seventh Art&#8221; with Nezih Co\u015f and Atilla Dorsay. He was after examining, identifying, and discussing the dimensions, problems, and function of a forward-looking cinema in Turkey. He tried to put the relationship between society and cinema on the proper ground, developed principles, put forward an inquisitive and intervening stance by purposely inflaming the debates about the meaning of art through the magazine &#8220;Seventh Art,&#8221; published 24 issues between 1973-1975.<\/p>\n<p>Engin Ay\u00e7a&#8217;s path crossed with Y\u0131lmaz G\u00fcney in 1974. Evaluating the offer he received from G\u00fcney, he worked as an assistant director in the movie &#8220;Friend,&#8221; which was shot in the same year. After that, cinematography and magazine publishing began to evolve into directing. The consensus he established with Y\u0131lmaz G\u00fcney would save Turkish cinema if given the opportunity. But he never found this opportunity. Engin Ay\u00e7a, who entered TRT as a director in 1974, looked at Turkish cinema from afar while directing many television documentaries and programs until 1987. Despite everything, he was not able to help his desire to make a movie.<\/p>\n<p>In 1987, he managed to sit in the director&#8217;s chair with the movie \u201cRag Doll;\u201d he also wrote the script. He described the relationship between a woman who lives alone with her little daughter in an Aegean town while waiting for her jailed husband and an artisan who comes into their lives, laying the groundwork for detective events in a plain and straightforward cinematic language as possible. The film won the \u2018second-best film\u2019 and \u2018best script\u2019 awards at the 1st International Ankara Film Festival.<\/p>\n<p>In his second film, &#8220;Was Cold and \u00a0Drizzling,&#8221; which he shot from his script called &#8220;Uti&#8221; in 1990 with famous actors, he told the impossible love of Turkish classical music soloist Leyla and uti Cemal, without giving in to the demands of commercial cinema, and over time transformed other variable elements of the time by using serene, naive and a symbolic way. In particular, he elaborated on the emotional turmoil experienced by the soloist after the death of the uti, pulling people back to the past and recollection.<\/p>\n<p>Engin Ay\u00e7a, who directed a four-part series called &#8216;Water Flies&#8217; in 2000, founded a production company called Yunus Film in 2007 and sat on the director&#8217;s chair for the third time with the movie \u201cSuna,\u201d of which he also wrote the script. In all three of his films, he expressed his troubles without raising his voice or falling into stereotypes by keeping his interpretation and intelligibility hidden in the details and succeeded in creating a natural, plain, and different style and cinematic language.<\/p>\n<p>Engin Ay\u00e7a, who approaches Turkish cinema with an intellectual perspective and presents this to his audience in his films, continues his career with documentary works today.<\/p>\n<p>Our applause goes to Engin Ay\u00e7a i\u00e7in&#8230;<\/p>\n<p>&nbsp;<\/p>\n<p>Ali Can Sekme\u00e7<\/p>\n<p>November 15, 2021 Beyo\u011flu<\/p>\n<p>&nbsp;<\/p>\n<p>&nbsp;<\/p>\n<p>&nbsp;<\/p>\n<p>&nbsp;<\/p>\n<p>&nbsp;<\/p>\n<p>[\/vc_column_text][\/vc_column][\/vc_row]<\/p>\n","protected":false},"excerpt":{"rendered":"<p>[vc_row el_id=&#8221;yillar-menu-row&#8221;][vc_column][vc_btn title=&#8221;2021&#8243; color=&#8221;juicy-pink&#8221; size=&#8221;lg&#8221; el_class=&#8221;yillar-menu secili&#8221; link=&#8221;url:%2Fen%2Famity-honorary-award-2021|||&#8221;][vc_btn title=&#8221;2020&#8243; color=&#8221;juicy-pink&#8221; size=&#8221;lg&#8221; el_class=&#8221;yillar-menu&#8221; link=&#8221;url:%2Fen%2Famity-honorary-award-2020|||&#8221;][vc_btn title=&#8221;2019&#8243; color=&#8221;juicy-pink&#8221; size=&#8221;lg&#8221; el_class=&#8221;yillar-menu&#8221; link=&#8221;url:http%3A%2F%2Fdostlukfilmfestivali.com%2Fen%2Famity-honorary-award-2019%2F|||&#8221;][vc_btn title=&#8221;2018&#8243; color=&#8221;juicy-pink&#8221; size=&#8221;lg&#8221; el_class=&#8221;yillar-menu&#8221; link=&#8221;url:http%3A%2F%2Fdostlukfilmfestivali.com%2Fen%2Famity-honorary-award-2018%2F|||&#8221;][vc_text_separator title=&#8221;4. International Amity Short Film Festival&#8221; i_icon_fontawesome=&#8221;fa fa-podcast&#8221; i_color=&#8221;grey&#8221; i_size=&#8221;sm&#8221; add_icon=&#8221;true&#8221; el_class=&#8221;seperator-baslik-pembe&#8221;][\/vc_column][\/vc_row][vc_row][vc_column width=&#8221;1\/2&#8243;][vc_empty_space height=&#8221;20px&#8221;][vc_single_image image=&#8221;10142&#8243; img_size=&#8221;400&#215;400&#8243; alignment=&#8221;center&#8221;][vc_column_text]AN AMBASSADOR OF ELEGANCE: SELDA ALKOR The 1960s are called the \u201cgolden age\u201d for Turkish cinema&#8230;.<\/p>\n","protected":false},"author":1,"featured_media":0,"parent":0,"menu_order":0,"comment_status":"closed","ping_status":"closed","template":"page-fullcontent.php","meta":{"footnotes":""},"class_list":["post-8544","page","type-page","status-publish","hentry"],"_links":{"self":[{"href":"http:\/\/dostlukfilmfestivali.com\/en\/wp-json\/wp\/v2\/pages\/8544"}],"collection":[{"href":"http:\/\/dostlukfilmfestivali.com\/en\/wp-json\/wp\/v2\/pages"}],"about":[{"href":"http:\/\/dostlukfilmfestivali.com\/en\/wp-json\/wp\/v2\/types\/page"}],"author":[{"embeddable":true,"href":"http:\/\/dostlukfilmfestivali.com\/en\/wp-json\/wp\/v2\/users\/1"}],"replies":[{"embeddable":true,"href":"http:\/\/dostlukfilmfestivali.com\/en\/wp-json\/wp\/v2\/comments?post=8544"}],"version-history":[{"count":9,"href":"http:\/\/dostlukfilmfestivali.com\/en\/wp-json\/wp\/v2\/pages\/8544\/revisions"}],"predecessor-version":[{"id":10758,"href":"http:\/\/dostlukfilmfestivali.com\/en\/wp-json\/wp\/v2\/pages\/8544\/revisions\/10758"}],"wp:attachment":[{"href":"http:\/\/dostlukfilmfestivali.com\/en\/wp-json\/wp\/v2\/media?parent=8544"}],"curies":[{"name":"wp","href":"https:\/\/api.w.org\/{rel}","templated":true}]}}