{"id":8684,"date":"2021-07-30T16:05:54","date_gmt":"2021-07-30T13:05:54","guid":{"rendered":"https:\/\/dostlukfilmfestivali.com\/?page_id=8684"},"modified":"2021-11-19T13:18:03","modified_gmt":"2021-11-19T10:18:03","slug":"festival-directors-statement-2019","status":"publish","type":"page","link":"http:\/\/dostlukfilmfestivali.com\/en\/festival-directors-statement-2019\/","title":{"rendered":"Festival General Art Director&#8217;s Statement 2019"},"content":{"rendered":"<p>[vc_row el_id=&#8221;yillar-menu-row&#8221;][vc_column][vc_btn title=&#8221;2021&#8243; color=&#8221;juicy-pink&#8221; size=&#8221;lg&#8221; el_class=&#8221;yillar-menu&#8221; link=&#8221;url:%2Ffestival-baskanindan-2021|||&#8221;][vc_btn title=&#8221;2020&#8243; color=&#8221;juicy-pink&#8221; size=&#8221;lg&#8221; el_class=&#8221;yillar-menu&#8221; link=&#8221;url:%2Fen%2Ffestival-directors-statement-2020|||&#8221;][vc_btn title=&#8221;2019&#8243; color=&#8221;juicy-pink&#8221; size=&#8221;lg&#8221; el_class=&#8221;yillar-menu secili&#8221; link=&#8221;url:%2Fen%2Ffestival-directors-statement-2019|||&#8221;][vc_btn title=&#8221;2018&#8243; color=&#8221;juicy-pink&#8221; size=&#8221;lg&#8221; el_class=&#8221;yillar-menu&#8221; link=&#8221;url:%2Fen%2Ffestival-directors-statement-2018|||&#8221;][vc_text_separator title=&#8221;II. Uluslararas\u0131 Dostluk K\u0131sa Film Festivali&#8221; i_icon_fontawesome=&#8221;fa fa-podcast&#8221; i_color=&#8221;grey&#8221; i_size=&#8221;sm&#8221; add_icon=&#8221;true&#8221; el_class=&#8221;seperator-baslik-pembe&#8221;][\/vc_column][\/vc_row][vc_row][vc_column][vc_column_text]<\/p>\n<p>[vc_row][vc_column][vc_column_text]<\/p>\n<p>[vc_row][vc_column][vc_column_text]<\/p>\n<p class=\"p1\"><img loading=\"lazy\" decoding=\"async\" class=\"alignleft wp-image-5863 \" style=\"margin-right: 20px;\" src=\"http:\/\/dostlukfilmfestivali.com\/wp-content\/uploads\/2019\/12\/lutfisen3-300x300.jpg\" alt=\"\" width=\"307\" height=\"307\" srcset=\"http:\/\/dostlukfilmfestivali.com\/wp-content\/uploads\/2019\/12\/lutfisen3-300x300.jpg 300w, http:\/\/dostlukfilmfestivali.com\/wp-content\/uploads\/2019\/12\/lutfisen3-150x150.jpg 150w, http:\/\/dostlukfilmfestivali.com\/wp-content\/uploads\/2019\/12\/lutfisen3.jpg 600w\" sizes=\"(max-width: 307px) 100vw, 307px\" \/><\/p>\n<p>&nbsp;<\/p>\n<p>&nbsp;<\/p>\n<p>&nbsp;<\/p>\n<p>&nbsp;<\/p>\n<p>&nbsp;<\/p>\n<p>&nbsp;<\/p>\n<p>&nbsp;<\/p>\n<p>&nbsp;<\/p>\n<p>&nbsp;<\/p>\n<p><span dir=\"ltr\">LET AMIT Y BE THE STAR<\/span><\/p>\n<p><span dir=\"ltr\">In the beginning of the International Amity Short <\/span><span dir=\"ltr\">Film Festival, we set out to remind ourselves and the <\/span><span dir=\"ltr\">world of the concept of friendship that is the soul of <\/span><span dir=\"ltr\">Anatolia. We said, in the words of great master Fethi <\/span><span dir=\"ltr\">Gemuhluo\u011flu, we should be a friend to ourselves, <\/span><span dir=\"ltr\">our geography, our histor y, our neighbors, nature <\/span><span dir=\"ltr\">and all the friendship must be told. We received an <\/span><span dir=\"ltr\">answer to our call from all over our countr y and all <\/span><span dir=\"ltr\">over the world. As we were getting ready to carr y out <\/span><span dir=\"ltr\">the second year of the festival, receiving more than <\/span><span dir=\"ltr\">1500 films from total of 100 countries in two years <\/span><span dir=\"ltr\">filled us with hope, made us happy, and increased <\/span><span dir=\"ltr\">our responsibility. We think that our current goal <\/span><span dir=\"ltr\">should be to work hard in order to spread our festival <\/span><span dir=\"ltr\">activities, film screenings, interviews, workshops <\/span><span dir=\"ltr\">and activities made in the name of art and friendship <\/span><span dir=\"ltr\">throughout the year.<\/span><span dir=\"ltr\">We are in an age in which people\u2019s kindliness toward <\/span><span dir=\"ltr\">one another is diminished and humanity sacrificed <\/span><span dir=\"ltr\">itself with man-made technologies and systems. We <\/span><span dir=\"ltr\">are facing a structure that is reduced to producing <\/span><span dir=\"ltr\">more and consuming more, isolated in crowds, and <\/span><span dir=\"ltr\">alienated to its nature for the sake of survival of the <\/span><span dir=\"ltr\">dominant system. A new type of enslavement is <\/span><span dir=\"ltr\">gaining wide currency, in which crowds are dictated <\/span><span dir=\"ltr\">about what to do based on examined, observed, and <\/span><span dir=\"ltr\">archived information about themselves, in return <\/span><span dir=\"ltr\">they are convinced to believe that they are liberalized. <\/span><span dir=\"ltr\">While a small minority live in extravagance, masses <\/span><span dir=\"ltr\">suffer from hunger. We live in an age, while the <\/span><span dir=\"ltr\">number of those suffer from injustice and oppression <\/span><span dir=\"ltr\">are growing swiftly and oppressors successfully <\/span><span dir=\"ltr\">display a simulation game that they distribute <\/span><span dir=\"ltr\">justice. Climate, nature, and balance is deteriorating. <\/span><span dir=\"ltr\">Unfortunately, the contemporar y ambitions of the <\/span><span dir=\"ltr\">human being are destroying many living things <\/span><span dir=\"ltr\">instead of being friendly to nature. As the festival, we <\/span><span dir=\"ltr\">wish to remind humanity that human beings are also a <\/span><span dir=\"ltr\">living species. <\/span><span dir=\"ltr\">In this age in which we experience the dominancy <\/span><span dir=\"ltr\">of conflict, oppression, alienation, isolation, <\/span><span dir=\"ltr\">deterritorialization, and marginalization; we will <\/span><span dir=\"ltr\">continue to invite the humanity to friendship -which <\/span><span dir=\"ltr\">is the essence of Anatolia- to oneself, to one\u2019s <\/span><span dir=\"ltr\">neighbors, and to all the troubled distant lands. We <\/span><span dir=\"ltr\">remember the histor y of Anatolia that embraced <\/span><span dir=\"ltr\">all differences based on gender, race, religion, and <\/span><span dir=\"ltr\">language and saved many such as Spanish Jews or <\/span><span dir=\"ltr\">White Russians by extending a friendly hand. By doing <\/span><span dir=\"ltr\">so, people who survived by taking refuge in Anatolia <\/span><span dir=\"ltr\">showed the masses as an example. We would like the <\/span><span dir=\"ltr\">entire world to meet in this essence for the sake of <\/span><span dir=\"ltr\">humanity. <\/span><span dir=\"ltr\">For this second year of festival, which we dedicated <\/span><span dir=\"ltr\">to \u00c2\u015f\u0131k Veysel, who established an excellent amity <\/span><span dir=\"ltr\">with the entire humanity through his music and prose, <\/span><span dir=\"ltr\">I would like to thank to all friends who are short film <\/span><span dir=\"ltr\">makers from all over the world that responded to our <\/span><span dir=\"ltr\">call, to the efforts of the festival team that worked <\/span><span dir=\"ltr\">day and night to reach this stunning result. I would <\/span><span dir=\"ltr\">like to express my gratitude to the biggest friend of <\/span><span dir=\"ltr\">the international community, Turkish Red Crescent <\/span><span dir=\"ltr\">and its president Kerem K\u0131n\u0131k, the Mayor of Beyo\u011flu <\/span><span dir=\"ltr\">Mr. Haydar Ali Y\u0131ld\u0131z, the Mayor of Zeytinburnu <\/span><span dir=\"ltr\">Mr. \u00d6mer Ar\u0131soy and all the other institutions and <\/span><span dir=\"ltr\">organizations that support us. A good future can only <\/span><span dir=\"ltr\">be built with friendship. Friendship is a value of the <\/span><span dir=\"ltr\">entire humanity. Let\u2019s watch together these exciting <\/span><span dir=\"ltr\">outcomes that put toward friendship at the festival. <\/span><span dir=\"ltr\">With sincerely hoping to meet friends in front a white <\/span><span dir=\"ltr\">screen..<\/span><\/p>\n<p>&nbsp;<\/p>\n<p style=\"text-align: right;\"><b>Mehmet L\u00fctfi \u015een<\/b><\/p>\n<p>[\/vc_column_text][\/vc_column][\/vc_row]<\/p>\n","protected":false},"excerpt":{"rendered":"<p>[vc_row el_id=&#8221;yillar-menu-row&#8221;][vc_column][vc_btn title=&#8221;2021&#8243; color=&#8221;juicy-pink&#8221; size=&#8221;lg&#8221; el_class=&#8221;yillar-menu&#8221; link=&#8221;url:%2Ffestival-baskanindan-2021|||&#8221;][vc_btn title=&#8221;2020&#8243; color=&#8221;juicy-pink&#8221; size=&#8221;lg&#8221; el_class=&#8221;yillar-menu&#8221; link=&#8221;url:%2Fen%2Ffestival-directors-statement-2020|||&#8221;][vc_btn title=&#8221;2019&#8243; color=&#8221;juicy-pink&#8221; size=&#8221;lg&#8221; el_class=&#8221;yillar-menu secili&#8221; link=&#8221;url:%2Fen%2Ffestival-directors-statement-2019|||&#8221;][vc_btn title=&#8221;2018&#8243; color=&#8221;juicy-pink&#8221; size=&#8221;lg&#8221; el_class=&#8221;yillar-menu&#8221; link=&#8221;url:%2Fen%2Ffestival-directors-statement-2018|||&#8221;][vc_text_separator title=&#8221;II. Uluslararas\u0131 Dostluk K\u0131sa Film Festivali&#8221; i_icon_fontawesome=&#8221;fa fa-podcast&#8221; i_color=&#8221;grey&#8221; i_size=&#8221;sm&#8221; add_icon=&#8221;true&#8221; el_class=&#8221;seperator-baslik-pembe&#8221;][\/vc_column][\/vc_row][vc_row][vc_column][vc_column_text] [vc_row][vc_column][vc_column_text] [vc_row][vc_column][vc_column_text] &nbsp; &nbsp; &nbsp; &nbsp; &nbsp; &nbsp; &nbsp; &nbsp; &nbsp; LET AMIT Y BE THE STAR In the beginning&#8230;<\/p>\n","protected":false},"author":823,"featured_media":0,"parent":0,"menu_order":0,"comment_status":"closed","ping_status":"closed","template":"page-fullcontent.php","meta":{"footnotes":""},"class_list":["post-8684","page","type-page","status-publish","hentry"],"_links":{"self":[{"href":"http:\/\/dostlukfilmfestivali.com\/en\/wp-json\/wp\/v2\/pages\/8684"}],"collection":[{"href":"http:\/\/dostlukfilmfestivali.com\/en\/wp-json\/wp\/v2\/pages"}],"about":[{"href":"http:\/\/dostlukfilmfestivali.com\/en\/wp-json\/wp\/v2\/types\/page"}],"author":[{"embeddable":true,"href":"http:\/\/dostlukfilmfestivali.com\/en\/wp-json\/wp\/v2\/users\/823"}],"replies":[{"embeddable":true,"href":"http:\/\/dostlukfilmfestivali.com\/en\/wp-json\/wp\/v2\/comments?post=8684"}],"version-history":[{"count":7,"href":"http:\/\/dostlukfilmfestivali.com\/en\/wp-json\/wp\/v2\/pages\/8684\/revisions"}],"predecessor-version":[{"id":10070,"href":"http:\/\/dostlukfilmfestivali.com\/en\/wp-json\/wp\/v2\/pages\/8684\/revisions\/10070"}],"wp:attachment":[{"href":"http:\/\/dostlukfilmfestivali.com\/en\/wp-json\/wp\/v2\/media?parent=8684"}],"curies":[{"name":"wp","href":"https:\/\/api.w.org\/{rel}","templated":true}]}}