{"id":9374,"date":"2021-10-07T14:32:51","date_gmt":"2021-10-07T11:32:51","guid":{"rendered":"https:\/\/dostlukfilmfestivali.com\/?page_id=9374"},"modified":"2021-10-29T12:39:06","modified_gmt":"2021-10-29T09:39:06","slug":"atalay-tasdiken","status":"publish","type":"page","link":"http:\/\/dostlukfilmfestivali.com\/en\/atalay-tasdiken\/","title":{"rendered":"Atalay Ta\u015fdiken"},"content":{"rendered":"<p>[vc_row][vc_column][vc_column_text]<img loading=\"lazy\" decoding=\"async\" class=\"alignleft wp-image-9372 size-medium\" src=\"https:\/\/dostlukfilmfestivali.com\/wp-content\/uploads\/2021\/10\/Atalay-Tasdikrn-253x300.jpeg\" alt=\"\" width=\"253\" height=\"300\" srcset=\"http:\/\/dostlukfilmfestivali.com\/wp-content\/uploads\/2021\/10\/Atalay-Tasdikrn-253x300.jpeg 253w, http:\/\/dostlukfilmfestivali.com\/wp-content\/uploads\/2021\/10\/Atalay-Tasdikrn-863x1024.jpeg 863w, http:\/\/dostlukfilmfestivali.com\/wp-content\/uploads\/2021\/10\/Atalay-Tasdikrn-768x911.jpeg 768w, http:\/\/dostlukfilmfestivali.com\/wp-content\/uploads\/2021\/10\/Atalay-Tasdikrn-500x593.jpeg 500w, http:\/\/dostlukfilmfestivali.com\/wp-content\/uploads\/2021\/10\/Atalay-Tasdikrn-800x949.jpeg 800w, http:\/\/dostlukfilmfestivali.com\/wp-content\/uploads\/2021\/10\/Atalay-Tasdikrn.jpeg 1280w\" sizes=\"(max-width: 253px) 100vw, 253px\" \/><\/p>\n<p>&nbsp;<\/p>\n<p><span style=\"font-weight: 400;\">Atalay Ta\u015fdiken was born in 1964, Konya, Beysehir. <\/span><span style=\"font-weight: 400;\">He completed his primary and secondary education in Bey\u015fehir. <\/span><span style=\"font-weight: 400;\">He graduated from Konya Sel\u00e7uk University, Faculty of Education, Department of Physics in 1985.\u00a0 <\/span><span style=\"font-weight: 400;\">He worked in the advertising industry for many years.\u00a0 <\/span><span style=\"font-weight: 400;\">He directed more than three hundred commercials. <\/span><span style=\"font-weight: 400;\">He worked as creative director at almost thirty campaigns. <\/span><span style=\"font-weight: 400;\">He completed his first feature film Mommo in 2009. <\/span><span style=\"font-weight: 400;\">Mommo is the first Turkish film which was selected to 59. Berlin Film Festival Generation section. I<\/span><span style=\"font-weight: 400;\">t is the only Turkish film which was selected to Asia Pacific Screen Awards in 2009.<\/span><\/p>\n<p>&nbsp;<\/p>\n<p>&nbsp;<\/p>\n<p>&nbsp;<\/p>\n<p>&nbsp;<\/p>\n<p><strong>Filmography<\/strong><\/p>\n<p><span style=\"font-weight: 400;\">MOMMO: K\u0131z Karde\u015fim (2009)<\/span><\/p>\n<p><span style=\"font-weight: 400;\">MERYEM (2013)<\/span><\/p>\n<p><span style=\"font-weight: 400;\">ARAMA MOTURU (2015)<\/span><\/p>\n<p><span style=\"font-weight: 400;\">KAR KIRMIZI (2021)<\/span><\/p>\n<p><span style=\"font-weight: 400;\">AH YALAN D\u00dcNYADA NE\u015eET ERTA\u015e BELGESEL\u0130 (2015)<\/span><\/p>\n<p><span style=\"font-weight: 400;\">BIRAKIN \u00c7OCUK OYNASIN \u2013 OSMANLI\u2019DA S\u0130NEMA BELGESEL\u0130 (2018)<\/span><\/p>\n<p><span style=\"font-weight: 400;\">TAR\u0130H\u0130N RUHU TRT2 \u2013 2020-2021<\/span><\/p>\n<p><span style=\"font-weight: 400;\">K\u00dc\u00c7\u00dcK HANIMEFEND\u0130-TV D\u0130Z\u0130S\u0130 (2012)<\/span><\/p>\n<p><span style=\"font-weight: 400;\">B\u00d6YLE B\u0130TMES\u0130N-TV D\u0130Z\u0130S\u0130 (2013-2014)<\/span>[\/vc_column_text][\/vc_column][\/vc_row]<\/p>\n","protected":false},"excerpt":{"rendered":"<p>[vc_row][vc_column][vc_column_text] &nbsp; Atalay Ta\u015fdiken was born in 1964, Konya, Beysehir. He completed his primary and secondary education in Bey\u015fehir. He graduated from Konya Sel\u00e7uk University, Faculty of Education, Department of Physics in 1985.\u00a0 He worked in the advertising industry for many years.\u00a0 He directed more than three hundred commercials. He worked as creative director at&#8230;<\/p>\n","protected":false},"author":1,"featured_media":0,"parent":0,"menu_order":0,"comment_status":"closed","ping_status":"closed","template":"page-fullcontent.php","meta":{"footnotes":""},"class_list":["post-9374","page","type-page","status-publish","hentry"],"_links":{"self":[{"href":"http:\/\/dostlukfilmfestivali.com\/en\/wp-json\/wp\/v2\/pages\/9374"}],"collection":[{"href":"http:\/\/dostlukfilmfestivali.com\/en\/wp-json\/wp\/v2\/pages"}],"about":[{"href":"http:\/\/dostlukfilmfestivali.com\/en\/wp-json\/wp\/v2\/types\/page"}],"author":[{"embeddable":true,"href":"http:\/\/dostlukfilmfestivali.com\/en\/wp-json\/wp\/v2\/users\/1"}],"replies":[{"embeddable":true,"href":"http:\/\/dostlukfilmfestivali.com\/en\/wp-json\/wp\/v2\/comments?post=9374"}],"version-history":[{"count":8,"href":"http:\/\/dostlukfilmfestivali.com\/en\/wp-json\/wp\/v2\/pages\/9374\/revisions"}],"predecessor-version":[{"id":9511,"href":"http:\/\/dostlukfilmfestivali.com\/en\/wp-json\/wp\/v2\/pages\/9374\/revisions\/9511"}],"wp:attachment":[{"href":"http:\/\/dostlukfilmfestivali.com\/en\/wp-json\/wp\/v2\/media?parent=9374"}],"curies":[{"name":"wp","href":"https:\/\/api.w.org\/{rel}","templated":true}]}}