{"id":9398,"date":"2021-10-07T14:56:41","date_gmt":"2021-10-07T11:56:41","guid":{"rendered":"https:\/\/dostlukfilmfestivali.com\/?page_id=9398"},"modified":"2021-10-29T12:40:32","modified_gmt":"2021-10-29T09:40:32","slug":"serdar-orcin","status":"publish","type":"page","link":"http:\/\/dostlukfilmfestivali.com\/en\/serdar-orcin\/","title":{"rendered":"Serdar Or\u00e7in"},"content":{"rendered":"<p>[vc_row][vc_column][vc_column_text]<span style=\"font-weight: 400;\"><img loading=\"lazy\" decoding=\"async\" class=\"alignleft size-medium wp-image-9396\" style=\"margin: 15px;\" src=\"https:\/\/dostlukfilmfestivali.com\/wp-content\/uploads\/2021\/10\/Serdar-Orcin-200x300.jpeg\" alt=\"\" width=\"200\" height=\"300\" srcset=\"http:\/\/dostlukfilmfestivali.com\/wp-content\/uploads\/2021\/10\/Serdar-Orcin-200x300.jpeg 200w, http:\/\/dostlukfilmfestivali.com\/wp-content\/uploads\/2021\/10\/Serdar-Orcin.jpeg 341w\" sizes=\"(max-width: 200px) 100vw, 200px\" \/><\/span><\/p>\n<p>&nbsp;<\/p>\n<p><span style=\"font-weight: 400;\">He started his theatre career at Mehmet Bayaz\u0131d High School. He studied theatre at M\u00fcjdat Gezen Art Center and graduated in 1999. He worked as stage actor in various theatres along the Istanbul City Theatres. Since 2000, he appeared on several movies in new Turkish films era. He was the actor in films which won various awards in Cannes, Montreal, BFI London. He appears in TV series ve films. He is a board member of Actors Union. He won several awards as movie and stage actor from International Adana Golden Ball Film Festival, \u201cBest Actor\u201d for his performance in Silenced Tree; Ankara International Film Festival, \u201cBest Actor\u201d for Long Time Ago; 23. Sadri Al\u0131\u015f\u0131k Cinema and Theatre Awards, \u201cBest Actor\u201d for Debt.<br \/>\n<\/span>[\/vc_column_text][\/vc_column][\/vc_row]<\/p>\n","protected":false},"excerpt":{"rendered":"<p>[vc_row][vc_column][vc_column_text] &nbsp; He started his theatre career at Mehmet Bayaz\u0131d High School. He studied theatre at M\u00fcjdat Gezen Art Center and graduated in 1999. He worked as stage actor in various theatres along the Istanbul City Theatres. Since 2000, he appeared on several movies in new Turkish films era. He was the actor in films&#8230;<\/p>\n","protected":false},"author":1,"featured_media":0,"parent":0,"menu_order":0,"comment_status":"closed","ping_status":"closed","template":"page-fullcontent.php","meta":{"footnotes":""},"class_list":["post-9398","page","type-page","status-publish","hentry"],"_links":{"self":[{"href":"http:\/\/dostlukfilmfestivali.com\/en\/wp-json\/wp\/v2\/pages\/9398"}],"collection":[{"href":"http:\/\/dostlukfilmfestivali.com\/en\/wp-json\/wp\/v2\/pages"}],"about":[{"href":"http:\/\/dostlukfilmfestivali.com\/en\/wp-json\/wp\/v2\/types\/page"}],"author":[{"embeddable":true,"href":"http:\/\/dostlukfilmfestivali.com\/en\/wp-json\/wp\/v2\/users\/1"}],"replies":[{"embeddable":true,"href":"http:\/\/dostlukfilmfestivali.com\/en\/wp-json\/wp\/v2\/comments?post=9398"}],"version-history":[{"count":3,"href":"http:\/\/dostlukfilmfestivali.com\/en\/wp-json\/wp\/v2\/pages\/9398\/revisions"}],"predecessor-version":[{"id":9512,"href":"http:\/\/dostlukfilmfestivali.com\/en\/wp-json\/wp\/v2\/pages\/9398\/revisions\/9512"}],"wp:attachment":[{"href":"http:\/\/dostlukfilmfestivali.com\/en\/wp-json\/wp\/v2\/media?parent=9398"}],"curies":[{"name":"wp","href":"https:\/\/api.w.org\/{rel}","templated":true}]}}