{"id":9572,"date":"2021-11-02T09:46:27","date_gmt":"2021-11-02T06:46:27","guid":{"rendered":"https:\/\/dostlukfilmfestivali.com\/?page_id=9572"},"modified":"2024-08-06T22:08:09","modified_gmt":"2024-08-06T19:08:09","slug":"haci-bektas-veli-2021","status":"publish","type":"page","link":"http:\/\/dostlukfilmfestivali.com\/en\/haci-bektas-veli-2021\/","title":{"rendered":"Haji Bektash Veli"},"content":{"rendered":"<p>[vc_row el_id=&#8221;yillar-menu-row&#8221;][vc_column][vc_btn title=&#8221;2024: Mahmoud Darwish&#8221; color=&#8221;juicy-pink&#8221; size=&#8221;lg&#8221; el_class=&#8221;yillar-menu secili&#8221; link=&#8221;url:https%3A%2F%2Fdostlukfilmfestivali.com%2Fen%2Fnesat-ertas%2F|title:Ne%C5%9Fat%20Erta%C5%9F||&#8221;][vc_btn title=&#8221;2022: Ne\u015fat Erta\u015f&#8221; color=&#8221;juicy-pink&#8221; size=&#8221;lg&#8221; el_class=&#8221;yillar-menu secili&#8221; link=&#8221;url:https%3A%2F%2Fdostlukfilmfestivali.com%2Fen%2Fnesat-ertas%2F|title:Ne%C5%9Fat%20Erta%C5%9F||&#8221;][vc_btn title=&#8221;2021: Haji Bektash Veli&#8221; color=&#8221;juicy-pink&#8221; size=&#8221;lg&#8221; el_class=&#8221;yillar-menu secili&#8221; link=&#8221;url:%2Fen%2Fhaci-bektas-veli-2021|||&#8221;][vc_btn title=&#8221;2020: Yunus Emre&#8221; color=&#8221;juicy-pink&#8221; size=&#8221;lg&#8221; el_class=&#8221;yillar-menu&#8221; link=&#8221;url:%2Fen%2Fyunus-emre|||&#8221;][vc_btn title=&#8221;2019: \u00c2\u015f\u0131k Veysel \u015eat\u0131ro\u011flu&#8221; color=&#8221;juicy-pink&#8221; size=&#8221;lg&#8221; el_class=&#8221;yillar-menu&#8221; link=&#8221;url:%2Fen%2Fasik-veysel-satiroglu|||&#8221;][vc_btn title=&#8221;2018: Fethi Gemuhluo\u011flu&#8221; color=&#8221;juicy-pink&#8221; size=&#8221;lg&#8221; el_class=&#8221;yillar-menu&#8221; link=&#8221;url:%2Fen%2Ffethi-gemuhluoglu|||&#8221;][vc_text_separator title=&#8221;4. International Amity Short Film Festival&#8221; i_icon_fontawesome=&#8221;fa fa-podcast&#8221; i_color=&#8221;grey&#8221; i_size=&#8221;sm&#8221; add_icon=&#8221;true&#8221; el_class=&#8221;seperator-baslik-pembe&#8221;][\/vc_column][\/vc_row][vc_row][vc_column][vc_column_text]Haji Bektash Veli is a historical figure who lived between 1207-1271. Unfortunately, due to the inadequacy of historical sources, the information about Veli&#8217;s family, childhood, and upbringing are as much as we could have obtained from the Velayet-n\u00e2me written after his death. Haji Bektash Veli was born twenty-four years after the marriage of H\u00e2tem (Hatme) Hatun, the daughter of a scholar named Sheikh Ahmed of Ni\u015fabur, with \u0130brahim\u00fc&#8217;s-S\u00e2n\u00ee Seyyid Muhammed, the Sultan of Khorasan. After his father&#8217;s death, Veli did not accept the sultanate and left it to his uncle\u2019s son, Seyyid Hasan. He was indeed born and raised in the city of Nishapur in Khorasan and later came to Anatolia.<\/p>\n<p>Hac\u0131 Bekta\u015f Veli was brought up in a great cultural environment and received a high-level education. His knowledge of Arabic, primary sources, and his influences in Anatolia and beyond clearly show this. When Haji Bektash Veli was four years old, his father sent him to Lokman Perende, one of the caliphs of Ahmed Yesevi, to learn science. Thus, he learns the external and internal sciences. In Velayet-n\u00e2me, it is stated that before he was given the rank of Kutbu&#8217;l-aktab and sent to Anatolia, he spent his time day and night with fasting, prayer, worship, obedience, zuhd, piety, and righteous deeds for forty years. Haji Bektash Veli, who went from Khorasan to Turkestan, was assigned to Rum by his mentor, Ahmed-i Yesev\u00ee. First, he goes to Hajj, and then he goes to Rum (Anatolia). According to the information given by \u00c2\u015f\u0131kpa\u015fa-z\u00e2de, one of the first Ottoman historians, Haji Bektash Veli, left Horasan with his brother Mente\u015f, came to Anatolia, and settled in Suluca Kara\u00f6y\u00fck<\/p>\n<p>Haji Bektash Veli, who has an important place in the Turkish-Islamic world and whose influence has survived today, is a mystic, scholar, and pioneer of the Bektashi path. The &#8216;Mak\u00e2l\u00e2t,&#8217; which is his most voluminous work and includes his treatises on Sufi subjects, &#8216;\u015eerh-i Besmele&#8217; in which he talks about the virtues of basmala, &#8216;Fatiha Tafsiri&#8217; in which he explains and interprets Surah Fatiha word for word, &#8216;Sathiyye,&#8217; &#8216;Mak\u00e2l\u00e2t-\u0131 Gaybiyye&#8217; and Kelim\u00e2t-\u0131 Ayniyye is known as Kit\u00e2bu&#8217;l-Fev\u00e2id.<\/p>\n<p>The date of Haji Bektash Veli\u2019s death is accepted as 1271. It is recorded that after Haji Bektash came to Kayseri with his brother Mente\u015f and after Mente\u015f martyred, Haji Bektash came to Kara\u00f6y\u00fck from Kayseri and his grave is there. His grave is in the Haji Bektash district, which is within the borders of today&#8217;s Nev\u015fehir province.<\/p>\n<p>2021 was declared the &#8216;Year of Haji Bektash Veli&#8217; with the circular issued by President Recep Tayyip Erdogan in Turkey, while Veli was also included in the &#8216;UNESCO 2021 Commemoration and Celebration Program&#8217; all over the world on the occasion of the 750th anniversary of his death.<\/p>\n<p>&nbsp;<\/p>\n<p><i>*This biography was abbreviated from <\/i>Haji Bektash <i>Veli article written by Assoc. Dr. It is Hamiye Duran for Ahmet Yesevi University Turkish Literature Names Dictionary. The entire biography can be read at the link <a href=\"http:\/\/teis.yesevi.edu.tr\/madde-detay\/haci-bektas-veli\">teis.yesevi.edu.tr\/material-detail\/haci-bektas-veli<\/a><\/i><\/p>\n<p>&nbsp;<\/p>\n<p>[\/vc_column_text][\/vc_column][vc_column][\/vc_column][\/vc_row]<\/p>\n","protected":false},"excerpt":{"rendered":"<p>[vc_row el_id=&#8221;yillar-menu-row&#8221;][vc_column][vc_btn title=&#8221;2024: Mahmoud Darwish&#8221; color=&#8221;juicy-pink&#8221; size=&#8221;lg&#8221; el_class=&#8221;yillar-menu secili&#8221; link=&#8221;url:https%3A%2F%2Fdostlukfilmfestivali.com%2Fen%2Fnesat-ertas%2F|title:Ne%C5%9Fat%20Erta%C5%9F||&#8221;][vc_btn title=&#8221;2022: Ne\u015fat Erta\u015f&#8221; color=&#8221;juicy-pink&#8221; size=&#8221;lg&#8221; el_class=&#8221;yillar-menu secili&#8221; link=&#8221;url:https%3A%2F%2Fdostlukfilmfestivali.com%2Fen%2Fnesat-ertas%2F|title:Ne%C5%9Fat%20Erta%C5%9F||&#8221;][vc_btn title=&#8221;2021: Haji Bektash Veli&#8221; color=&#8221;juicy-pink&#8221; size=&#8221;lg&#8221; el_class=&#8221;yillar-menu secili&#8221; link=&#8221;url:%2Fen%2Fhaci-bektas-veli-2021|||&#8221;][vc_btn title=&#8221;2020: Yunus Emre&#8221; color=&#8221;juicy-pink&#8221; size=&#8221;lg&#8221; el_class=&#8221;yillar-menu&#8221; link=&#8221;url:%2Fen%2Fyunus-emre|||&#8221;][vc_btn title=&#8221;2019: \u00c2\u015f\u0131k Veysel \u015eat\u0131ro\u011flu&#8221; color=&#8221;juicy-pink&#8221; size=&#8221;lg&#8221; el_class=&#8221;yillar-menu&#8221; link=&#8221;url:%2Fen%2Fasik-veysel-satiroglu|||&#8221;][vc_btn title=&#8221;2018: Fethi Gemuhluo\u011flu&#8221; color=&#8221;juicy-pink&#8221; size=&#8221;lg&#8221; el_class=&#8221;yillar-menu&#8221; link=&#8221;url:%2Fen%2Ffethi-gemuhluoglu|||&#8221;][vc_text_separator title=&#8221;4. International Amity Short Film Festival&#8221;&#8230;<\/p>\n","protected":false},"author":1,"featured_media":0,"parent":0,"menu_order":0,"comment_status":"closed","ping_status":"closed","template":"page-fullcontent.php","meta":{"footnotes":""},"class_list":["post-9572","page","type-page","status-publish","hentry"],"_links":{"self":[{"href":"http:\/\/dostlukfilmfestivali.com\/en\/wp-json\/wp\/v2\/pages\/9572"}],"collection":[{"href":"http:\/\/dostlukfilmfestivali.com\/en\/wp-json\/wp\/v2\/pages"}],"about":[{"href":"http:\/\/dostlukfilmfestivali.com\/en\/wp-json\/wp\/v2\/types\/page"}],"author":[{"embeddable":true,"href":"http:\/\/dostlukfilmfestivali.com\/en\/wp-json\/wp\/v2\/users\/1"}],"replies":[{"embeddable":true,"href":"http:\/\/dostlukfilmfestivali.com\/en\/wp-json\/wp\/v2\/comments?post=9572"}],"version-history":[{"count":11,"href":"http:\/\/dostlukfilmfestivali.com\/en\/wp-json\/wp\/v2\/pages\/9572\/revisions"}],"predecessor-version":[{"id":11761,"href":"http:\/\/dostlukfilmfestivali.com\/en\/wp-json\/wp\/v2\/pages\/9572\/revisions\/11761"}],"wp:attachment":[{"href":"http:\/\/dostlukfilmfestivali.com\/en\/wp-json\/wp\/v2\/media?parent=9572"}],"curies":[{"name":"wp","href":"https:\/\/api.w.org\/{rel}","templated":true}]}}